{"id":25295,"date":"2023-05-30T04:09:34","date_gmt":"2023-05-30T04:09:34","guid":{"rendered":"https:\/\/naranjal.gob.ec\/site\/?page_id=25295"},"modified":"2024-02-28T11:57:07","modified_gmt":"2024-02-28T16:57:07","slug":"historia-del-nombre","status":"publish","type":"page","link":"https:\/\/naranjal.gob.ec\/site\/historia-del-nombre\/","title":{"rendered":"Historia del Nombre"},"content":{"rendered":"\t\t<div data-elementor-type=\"wp-page\" data-elementor-id=\"25295\" class=\"elementor elementor-25295\">\n\t\t\t\t\t\t<section class=\"elementor-section elementor-top-section elementor-element elementor-element-2cda39e elementor-section-full_width elementor-section-stretched elementor-section-height-default elementor-section-height-default\" data-id=\"2cda39e\" data-element_type=\"section\" data-settings=\"{&quot;background_background&quot;:&quot;classic&quot;,&quot;stretch_section&quot;:&quot;section-stretched&quot;}\">\n\t\t\t\t\t\t\t<div class=\"elementor-background-overlay\"><\/div>\n\t\t\t\t\t\t\t<div class=\"elementor-container elementor-column-gap-no\">\n\t\t\t\t\t<div class=\"elementor-column elementor-col-100 elementor-top-column elementor-element elementor-element-fdb30f3\" data-id=\"fdb30f3\" data-element_type=\"column\">\n\t\t\t<div class=\"elementor-widget-wrap elementor-element-populated\">\n\t\t\t\t\t\t<div class=\"elementor-element elementor-element-4a5a4b3 elementor-widget elementor-widget-heading\" data-id=\"4a5a4b3\" data-element_type=\"widget\" data-widget_type=\"heading.default\">\n\t\t\t\t<div class=\"elementor-widget-container\">\n\t\t\t<h1 class=\"elementor-heading-title elementor-size-default\">Historia del nombre<\/h1>\t\t<\/div>\n\t\t\t\t<\/div>\n\t\t\t\t\t<\/div>\n\t\t<\/div>\n\t\t\t\t\t<\/div>\n\t\t<\/section>\n\t\t\t\t<section class=\"elementor-section elementor-top-section elementor-element elementor-element-7d371b0 elementor-section-boxed elementor-section-height-default elementor-section-height-default\" data-id=\"7d371b0\" data-element_type=\"section\">\n\t\t\t\t\t\t<div class=\"elementor-container elementor-column-gap-default\">\n\t\t\t\t\t<div class=\"elementor-column elementor-col-100 elementor-top-column elementor-element elementor-element-812512a\" data-id=\"812512a\" data-element_type=\"column\">\n\t\t\t<div class=\"elementor-widget-wrap elementor-element-populated\">\n\t\t\t\t\t\t<div class=\"elementor-element elementor-element-70f91c8 elementor-widget elementor-widget-shortcode\" data-id=\"70f91c8\" data-element_type=\"widget\" data-widget_type=\"shortcode.default\">\n\t\t\t\t<div class=\"elementor-widget-container\">\n\t\t\t\t\t<div class=\"elementor-shortcode\"><button id=\"listenButton1\" class=\"responsivevoice-button\" type=\"button\" value=\"Play\" title=\"ResponsiveVoice Tap to Start\/Stop Speech\"><span>&#128266; Escuchar la entrada<\/span><\/button>\n        <script>\n            listenButton1.onclick = function(){\n                if(responsiveVoice.isPlaying()){\n                    responsiveVoice.cancel();\n                }else{\n                    responsiveVoice.speak(\"Historia del nombre Todo inicia, mucho antes del a\u00f1o de 1555, cuando accidentalmente un gale\u00f3n espa\u00f1ol perdi\u00f3 su tim\u00f3n y naveg\u00f3 sin rumbo hasta encallarse en la desembocadura del r\u00edo Chacayacu, una vez que vieron imposible recuperar el gale\u00f3n, sus tripulantes tomaron los escasos v\u00edveres que a\u00fan quedaban y ayudados por unos balseros tumbesinos, caminaron tierra adentro por las orillas del r\u00edo hasta llegar al pueblo \u201cChacayacu\u201d (hoy ciudad de Naranjal), quienes a cambio de bisuter\u00edas personales como espejos, cristales, porcelanas; y, unas cuantas naranjas disecadas, que guardaban en sus bodegas, para evitar enfermar con el mortal s\u00edndrome del escorbuto por falta de vitamina C, los condujeron por el antiguo camino del Inca hasta la ciudad de Cuenca.Para aquel entonces estas tierras naranjale\u00f1as ya hab\u00edan sido fundadas por los espa\u00f1oles con el nombre de \u201cSan Jacinto de Chacayacu\u201d. N\u00e1ufragos ib\u00e9ricos que a\u00f1os m\u00e1s tarde regresaron, descubrieron que los nativos hab\u00edan sembrado los primeros \u00e1rboles de naranja, sorprendidos ante la exuberante producci\u00f3n y fertilidad de estas tierras decidieron colonizar este primitivo lugar; entre los espa\u00f1oles colonizadores, podemos rescatar a Don Robledo Alvarado de Aro, quien en 1557 fue nombrado por la Real Audiencia de Quito, como alcalde mayor de Naranjal. Es por ello que desde el Virreinato de Lima, ya se le conoc\u00eda a este sector colindante entre la cabecera cantonal y toda la parroquia Santa Rosa de Flandes, hasta el Golfo de Guayaquil, como El Naranjal. Sin embargo, los colonos espa\u00f1oles de esa \u00e9poca conoc\u00edan al pueblo de El Naranjal, como la alcald\u00eda del Naranjal y posteriormente lo nombraron San Jos\u00e9 de Naranjal, en honor al gale\u00f3n de cuyo naufragio salieron las naranjas que dieron origen al nombre de nuestro cant\u00f3n.\u00a0\u00abComo testimonio de estos sucesos hist\u00f3ricos, que terminaron dando el nombre a Naranjal; hace varios a\u00f1os un ciudadano de la isla Mondrag\u00f3n, donde se dio el naufragio del gale\u00f3n San Jos\u00e9, denunci\u00f3 el descubrimiento de los restos del mismo; de donde se rescataron dos \u00e1nforas de cer\u00e1mica espa\u00f1ola, un coso de contrapeso o lastre del Gale\u00f3n y una espada de la \u00e9poca de la conquista, los mismos que reposan en el museo municipal del cant\u00f3n Naranjal\u201d.\", \"Spanish Latin American Male\");\n                }\n            };\n        <\/script>\n    <\/div>\n\t\t\t\t<\/div>\n\t\t\t\t<\/div>\n\t\t\t\t<div class=\"elementor-element elementor-element-36063e7 elementor-widget-divider--view-line elementor-widget elementor-widget-divider\" data-id=\"36063e7\" data-element_type=\"widget\" data-widget_type=\"divider.default\">\n\t\t\t\t<div class=\"elementor-widget-container\">\n\t\t\t\t\t<div class=\"elementor-divider\">\n\t\t\t<span class=\"elementor-divider-separator\">\n\t\t\t\t\t\t<\/span>\n\t\t<\/div>\n\t\t\t\t<\/div>\n\t\t\t\t<\/div>\n\t\t\t\t<div class=\"elementor-element elementor-element-ed682d3 elementor-widget elementor-widget-text-editor\" data-id=\"ed682d3\" data-element_type=\"widget\" data-widget_type=\"text-editor.default\">\n\t\t\t\t<div class=\"elementor-widget-container\">\n\t\t\t\t\t\t\t<p class=\"MsoNormal\" style=\"margin-bottom: 11.25pt; text-align: justify; line-height: normal; background-image: initial; background-position: initial; background-size: initial; background-repeat: initial; background-attachment: initial; background-origin: initial; background-clip: initial;\"><span style=\"font-size: 12.0pt; font-family: Poppins; mso-fareast-font-family: 'Times New Roman'; color: #383838; mso-fareast-language: ES-EC;\">Todo inicia, mucho antes del a\u00f1o de 1555, cuando accidentalmente un gale\u00f3n espa\u00f1ol perdi\u00f3 su tim\u00f3n y naveg\u00f3 sin rumbo hasta encallarse en la desembocadura del r\u00edo Chacayacu, una vez que vieron imposible recuperar el gale\u00f3n, sus tripulantes tomaron los escasos v\u00edveres que a\u00fan quedaban y ayudados por unos balseros tumbesinos, caminaron tierra adentro por las orillas del r\u00edo hasta llegar al pueblo \u201cChacayacu\u201d (hoy ciudad de Naranjal), quienes a cambio de bisuter\u00edas personales como espejos, cristales, porcelanas; y, unas cuantas naranjas disecadas, que guardaban en sus bodegas, para evitar enfermar con el mortal s\u00edndrome del escorbuto por falta de vitamina C, los condujeron por el antiguo camino del Inca hasta la ciudad de Cuenca.<\/span><\/p><p class=\"MsoNormal\" style=\"margin-bottom: 11.25pt; text-align: justify; line-height: normal; background-image: initial; background-position: initial; background-size: initial; background-repeat: initial; background-attachment: initial; background-origin: initial; background-clip: initial;\"><span style=\"font-size: 12.0pt; font-family: Poppins; mso-fareast-font-family: 'Times New Roman'; color: #383838; mso-fareast-language: ES-EC;\">Para aquel entonces estas tierras naranjale\u00f1as ya hab\u00edan sido fundadas por los espa\u00f1oles con el nombre de \u201cSan Jacinto de Chacayacu\u201d. N\u00e1ufragos ib\u00e9ricos que a\u00f1os m\u00e1s tarde regresaron, descubrieron que los nativos hab\u00edan sembrado los primeros \u00e1rboles de naranja, sorprendidos ante la exuberante producci\u00f3n y fertilidad de estas tierras decidieron colonizar este primitivo lugar; entre los espa\u00f1oles colonizadores, podemos rescatar a Don Robledo Alvarado de Aro, quien en 1557 fue nombrado por la Real Audiencia de Quito, como alcalde mayor de Naranjal. Es por ello que desde el Virreinato de Lima, ya se le conoc\u00eda a este sector colindante entre la cabecera cantonal y toda la parroquia Santa Rosa de Flandes, hasta el Golfo de Guayaquil, como El Naranjal. Sin embargo, los colonos espa\u00f1oles de esa \u00e9poca conoc\u00edan al pueblo de El Naranjal, como la alcald\u00eda del Naranjal y posteriormente lo nombraron San Jos\u00e9 de Naranjal, en honor al gale\u00f3n de cuyo naufragio salieron las naranjas que dieron origen al nombre de nuestro cant\u00f3n.<\/span><\/p><p>\u00a0<\/p><p class=\"MsoNormal\" style=\"margin-bottom: 11.25pt; text-align: justify; line-height: normal; background-image: initial; background-position: initial; background-size: initial; background-repeat: initial; background-attachment: initial; background-origin: initial; background-clip: initial;\"><span lang=\"ES-TRAD\" style=\"font-size: 12.0pt; font-family: Poppins; mso-fareast-font-family: 'Times New Roman'; color: #383838; mso-ansi-language: ES-TRAD; mso-fareast-language: ES-EC;\">\u00abComo testimonio de estos sucesos hist\u00f3ricos, que terminaron dando el nombre a Naranjal; hace varios a\u00f1os un ciudadano de la isla Mondrag\u00f3n, donde se dio el naufragio del gale\u00f3n San Jos\u00e9, denunci\u00f3 el descubrimiento de los restos del mismo; de donde se rescataron dos \u00e1nforas de cer\u00e1mica espa\u00f1ola, un coso de contrapeso o lastre del Gale\u00f3n y una espada de la \u00e9poca de la conquista, los mismos que reposan en el museo municipal del cant\u00f3n Naranjal\u201d.<\/span><\/p>\t\t\t\t\t\t<\/div>\n\t\t\t\t<\/div>\n\t\t\t\t\t<\/div>\n\t\t<\/div>\n\t\t\t\t\t<\/div>\n\t\t<\/section>\n\t\t\t\t<section class=\"elementor-section elementor-top-section elementor-element elementor-element-5d8a1a8 elementor-section-boxed elementor-section-height-default elementor-section-height-default\" data-id=\"5d8a1a8\" data-element_type=\"section\">\n\t\t\t\t\t\t<div class=\"elementor-container elementor-column-gap-default\">\n\t\t\t\t\t<div class=\"elementor-column elementor-col-50 elementor-top-column elementor-element elementor-element-54541e6\" data-id=\"54541e6\" data-element_type=\"column\">\n\t\t\t<div class=\"elementor-widget-wrap elementor-element-populated\">\n\t\t\t\t\t\t<div class=\"elementor-element elementor-element-9b61fa6 elementor-widget elementor-widget-image\" data-id=\"9b61fa6\" data-element_type=\"widget\" data-widget_type=\"image.default\">\n\t\t\t\t<div class=\"elementor-widget-container\">\n\t\t\t\t\t\t\t\t\t\t\t\t\t<img fetchpriority=\"high\" decoding=\"async\" width=\"787\" height=\"562\" src=\"https:\/\/naranjal.gob.ec\/site\/wp-content\/uploads\/2023\/05\/Naranjal.jpg\" class=\"attachment-large size-large wp-image-92\" alt=\"\" srcset=\"https:\/\/naranjal.gob.ec\/site\/wp-content\/uploads\/2023\/05\/Naranjal.jpg 787w, https:\/\/naranjal.gob.ec\/site\/wp-content\/uploads\/2023\/05\/Naranjal-600x428.jpg 600w, https:\/\/naranjal.gob.ec\/site\/wp-content\/uploads\/2023\/05\/Naranjal-300x214.jpg 300w, https:\/\/naranjal.gob.ec\/site\/wp-content\/uploads\/2023\/05\/Naranjal-768x548.jpg 768w\" sizes=\"(max-width: 787px) 100vw, 787px\" \/>\t\t\t\t\t\t\t\t\t\t\t\t\t<\/div>\n\t\t\t\t<\/div>\n\t\t\t\t\t<\/div>\n\t\t<\/div>\n\t\t\t\t<div class=\"elementor-column elementor-col-50 elementor-top-column elementor-element elementor-element-7834cf9\" data-id=\"7834cf9\" data-element_type=\"column\">\n\t\t\t<div class=\"elementor-widget-wrap elementor-element-populated\">\n\t\t\t\t\t\t<div class=\"elementor-element elementor-element-f83e64c elementor-widget elementor-widget-image\" data-id=\"f83e64c\" data-element_type=\"widget\" data-widget_type=\"image.default\">\n\t\t\t\t<div class=\"elementor-widget-container\">\n\t\t\t\t\t\t\t\t\t\t\t\t\t<img decoding=\"async\" width=\"959\" height=\"593\" src=\"https:\/\/naranjal.gob.ec\/site\/wp-content\/uploads\/2023\/05\/10171010_1420998314823716_1085268914_n.jpg\" class=\"attachment-large size-large wp-image-96\" alt=\"\" srcset=\"https:\/\/naranjal.gob.ec\/site\/wp-content\/uploads\/2023\/05\/10171010_1420998314823716_1085268914_n.jpg 959w, https:\/\/naranjal.gob.ec\/site\/wp-content\/uploads\/2023\/05\/10171010_1420998314823716_1085268914_n-600x371.jpg 600w, https:\/\/naranjal.gob.ec\/site\/wp-content\/uploads\/2023\/05\/10171010_1420998314823716_1085268914_n-300x186.jpg 300w, https:\/\/naranjal.gob.ec\/site\/wp-content\/uploads\/2023\/05\/10171010_1420998314823716_1085268914_n-768x475.jpg 768w\" sizes=\"(max-width: 959px) 100vw, 959px\" \/>\t\t\t\t\t\t\t\t\t\t\t\t\t<\/div>\n\t\t\t\t<\/div>\n\t\t\t\t\t<\/div>\n\t\t<\/div>\n\t\t\t\t\t<\/div>\n\t\t<\/section>\n\t\t\t\t<\/div>\n\t\t","protected":false},"excerpt":{"rendered":"<p>Historia del nombre Todo inicia, mucho antes del a\u00f1o de 1555, cuando accidentalmente un gale\u00f3n espa\u00f1ol perdi\u00f3 su tim\u00f3n y naveg\u00f3 sin rumbo hasta encallarse en la desembocadura del r\u00edo Chacayacu, una vez que vieron imposible recuperar el gale\u00f3n, sus tripulantes tomaron los escasos v\u00edveres que a\u00fan quedaban y ayudados por unos balseros tumbesinos, caminaron [&hellip;]<\/p>\n","protected":false},"author":1,"featured_media":0,"parent":0,"menu_order":0,"comment_status":"closed","ping_status":"closed","template":"","meta":{"_eb_attr":"","_uag_custom_page_level_css":"","_joinchat":[],"footnotes":""},"class_list":["post-25295","page","type-page","status-publish","hentry"],"uagb_featured_image_src":{"full":false,"thumbnail":false,"medium":false,"medium_large":false,"large":false,"1536x1536":false,"2048x2048":false,"htmega_size_585x295":false,"htmega_size_1170x536":false,"htmega_size_396x360":false,"widget":false,"square":false,"featured":false,"featured_large":false,"extra_large":false,"portfolio":false,"portfolio_small":false,"gallery":false,"magazine":false,"masonry":false,"entry_with_sidebar":false,"entry_without_sidebar":false},"uagb_author_info":{"display_name":"naranjal","author_link":"https:\/\/naranjal.gob.ec\/site\/author\/naranjal\/"},"uagb_comment_info":0,"uagb_excerpt":"Historia del nombre Todo inicia, mucho antes del a\u00f1o de 1555, cuando accidentalmente un gale\u00f3n espa\u00f1ol perdi\u00f3 su tim\u00f3n y naveg\u00f3 sin rumbo hasta encallarse en la desembocadura del r\u00edo Chacayacu, una vez que vieron imposible recuperar el gale\u00f3n, sus tripulantes tomaron los escasos v\u00edveres que a\u00fan quedaban y ayudados por unos balseros tumbesinos, caminaron&hellip;","_links":{"self":[{"href":"https:\/\/naranjal.gob.ec\/site\/wp-json\/wp\/v2\/pages\/25295","targetHints":{"allow":["GET"]}}],"collection":[{"href":"https:\/\/naranjal.gob.ec\/site\/wp-json\/wp\/v2\/pages"}],"about":[{"href":"https:\/\/naranjal.gob.ec\/site\/wp-json\/wp\/v2\/types\/page"}],"author":[{"embeddable":true,"href":"https:\/\/naranjal.gob.ec\/site\/wp-json\/wp\/v2\/users\/1"}],"replies":[{"embeddable":true,"href":"https:\/\/naranjal.gob.ec\/site\/wp-json\/wp\/v2\/comments?post=25295"}],"version-history":[{"count":10,"href":"https:\/\/naranjal.gob.ec\/site\/wp-json\/wp\/v2\/pages\/25295\/revisions"}],"predecessor-version":[{"id":28996,"href":"https:\/\/naranjal.gob.ec\/site\/wp-json\/wp\/v2\/pages\/25295\/revisions\/28996"}],"wp:attachment":[{"href":"https:\/\/naranjal.gob.ec\/site\/wp-json\/wp\/v2\/media?parent=25295"}],"curies":[{"name":"wp","href":"https:\/\/api.w.org\/{rel}","templated":true}]}}