{"id":25298,"date":"2023-05-30T04:09:35","date_gmt":"2023-05-30T04:09:35","guid":{"rendered":"https:\/\/naranjal.gob.ec\/site\/?page_id=25298"},"modified":"2024-02-28T12:02:50","modified_gmt":"2024-02-28T17:02:50","slug":"simbolos-patrios","status":"publish","type":"page","link":"https:\/\/naranjal.gob.ec\/site\/simbolos-patrios\/","title":{"rendered":"S\u00edmbolos Patrios"},"content":{"rendered":"\t\t<div data-elementor-type=\"wp-page\" data-elementor-id=\"25298\" class=\"elementor elementor-25298\">\n\t\t\t\t\t\t<section class=\"elementor-section elementor-top-section elementor-element elementor-element-064529e elementor-section-full_width elementor-section-stretched elementor-section-height-default elementor-section-height-default\" data-id=\"064529e\" data-element_type=\"section\" data-settings=\"{&quot;background_background&quot;:&quot;classic&quot;,&quot;stretch_section&quot;:&quot;section-stretched&quot;}\">\n\t\t\t\t\t\t\t<div class=\"elementor-background-overlay\"><\/div>\n\t\t\t\t\t\t\t<div class=\"elementor-container elementor-column-gap-no\">\n\t\t\t\t\t<div class=\"elementor-column elementor-col-100 elementor-top-column elementor-element elementor-element-b5641ef\" data-id=\"b5641ef\" data-element_type=\"column\">\n\t\t\t<div class=\"elementor-widget-wrap elementor-element-populated\">\n\t\t\t\t\t\t<div class=\"elementor-element elementor-element-6c5233b elementor-widget elementor-widget-heading\" data-id=\"6c5233b\" data-element_type=\"widget\" data-widget_type=\"heading.default\">\n\t\t\t\t<div class=\"elementor-widget-container\">\n\t\t\t<h1 class=\"elementor-heading-title elementor-size-default\">Simbolos<br>Patrios<\/h1>\t\t<\/div>\n\t\t\t\t<\/div>\n\t\t\t\t\t<\/div>\n\t\t<\/div>\n\t\t\t\t\t<\/div>\n\t\t<\/section>\n\t\t\t\t<section class=\"elementor-section elementor-top-section elementor-element elementor-element-5576e50 elementor-section-boxed elementor-section-height-default elementor-section-height-default\" data-id=\"5576e50\" data-element_type=\"section\">\n\t\t\t\t\t\t<div class=\"elementor-container elementor-column-gap-default\">\n\t\t\t\t\t<div class=\"elementor-column elementor-col-100 elementor-top-column elementor-element elementor-element-2b8bc87\" data-id=\"2b8bc87\" data-element_type=\"column\">\n\t\t\t<div class=\"elementor-widget-wrap elementor-element-populated\">\n\t\t\t\t\t\t<div class=\"elementor-element elementor-element-ba701db elementor-widget elementor-widget-shortcode\" data-id=\"ba701db\" data-element_type=\"widget\" data-widget_type=\"shortcode.default\">\n\t\t\t\t<div class=\"elementor-widget-container\">\n\t\t\t\t\t<div class=\"elementor-shortcode\"><button id=\"listenButton1\" class=\"responsivevoice-button\" type=\"button\" value=\"Play\" title=\"ResponsiveVoice Tap to Start\/Stop Speech\"><span>&#128266; Escuchar la entrada<\/span><\/button>\n        <script>\n            listenButton1.onclick = function(){\n                if(responsiveVoice.isPlaying()){\n                    responsiveVoice.cancel();\n                }else{\n                    responsiveVoice.speak(\"SimbolosPatrios ESCUDO BANDERA Himno de Naranjal\u00a0COROSalve pueblo valiente y honradoque al trabajo dedicas tu af\u00e1n,Un futuro de luces de gloriase adivina en tu senda inicialLos Clarines del Triunfo resuenansaludando tu fecha nataly los ecos gozosos repiten\u00a1Salve Salve! Cant\u00f3n Naranjal!IEntre el Guayas y el Andes majestuosos,como oasis de paz en la llanura,Hay un pueblo de hombres laboriososy mujeres de c\u00e1ndida hermosura.IIEs Naranjal, la tierra codiciadapor sus riquezas, su comercio honradosus sabanas de yerba aljofaradadonde apacible pastorea el ganado.IIIAll\u00ed la tierra pr\u00f3diga y fecundase entrega plena ante la f\u00e9rrea mano,y de su entra\u00f1a la ra\u00edz profundadevuelve en frutos el esfuerzo humano.IVEs de ver los inmensos cacaotalesque al sol reflejan sus mazorcas de oroy m\u00e1s all\u00e1 los grandes bananalesque al viento agitan su pend\u00f3n sonoro.VTus hijos te guiar\u00e1n al escondidocamino del Progreso y del HonorHasta lograr de ti, Cant\u00f3n floridoQue seas orgullo y prez del Ecuador.Letra: Sr. Ren\u00e9 Meneses Campos\u00a0M\u00fasica: Prof. Rub\u00e9n Mosquera (Universidad de Cuenca)\", \"Spanish Latin American Male\");\n                }\n            };\n        <\/script>\n    <\/div>\n\t\t\t\t<\/div>\n\t\t\t\t<\/div>\n\t\t\t\t\t<\/div>\n\t\t<\/div>\n\t\t\t\t\t<\/div>\n\t\t<\/section>\n\t\t\t\t<section class=\"elementor-section elementor-top-section elementor-element elementor-element-7cf7274 elementor-section-height-full elementor-section-boxed elementor-section-height-default elementor-section-items-middle\" data-id=\"7cf7274\" data-element_type=\"section\">\n\t\t\t\t\t\t<div class=\"elementor-container elementor-column-gap-default\">\n\t\t\t\t\t<div class=\"elementor-column elementor-col-50 elementor-top-column elementor-element elementor-element-d7e3af4\" data-id=\"d7e3af4\" data-element_type=\"column\">\n\t\t\t<div class=\"elementor-widget-wrap elementor-element-populated\">\n\t\t\t\t\t\t<div class=\"elementor-element elementor-element-5b95f26 elementor-widget elementor-widget-heading\" data-id=\"5b95f26\" data-element_type=\"widget\" data-widget_type=\"heading.default\">\n\t\t\t\t<div class=\"elementor-widget-container\">\n\t\t\t<h2 class=\"elementor-heading-title elementor-size-default\">ESCUDO<\/h2>\t\t<\/div>\n\t\t\t\t<\/div>\n\t\t\t\t<div class=\"elementor-element elementor-element-1f7ca89 elementor-widget elementor-widget-image\" data-id=\"1f7ca89\" data-element_type=\"widget\" data-widget_type=\"image.default\">\n\t\t\t\t<div class=\"elementor-widget-container\">\n\t\t\t\t\t\t\t\t\t\t\t\t\t<img fetchpriority=\"high\" decoding=\"async\" width=\"319\" height=\"375\" src=\"https:\/\/naranjal.gob.ec\/site\/wp-content\/uploads\/2023\/07\/Escudo_de_Naranjal.png\" class=\"attachment-magazine size-magazine wp-image-26862\" alt=\"\" srcset=\"https:\/\/naranjal.gob.ec\/site\/wp-content\/uploads\/2023\/07\/Escudo_de_Naranjal.png 1742w, https:\/\/naranjal.gob.ec\/site\/wp-content\/uploads\/2023\/07\/Escudo_de_Naranjal-255x300.png 255w, https:\/\/naranjal.gob.ec\/site\/wp-content\/uploads\/2023\/07\/Escudo_de_Naranjal-871x1024.png 871w, https:\/\/naranjal.gob.ec\/site\/wp-content\/uploads\/2023\/07\/Escudo_de_Naranjal-768x903.png 768w, https:\/\/naranjal.gob.ec\/site\/wp-content\/uploads\/2023\/07\/Escudo_de_Naranjal-1307x1536.png 1307w, https:\/\/naranjal.gob.ec\/site\/wp-content\/uploads\/2023\/07\/Escudo_de_Naranjal-600x705.png 600w\" sizes=\"(max-width: 319px) 100vw, 319px\" \/>\t\t\t\t\t\t\t\t\t\t\t\t\t<\/div>\n\t\t\t\t<\/div>\n\t\t\t\t\t<\/div>\n\t\t<\/div>\n\t\t\t\t<div class=\"elementor-column elementor-col-50 elementor-top-column elementor-element elementor-element-0711b5a\" data-id=\"0711b5a\" data-element_type=\"column\">\n\t\t\t<div class=\"elementor-widget-wrap elementor-element-populated\">\n\t\t\t\t\t\t<div class=\"elementor-element elementor-element-c8bd47e elementor-widget elementor-widget-heading\" data-id=\"c8bd47e\" data-element_type=\"widget\" data-widget_type=\"heading.default\">\n\t\t\t\t<div class=\"elementor-widget-container\">\n\t\t\t<h2 class=\"elementor-heading-title elementor-size-default\">BANDERA<\/h2>\t\t<\/div>\n\t\t\t\t<\/div>\n\t\t\t\t<div class=\"elementor-element elementor-element-1a44947 elementor-widget elementor-widget-image\" data-id=\"1a44947\" data-element_type=\"widget\" data-widget_type=\"image.default\">\n\t\t\t\t<div class=\"elementor-widget-container\">\n\t\t\t\t\t\t\t\t\t\t\t\t\t<img decoding=\"async\" width=\"562\" height=\"375\" src=\"https:\/\/naranjal.gob.ec\/site\/wp-content\/uploads\/2023\/07\/2560px-Flag_of_Naranjal.svg_.png\" class=\"attachment-magazine size-magazine wp-image-26863\" alt=\"\" srcset=\"https:\/\/naranjal.gob.ec\/site\/wp-content\/uploads\/2023\/07\/2560px-Flag_of_Naranjal.svg_.png 2560w, https:\/\/naranjal.gob.ec\/site\/wp-content\/uploads\/2023\/07\/2560px-Flag_of_Naranjal.svg_-300x200.png 300w, https:\/\/naranjal.gob.ec\/site\/wp-content\/uploads\/2023\/07\/2560px-Flag_of_Naranjal.svg_-1024x683.png 1024w, https:\/\/naranjal.gob.ec\/site\/wp-content\/uploads\/2023\/07\/2560px-Flag_of_Naranjal.svg_-768x512.png 768w, https:\/\/naranjal.gob.ec\/site\/wp-content\/uploads\/2023\/07\/2560px-Flag_of_Naranjal.svg_-1536x1024.png 1536w, https:\/\/naranjal.gob.ec\/site\/wp-content\/uploads\/2023\/07\/2560px-Flag_of_Naranjal.svg_-2048x1366.png 2048w, https:\/\/naranjal.gob.ec\/site\/wp-content\/uploads\/2023\/07\/2560px-Flag_of_Naranjal.svg_-600x400.png 600w\" sizes=\"(max-width: 562px) 100vw, 562px\" \/>\t\t\t\t\t\t\t\t\t\t\t\t\t<\/div>\n\t\t\t\t<\/div>\n\t\t\t\t\t<\/div>\n\t\t<\/div>\n\t\t\t\t\t<\/div>\n\t\t<\/section>\n\t\t\t\t<section class=\"elementor-section elementor-top-section elementor-element elementor-element-f5cdeff elementor-section-boxed elementor-section-height-default elementor-section-height-default\" data-id=\"f5cdeff\" data-element_type=\"section\">\n\t\t\t\t\t\t<div class=\"elementor-container elementor-column-gap-default\">\n\t\t\t\t\t<div class=\"elementor-column elementor-col-100 elementor-top-column elementor-element elementor-element-318c2cd\" data-id=\"318c2cd\" data-element_type=\"column\">\n\t\t\t<div class=\"elementor-widget-wrap elementor-element-populated\">\n\t\t\t\t\t\t<div class=\"elementor-element elementor-element-1ff8a95 elementor-widget elementor-widget-text-editor\" data-id=\"1ff8a95\" data-element_type=\"widget\" data-widget_type=\"text-editor.default\">\n\t\t\t\t<div class=\"elementor-widget-container\">\n\t\t\t\t\t\t\t<h1 class=\"m-0\" style=\"text-align: center;\">Himno de Naranjal<\/h1><p>\u00a0<\/p><p style=\"text-align: center;\"><strong>CORO<\/strong><\/p><p style=\"text-align: center;\">Salve pueblo valiente y honrado<br \/>que al trabajo dedicas tu af\u00e1n,<br \/>Un futuro de luces de gloria<br \/>se adivina en tu senda inicial<br \/>Los Clarines del Triunfo resuenan<br \/>saludando tu fecha natal<br \/>y los ecos gozosos repiten<br \/>\u00a1Salve Salve! Cant\u00f3n Naranjal!<\/p><p style=\"text-align: center;\"><strong>I<\/strong><\/p><p style=\"text-align: center;\">Entre el Guayas y el Andes majestuosos,<br \/>como oasis de paz en la llanura,<br \/>Hay un pueblo de hombres laboriosos<br \/>y mujeres de c\u00e1ndida hermosura.<\/p><p style=\"text-align: center;\"><strong>II<\/strong><\/p><p style=\"text-align: center;\">Es Naranjal, la tierra codiciada<br \/>por sus riquezas, su comercio honrado<br \/>sus sabanas de yerba aljofarada<br \/>donde apacible pastorea el ganado.<\/p><p style=\"text-align: center;\"><strong>III<\/strong><\/p><p style=\"text-align: center;\">All\u00ed la tierra pr\u00f3diga y fecunda<br \/>se entrega plena ante la f\u00e9rrea mano,<br \/>y de su entra\u00f1a la ra\u00edz profunda<br \/>devuelve en frutos el esfuerzo humano.<\/p><p style=\"text-align: center;\"><strong>IV<\/strong><\/p><p style=\"text-align: center;\">Es de ver los inmensos cacaotales<br \/>que al sol reflejan sus mazorcas de oro<br \/>y m\u00e1s all\u00e1 los grandes bananales<br \/>que al viento agitan su pend\u00f3n sonoro.<\/p><p style=\"text-align: center;\"><strong>V<\/strong><br \/>Tus hijos te guiar\u00e1n al escondido<br \/>camino del Progreso y del Honor<br \/>Hasta lograr de ti, Cant\u00f3n florido<br \/>Que seas orgullo y prez del Ecuador.<\/p><p style=\"text-align: center;\"><strong>Letra<\/strong>: Sr. Ren\u00e9 Meneses Campos\u00a0<br \/><strong>M\u00fasica<\/strong>: Prof. Rub\u00e9n Mosquera (Universidad de Cuenca)<\/p>\t\t\t\t\t\t<\/div>\n\t\t\t\t<\/div>\n\t\t\t\t\t<\/div>\n\t\t<\/div>\n\t\t\t\t\t<\/div>\n\t\t<\/section>\n\t\t\t\t<\/div>\n\t\t","protected":false},"excerpt":{"rendered":"<p>SimbolosPatrios ESCUDO BANDERA Himno de Naranjal \u00a0 CORO Salve pueblo valiente y honradoque al trabajo dedicas tu af\u00e1n,Un futuro de luces de gloriase adivina en tu senda inicialLos Clarines del Triunfo resuenansaludando tu fecha nataly los ecos gozosos repiten\u00a1Salve Salve! Cant\u00f3n Naranjal! I Entre el Guayas y el Andes majestuosos,como oasis de paz en la [&hellip;]<\/p>\n","protected":false},"author":1,"featured_media":0,"parent":0,"menu_order":0,"comment_status":"closed","ping_status":"closed","template":"","meta":{"_eb_attr":"","_uag_custom_page_level_css":"","_joinchat":[],"footnotes":""},"class_list":["post-25298","page","type-page","status-publish","hentry"],"uagb_featured_image_src":{"full":false,"thumbnail":false,"medium":false,"medium_large":false,"large":false,"1536x1536":false,"2048x2048":false,"htmega_size_585x295":false,"htmega_size_1170x536":false,"htmega_size_396x360":false,"widget":false,"square":false,"featured":false,"featured_large":false,"extra_large":false,"portfolio":false,"portfolio_small":false,"gallery":false,"magazine":false,"masonry":false,"entry_with_sidebar":false,"entry_without_sidebar":false},"uagb_author_info":{"display_name":"naranjal","author_link":"https:\/\/naranjal.gob.ec\/site\/author\/naranjal\/"},"uagb_comment_info":0,"uagb_excerpt":"SimbolosPatrios ESCUDO BANDERA Himno de Naranjal \u00a0 CORO Salve pueblo valiente y honradoque al trabajo dedicas tu af\u00e1n,Un futuro de luces de gloriase adivina en tu senda inicialLos Clarines del Triunfo resuenansaludando tu fecha nataly los ecos gozosos repiten\u00a1Salve Salve! Cant\u00f3n Naranjal! I Entre el Guayas y el Andes majestuosos,como oasis de paz en la&hellip;","_links":{"self":[{"href":"https:\/\/naranjal.gob.ec\/site\/wp-json\/wp\/v2\/pages\/25298","targetHints":{"allow":["GET"]}}],"collection":[{"href":"https:\/\/naranjal.gob.ec\/site\/wp-json\/wp\/v2\/pages"}],"about":[{"href":"https:\/\/naranjal.gob.ec\/site\/wp-json\/wp\/v2\/types\/page"}],"author":[{"embeddable":true,"href":"https:\/\/naranjal.gob.ec\/site\/wp-json\/wp\/v2\/users\/1"}],"replies":[{"embeddable":true,"href":"https:\/\/naranjal.gob.ec\/site\/wp-json\/wp\/v2\/comments?post=25298"}],"version-history":[{"count":16,"href":"https:\/\/naranjal.gob.ec\/site\/wp-json\/wp\/v2\/pages\/25298\/revisions"}],"predecessor-version":[{"id":29002,"href":"https:\/\/naranjal.gob.ec\/site\/wp-json\/wp\/v2\/pages\/25298\/revisions\/29002"}],"wp:attachment":[{"href":"https:\/\/naranjal.gob.ec\/site\/wp-json\/wp\/v2\/media?parent=25298"}],"curies":[{"name":"wp","href":"https:\/\/api.w.org\/{rel}","templated":true}]}}