{"id":25338,"date":"2023-05-30T04:19:08","date_gmt":"2023-05-30T04:19:08","guid":{"rendered":"https:\/\/naranjal.gob.ec\/site\/?page_id=25338"},"modified":"2024-02-28T11:47:59","modified_gmt":"2024-02-28T16:47:59","slug":"resoluciones-de-enajenacion","status":"publish","type":"page","link":"https:\/\/naranjal.gob.ec\/site\/resoluciones-de-enajenacion\/","title":{"rendered":"Resoluciones de Enajenaci\u00f3n"},"content":{"rendered":"\t\t<div data-elementor-type=\"wp-page\" data-elementor-id=\"25338\" class=\"elementor elementor-25338\">\n\t\t\t\t\t\t<section class=\"elementor-section elementor-top-section elementor-element elementor-element-d473aad elementor-section-full_width elementor-section-stretched elementor-section-height-default elementor-section-height-default\" data-id=\"d473aad\" data-element_type=\"section\" data-settings=\"{&quot;background_background&quot;:&quot;classic&quot;,&quot;stretch_section&quot;:&quot;section-stretched&quot;}\">\n\t\t\t\t\t\t\t<div class=\"elementor-background-overlay\"><\/div>\n\t\t\t\t\t\t\t<div class=\"elementor-container elementor-column-gap-no\">\n\t\t\t\t\t<div class=\"elementor-column elementor-col-100 elementor-top-column elementor-element elementor-element-b13566f\" data-id=\"b13566f\" data-element_type=\"column\">\n\t\t\t<div class=\"elementor-widget-wrap elementor-element-populated\">\n\t\t\t\t\t\t\t<\/div>\n\t\t<\/div>\n\t\t\t\t\t<\/div>\n\t\t<\/section>\n\t\t\t\t<section class=\"elementor-section elementor-top-section elementor-element elementor-element-8497250 elementor-section-boxed elementor-section-height-default elementor-section-height-default\" data-id=\"8497250\" data-element_type=\"section\">\n\t\t\t\t\t\t<div class=\"elementor-container elementor-column-gap-default\">\n\t\t\t\t\t<div class=\"elementor-column elementor-col-100 elementor-top-column elementor-element elementor-element-b12a328\" data-id=\"b12a328\" data-element_type=\"column\">\n\t\t\t<div class=\"elementor-widget-wrap elementor-element-populated\">\n\t\t\t\t\t\t<div class=\"elementor-element elementor-element-e40532f elementor-widget elementor-widget-spacer\" data-id=\"e40532f\" data-element_type=\"widget\" data-widget_type=\"spacer.default\">\n\t\t\t\t<div class=\"elementor-widget-container\">\n\t\t\t\t\t<div class=\"elementor-spacer\">\n\t\t\t<div class=\"elementor-spacer-inner\"><\/div>\n\t\t<\/div>\n\t\t\t\t<\/div>\n\t\t\t\t<\/div>\n\t\t\t\t<div class=\"elementor-element elementor-element-c3cfbbe elementor-widget elementor-widget-shortcode\" data-id=\"c3cfbbe\" data-element_type=\"widget\" data-widget_type=\"shortcode.default\">\n\t\t\t\t<div class=\"elementor-widget-container\">\n\t\t\t\t\t<div class=\"elementor-shortcode\"><button id=\"listenButton1\" class=\"responsivevoice-button\" type=\"button\" value=\"Play\" title=\"ResponsiveVoice Tap to Start\/Stop Speech\"><span>&#128266; Escuchar la entrada<\/span><\/button>\n        <script>\n            listenButton1.onclick = function(){\n                if(responsiveVoice.isPlaying()){\n                    responsiveVoice.cancel();\n                }else{\n                    responsiveVoice.speak(\"Resoluci\u00f3n a favor de los c\u00f3nyuges Sra. Ligia Angelita Espejo Prado y Sr. Julio Vicente Alvear GalarzaDescargar Resoluci\u00f3n a favor del Sr. Gustavo Filem\u00f3n Andrade BenitezDescargar Resoluci\u00f3n a favor del Sr. Hector Ger\u00f3nimo Ch\u00f3ez CabreraDescargar Resoluciones de conformaci\u00f3n del comit\u00e9 de trasnparencia municipalDescargar\", \"Spanish Latin American Male\");\n                }\n            };\n        <\/script>\n    <\/div>\n\t\t\t\t<\/div>\n\t\t\t\t<\/div>\n\t\t\t\t<div class=\"elementor-element elementor-element-b21bfbf elementor-widget elementor-widget-spacer\" data-id=\"b21bfbf\" data-element_type=\"widget\" data-widget_type=\"spacer.default\">\n\t\t\t\t<div class=\"elementor-widget-container\">\n\t\t\t\t\t<div class=\"elementor-spacer\">\n\t\t\t<div class=\"elementor-spacer-inner\"><\/div>\n\t\t<\/div>\n\t\t\t\t<\/div>\n\t\t\t\t<\/div>\n\t\t\t\t\t<\/div>\n\t\t<\/div>\n\t\t\t\t\t<\/div>\n\t\t<\/section>\n\t\t\t\t<section class=\"elementor-section elementor-top-section elementor-element elementor-element-0e8dd15 elementor-section-boxed elementor-section-height-default elementor-section-height-default\" data-id=\"0e8dd15\" data-element_type=\"section\">\n\t\t\t\t\t\t<div class=\"elementor-container elementor-column-gap-default\">\n\t\t\t\t\t<div class=\"elementor-column elementor-col-100 elementor-top-column elementor-element elementor-element-41a99b1\" data-id=\"41a99b1\" data-element_type=\"column\">\n\t\t\t<div class=\"elementor-widget-wrap elementor-element-populated\">\n\t\t\t\t\t\t<div class=\"elementor-element elementor-element-496b959 elementor-widget elementor-widget-eael-adv-accordion\" data-id=\"496b959\" data-element_type=\"widget\" data-widget_type=\"eael-adv-accordion.default\">\n\t\t\t\t<div class=\"elementor-widget-container\">\n\t\t\t        <div class=\"eael-adv-accordion\" id=\"eael-adv-accordion-496b959\" data-scroll-on-click=\"no\" data-scroll-speed=\"300\" data-accordion-id=\"496b959\" data-accordion-type=\"accordion\" data-toogle-speed=\"300\">\n    <div class=\"eael-accordion-list\">\n                <div id=\"-resolucin-a-favor-de-los-cnyuges-sra-ligia-angelita-espejo-prado-y-sr-julio-vicente-alvear-galarza\" class=\"elementor-tab-title eael-accordion-header\" tabindex=\"0\" data-tab=\"1\" aria-controls=\"elementor-tab-content-7691\"><span class=\"eael-advanced-accordion-icon-closed\"><i aria-hidden=\"true\" class=\"fa-accordion-icon fas fa-plus\"><\/i><\/span><span class=\"eael-advanced-accordion-icon-opened\"><i aria-hidden=\"true\" class=\"fa-accordion-icon fas fa-minus\"><\/i><\/span><span class=\"eael-accordion-tab-title\"> Resoluci\u00f3n a favor de los c\u00f3nyuges Sra. Ligia Angelita Espejo Prado y Sr. Julio Vicente Alvear Galarza<\/span><i aria-hidden=\"true\" class=\"fa-toggle fas fa-angle-right\"><\/i><\/div><div id=\"elementor-tab-content-7691\" class=\"eael-accordion-content clearfix\" data-tab=\"1\" aria-labelledby=\"-resolucin-a-favor-de-los-cnyuges-sra-ligia-angelita-espejo-prado-y-sr-julio-vicente-alvear-galarza\"><p><a href=\"https:\/\/naranjal.gob.ec\/sitio\/wp-content\/uploads\/2022\/resoluciones\/resolucion72.pdf\" target=\"_blank\" rel=\"noopener\">Descargar<\/a><\/p><\/div>\n                <\/div><div class=\"eael-accordion-list\">\n                <div id=\"-resolucin-a-favor-del-sr-gustavo-filemn-andrade-benitez\" class=\"elementor-tab-title eael-accordion-header\" tabindex=\"0\" data-tab=\"2\" aria-controls=\"elementor-tab-content-7692\"><span class=\"eael-advanced-accordion-icon-closed\"><i aria-hidden=\"true\" class=\"fa-accordion-icon fas fa-plus\"><\/i><\/span><span class=\"eael-advanced-accordion-icon-opened\"><i aria-hidden=\"true\" class=\"fa-accordion-icon fas fa-minus\"><\/i><\/span><span class=\"eael-accordion-tab-title\"> Resoluci\u00f3n a favor del Sr. Gustavo Filem\u00f3n Andrade Benitez<\/span><i aria-hidden=\"true\" class=\"fa-toggle fas fa-angle-right\"><\/i><\/div><div id=\"elementor-tab-content-7692\" class=\"eael-accordion-content clearfix\" data-tab=\"2\" aria-labelledby=\"-resolucin-a-favor-del-sr-gustavo-filemn-andrade-benitez\"><p><a href=\"https:\/\/naranjal.gob.ec\/sitio\/wp-content\/uploads\/2022\/resoluciones\/resolucion88.pdf\" target=\"_blank\" rel=\"noopener\">Descargar<\/a><\/p><\/div>\n                <\/div><div class=\"eael-accordion-list\">\n                <div id=\"-resolucin-a-favor-del-sr-hector-gernimo-chez-cabrera\" class=\"elementor-tab-title eael-accordion-header\" tabindex=\"0\" data-tab=\"3\" aria-controls=\"elementor-tab-content-7693\"><span class=\"eael-advanced-accordion-icon-closed\"><i aria-hidden=\"true\" class=\"fa-accordion-icon fas fa-plus\"><\/i><\/span><span class=\"eael-advanced-accordion-icon-opened\"><i aria-hidden=\"true\" class=\"fa-accordion-icon fas fa-minus\"><\/i><\/span><span class=\"eael-accordion-tab-title\"> Resoluci\u00f3n a favor del Sr. Hector Ger\u00f3nimo Ch\u00f3ez Cabrera<\/span><i aria-hidden=\"true\" class=\"fa-toggle fas fa-angle-right\"><\/i><\/div><div id=\"elementor-tab-content-7693\" class=\"eael-accordion-content clearfix\" data-tab=\"3\" aria-labelledby=\"-resolucin-a-favor-del-sr-hector-gernimo-chez-cabrera\"><p><a href=\"https:\/\/naranjal.gob.ec\/sitio\/wp-content\/uploads\/2022\/resoluciones\/resolucion103.pdf\" target=\"_blank\" rel=\"noopener\">Descargar<\/a><\/p><\/div>\n                <\/div><div class=\"eael-accordion-list\">\n                <div id=\"resoluciones-de-conformacin-del-comit-de-trasnparencia-municipal\" class=\"elementor-tab-title eael-accordion-header\" tabindex=\"0\" data-tab=\"4\" aria-controls=\"elementor-tab-content-7694\"><span class=\"eael-advanced-accordion-icon-closed\"><i aria-hidden=\"true\" class=\"fa-accordion-icon fas fa-plus\"><\/i><\/span><span class=\"eael-advanced-accordion-icon-opened\"><i aria-hidden=\"true\" class=\"fa-accordion-icon fas fa-minus\"><\/i><\/span><span class=\"eael-accordion-tab-title\">Resoluciones de conformaci\u00f3n del comit\u00e9 de trasnparencia municipal<\/span><i aria-hidden=\"true\" class=\"fa-toggle fas fa-angle-right\"><\/i><\/div><div id=\"elementor-tab-content-7694\" class=\"eael-accordion-content clearfix\" data-tab=\"4\" aria-labelledby=\"resoluciones-de-conformacin-del-comit-de-trasnparencia-municipal\"><p><a href=\"https:\/\/drive.google.com\/file\/d\/1XMjFAHn9OjTdGcqLVsnMO9nB7MNR-D_Z\/view?usp=drivesdk\" target=\"_blank\" rel=\"noopener\" class=\"broken_link\">Descargar<\/a><\/p><\/div>\n                <\/div><\/div>\t\t<\/div>\n\t\t\t\t<\/div>\n\t\t\t\t\t<\/div>\n\t\t<\/div>\n\t\t\t\t\t<\/div>\n\t\t<\/section>\n\t\t\t\t<\/div>\n\t\t","protected":false},"excerpt":{"rendered":"<p>Resoluci\u00f3n a favor de los c\u00f3nyuges Sra. Ligia Angelita Espejo Prado y Sr. Julio Vicente Alvear Galarza Descargar Resoluci\u00f3n a favor del Sr. Gustavo Filem\u00f3n Andrade Benitez Descargar Resoluci\u00f3n a favor del Sr. Hector Ger\u00f3nimo Ch\u00f3ez Cabrera Descargar Resoluciones de conformaci\u00f3n del comit\u00e9 de trasnparencia municipal Descargar<\/p>\n","protected":false},"author":1,"featured_media":0,"parent":0,"menu_order":0,"comment_status":"closed","ping_status":"closed","template":"","meta":{"_eb_attr":"","_uag_custom_page_level_css":"","_joinchat":[],"footnotes":""},"class_list":["post-25338","page","type-page","status-publish","hentry"],"uagb_featured_image_src":{"full":false,"thumbnail":false,"medium":false,"medium_large":false,"large":false,"1536x1536":false,"2048x2048":false,"htmega_size_585x295":false,"htmega_size_1170x536":false,"htmega_size_396x360":false,"widget":false,"square":false,"featured":false,"featured_large":false,"extra_large":false,"portfolio":false,"portfolio_small":false,"gallery":false,"magazine":false,"masonry":false,"entry_with_sidebar":false,"entry_without_sidebar":false},"uagb_author_info":{"display_name":"naranjal","author_link":"https:\/\/naranjal.gob.ec\/site\/author\/naranjal\/"},"uagb_comment_info":0,"uagb_excerpt":"Resoluci\u00f3n a favor de los c\u00f3nyuges Sra. Ligia Angelita Espejo Prado y Sr. Julio Vicente Alvear Galarza Descargar Resoluci\u00f3n a favor del Sr. Gustavo Filem\u00f3n Andrade Benitez Descargar Resoluci\u00f3n a favor del Sr. Hector Ger\u00f3nimo Ch\u00f3ez Cabrera Descargar Resoluciones de conformaci\u00f3n del comit\u00e9 de trasnparencia municipal Descargar","_links":{"self":[{"href":"https:\/\/naranjal.gob.ec\/site\/wp-json\/wp\/v2\/pages\/25338","targetHints":{"allow":["GET"]}}],"collection":[{"href":"https:\/\/naranjal.gob.ec\/site\/wp-json\/wp\/v2\/pages"}],"about":[{"href":"https:\/\/naranjal.gob.ec\/site\/wp-json\/wp\/v2\/types\/page"}],"author":[{"embeddable":true,"href":"https:\/\/naranjal.gob.ec\/site\/wp-json\/wp\/v2\/users\/1"}],"replies":[{"embeddable":true,"href":"https:\/\/naranjal.gob.ec\/site\/wp-json\/wp\/v2\/comments?post=25338"}],"version-history":[{"count":64,"href":"https:\/\/naranjal.gob.ec\/site\/wp-json\/wp\/v2\/pages\/25338\/revisions"}],"predecessor-version":[{"id":28981,"href":"https:\/\/naranjal.gob.ec\/site\/wp-json\/wp\/v2\/pages\/25338\/revisions\/28981"}],"wp:attachment":[{"href":"https:\/\/naranjal.gob.ec\/site\/wp-json\/wp\/v2\/media?parent=25338"}],"curies":[{"name":"wp","href":"https:\/\/api.w.org\/{rel}","templated":true}]}}