{"id":25340,"date":"2023-05-30T04:19:08","date_gmt":"2023-05-30T04:19:08","guid":{"rendered":"https:\/\/naranjal.gob.ec\/site\/?page_id=25340"},"modified":"2024-02-28T11:50:53","modified_gmt":"2024-02-28T16:50:53","slug":"informacion-territorial","status":"publish","type":"page","link":"https:\/\/naranjal.gob.ec\/site\/informacion-territorial\/","title":{"rendered":"Informaci\u00f3n Territorial"},"content":{"rendered":"\t\t<div data-elementor-type=\"wp-page\" data-elementor-id=\"25340\" class=\"elementor elementor-25340\">\n\t\t\t\t\t\t<section class=\"elementor-section elementor-top-section elementor-element elementor-element-a69ca0b elementor-section-boxed elementor-section-height-default elementor-section-height-default\" data-id=\"a69ca0b\" data-element_type=\"section\" data-settings=\"{&quot;background_background&quot;:&quot;classic&quot;}\">\n\t\t\t\t\t\t\t<div class=\"elementor-background-overlay\"><\/div>\n\t\t\t\t\t\t\t<div class=\"elementor-container elementor-column-gap-no\">\n\t\t\t\t\t<div class=\"elementor-column elementor-col-100 elementor-top-column elementor-element elementor-element-7a67c0e\" data-id=\"7a67c0e\" data-element_type=\"column\">\n\t\t\t<div class=\"elementor-widget-wrap elementor-element-populated\">\n\t\t\t\t\t\t<div class=\"elementor-element elementor-element-e9abe86 elementor-widget elementor-widget-heading\" data-id=\"e9abe86\" data-element_type=\"widget\" data-widget_type=\"heading.default\">\n\t\t\t\t<div class=\"elementor-widget-container\">\n\t\t\t<h1 class=\"elementor-heading-title elementor-size-default\">Informaci\u00f3n<br>Territorial<\/h1>\t\t<\/div>\n\t\t\t\t<\/div>\n\t\t\t\t\t<\/div>\n\t\t<\/div>\n\t\t\t\t\t<\/div>\n\t\t<\/section>\n\t\t\t\t<section class=\"elementor-section elementor-top-section elementor-element elementor-element-fdd6df9 elementor-section-boxed elementor-section-height-default elementor-section-height-default\" data-id=\"fdd6df9\" data-element_type=\"section\">\n\t\t\t\t\t\t<div class=\"elementor-container elementor-column-gap-default\">\n\t\t\t\t\t<div class=\"elementor-column elementor-col-100 elementor-top-column elementor-element elementor-element-63ed588\" data-id=\"63ed588\" data-element_type=\"column\">\n\t\t\t<div class=\"elementor-widget-wrap elementor-element-populated\">\n\t\t\t\t\t\t<div class=\"elementor-element elementor-element-0fb50ff elementor-widget-divider--view-line elementor-widget elementor-widget-divider\" data-id=\"0fb50ff\" data-element_type=\"widget\" data-widget_type=\"divider.default\">\n\t\t\t\t<div class=\"elementor-widget-container\">\n\t\t\t\t\t<div class=\"elementor-divider\">\n\t\t\t<span class=\"elementor-divider-separator\">\n\t\t\t\t\t\t<\/span>\n\t\t<\/div>\n\t\t\t\t<\/div>\n\t\t\t\t<\/div>\n\t\t\t\t<div class=\"elementor-element elementor-element-0665602 elementor-widget elementor-widget-shortcode\" data-id=\"0665602\" data-element_type=\"widget\" data-widget_type=\"shortcode.default\">\n\t\t\t\t<div class=\"elementor-widget-container\">\n\t\t\t\t\t<div class=\"elementor-shortcode\"><button id=\"listenButton1\" class=\"responsivevoice-button\" type=\"button\" value=\"Play\" title=\"ResponsiveVoice Tap to Start\/Stop Speech\"><span>&#128266; Escuchar la entrada<\/span><\/button>\n        <script>\n            listenButton1.onclick = function(){\n                if(responsiveVoice.isPlaying()){\n                    responsiveVoice.cancel();\n                }else{\n                    responsiveVoice.speak(\"Informaci\u00f3nTerritorial Convenio de cooperaci\u00f3n interinstitucional entre la Universidad del Azuay y el Gobierno Aut\u00f3nomo Descentralizado Municipal del cant\u00f3n Naranjal para la actualizaci\u00f3n del Plan de Desarrollo y Ordenamiento Territorial - PDOT y elaboraci\u00f3n del Plan de Uso y Gesti\u00f3n del Suelo - PUGS. \u201cNaranjal para el 2035 es un Polo de Desarrollo Econ\u00f3mico Productivo, que cuenta con cobertura de servicios b\u00e1sicos, seguridad, conectividad y comunicaci\u00f3n de calidad, con un sistema productivo eficiente y eficaz que impulsa el desarrollo local, respetando y preservando su patrimonio natural y cultural en beneficio y protecci\u00f3n de su poblaci\u00f3n en forma integral y equitativa\u201d Modelo Territorial Deseado El modelo territorial deseado proyecta la imagen ideal del cant\u00f3n a trav\u00e9s de una representaci\u00f3n gr\u00e1fica del territorio, para llevar a cabo de manera sostenible, segura, adecuada, equitativa y eficiente la ocupaci\u00f3n y actividades de la poblaci\u00f3n en su territorio (Secretar\u00eda T\u00e9cnica Planifica Ecuador, 2019). Riesgos Asentamiento Humanos Biof\u00edsico Econ\u00f3mico Productivo Socio Cultural\", \"Spanish Latin American Male\");\n                }\n            };\n        <\/script>\n    <\/div>\n\t\t\t\t<\/div>\n\t\t\t\t<\/div>\n\t\t\t\t<div class=\"elementor-element elementor-element-a7bb1d7 elementor-widget elementor-widget-icon-box\" data-id=\"a7bb1d7\" data-element_type=\"widget\" data-widget_type=\"icon-box.default\">\n\t\t\t\t<div class=\"elementor-widget-container\">\n\t\t\t\t\t<div class=\"elementor-icon-box-wrapper\">\n\n\t\t\t\n\t\t\t\t\t\t<div class=\"elementor-icon-box-content\">\n\n\t\t\t\t\n\t\t\t\t\t\t\t\t\t<p class=\"elementor-icon-box-description\">\n\t\t\t\t\t\tConvenio de cooperaci\u00f3n interinstitucional entre la Universidad del Azuay y el Gobierno Aut\u00f3nomo Descentralizado Municipal del cant\u00f3n Naranjal para la actualizaci\u00f3n del Plan de Desarrollo y Ordenamiento Territorial - PDOT y elaboraci\u00f3n del Plan de Uso y Gesti\u00f3n del Suelo - PUGS.\n\n\n\u201cNaranjal para el 2035 es un Polo de Desarrollo Econ\u00f3mico Productivo, que cuenta con cobertura de servicios b\u00e1sicos, seguridad, conectividad y comunicaci\u00f3n de calidad, con un sistema productivo eficiente y eficaz que impulsa el desarrollo local, respetando y preservando su patrimonio natural y cultural en beneficio y protecci\u00f3n de su poblaci\u00f3n en forma integral y equitativa\u201d\t\t\t\t\t<\/p>\n\t\t\t\t\n\t\t\t<\/div>\n\t\t\t\n\t\t<\/div>\n\t\t\t\t<\/div>\n\t\t\t\t<\/div>\n\t\t\t\t<div class=\"elementor-element elementor-element-ee12830 elementor-widget-divider--view-line elementor-widget elementor-widget-divider\" data-id=\"ee12830\" data-element_type=\"widget\" data-widget_type=\"divider.default\">\n\t\t\t\t<div class=\"elementor-widget-container\">\n\t\t\t\t\t<div class=\"elementor-divider\">\n\t\t\t<span class=\"elementor-divider-separator\">\n\t\t\t\t\t\t<\/span>\n\t\t<\/div>\n\t\t\t\t<\/div>\n\t\t\t\t<\/div>\n\t\t\t\t<div class=\"elementor-element elementor-element-cae3aa1 elementor-widget elementor-widget-icon-box\" data-id=\"cae3aa1\" data-element_type=\"widget\" data-widget_type=\"icon-box.default\">\n\t\t\t\t<div class=\"elementor-widget-container\">\n\t\t\t\t\t<div class=\"elementor-icon-box-wrapper\">\n\n\t\t\t\n\t\t\t\t\t\t<div class=\"elementor-icon-box-content\">\n\n\t\t\t\t\t\t\t\t\t<h3 class=\"elementor-icon-box-title\">\n\t\t\t\t\t\t<span  >\n\t\t\t\t\t\t\tModelo Territorial Deseado\t\t\t\t\t\t<\/span>\n\t\t\t\t\t<\/h3>\n\t\t\t\t\n\t\t\t\t\t\t\t\t\t<p class=\"elementor-icon-box-description\">\n\t\t\t\t\t\tEl modelo territorial deseado proyecta la imagen ideal del cant\u00f3n a trav\u00e9s de una representaci\u00f3n gr\u00e1fica del territorio, para llevar a cabo de manera sostenible, segura, adecuada, equitativa y eficiente la ocupaci\u00f3n y actividades de la poblaci\u00f3n en su territorio (Secretar\u00eda T\u00e9cnica Planifica Ecuador, 2019).\t\t\t\t\t<\/p>\n\t\t\t\t\n\t\t\t<\/div>\n\t\t\t\n\t\t<\/div>\n\t\t\t\t<\/div>\n\t\t\t\t<\/div>\n\t\t\t\t<div class=\"elementor-element elementor-element-eeef3a9 elementor-widget elementor-widget-image\" data-id=\"eeef3a9\" data-element_type=\"widget\" data-widget_type=\"image.default\">\n\t\t\t\t<div class=\"elementor-widget-container\">\n\t\t\t\t\t\t\t\t\t\t\t\t\t<img fetchpriority=\"high\" decoding=\"async\" width=\"1030\" height=\"714\" src=\"https:\/\/naranjal.gob.ec\/site\/wp-content\/uploads\/2023\/06\/ModeloTerritorialDeseado-1.jpg\" class=\"attachment-large size-large wp-image-26241\" alt=\"\" \/>\t\t\t\t\t\t\t\t\t\t\t\t\t<\/div>\n\t\t\t\t<\/div>\n\t\t\t\t<div class=\"elementor-element elementor-element-f1a1d51 elementor-widget elementor-widget-icon-box\" data-id=\"f1a1d51\" data-element_type=\"widget\" data-widget_type=\"icon-box.default\">\n\t\t\t\t<div class=\"elementor-widget-container\">\n\t\t\t\t\t<div class=\"elementor-icon-box-wrapper\">\n\n\t\t\t\n\t\t\t\t\t\t<div class=\"elementor-icon-box-content\">\n\n\t\t\t\t\t\t\t\t\t<h3 class=\"elementor-icon-box-title\">\n\t\t\t\t\t\t<span  >\n\t\t\t\t\t\t\tRiesgos\t\t\t\t\t\t<\/span>\n\t\t\t\t\t<\/h3>\n\t\t\t\t\n\t\t\t\t\n\t\t\t<\/div>\n\t\t\t\n\t\t<\/div>\n\t\t\t\t<\/div>\n\t\t\t\t<\/div>\n\t\t\t\t<div class=\"elementor-element elementor-element-84038a2 elementor-widget elementor-widget-image\" data-id=\"84038a2\" data-element_type=\"widget\" data-widget_type=\"image.default\">\n\t\t\t\t<div class=\"elementor-widget-container\">\n\t\t\t\t\t\t\t\t\t\t\t\t\t<img decoding=\"async\" width=\"1030\" height=\"713\" src=\"https:\/\/naranjal.gob.ec\/site\/wp-content\/uploads\/2023\/06\/ProCompRies.jpg\" class=\"attachment-large size-large wp-image-26239\" alt=\"\" \/>\t\t\t\t\t\t\t\t\t\t\t\t\t<\/div>\n\t\t\t\t<\/div>\n\t\t\t\t<div class=\"elementor-element elementor-element-a06a0d0 elementor-widget elementor-widget-icon-box\" data-id=\"a06a0d0\" data-element_type=\"widget\" data-widget_type=\"icon-box.default\">\n\t\t\t\t<div class=\"elementor-widget-container\">\n\t\t\t\t\t<div class=\"elementor-icon-box-wrapper\">\n\n\t\t\t\n\t\t\t\t\t\t<div class=\"elementor-icon-box-content\">\n\n\t\t\t\t\t\t\t\t\t<h3 class=\"elementor-icon-box-title\">\n\t\t\t\t\t\t<span  >\n\t\t\t\t\t\t\tAsentamiento Humanos\t\t\t\t\t\t<\/span>\n\t\t\t\t\t<\/h3>\n\t\t\t\t\n\t\t\t\t\n\t\t\t<\/div>\n\t\t\t\n\t\t<\/div>\n\t\t\t\t<\/div>\n\t\t\t\t<\/div>\n\t\t\t\t<div class=\"elementor-element elementor-element-61ef201 elementor-widget elementor-widget-image\" data-id=\"61ef201\" data-element_type=\"widget\" data-widget_type=\"image.default\">\n\t\t\t\t<div class=\"elementor-widget-container\">\n\t\t\t\t\t\t\t\t\t\t\t\t\t<img decoding=\"async\" width=\"1030\" height=\"713\" src=\"https:\/\/naranjal.gob.ec\/site\/wp-content\/uploads\/2023\/06\/ProCompAsenHum.jpg\" class=\"attachment-large size-large wp-image-26253\" alt=\"\" \/>\t\t\t\t\t\t\t\t\t\t\t\t\t<\/div>\n\t\t\t\t<\/div>\n\t\t\t\t<div class=\"elementor-element elementor-element-d95529d elementor-widget elementor-widget-icon-box\" data-id=\"d95529d\" data-element_type=\"widget\" data-widget_type=\"icon-box.default\">\n\t\t\t\t<div class=\"elementor-widget-container\">\n\t\t\t\t\t<div class=\"elementor-icon-box-wrapper\">\n\n\t\t\t\n\t\t\t\t\t\t<div class=\"elementor-icon-box-content\">\n\n\t\t\t\t\t\t\t\t\t<h3 class=\"elementor-icon-box-title\">\n\t\t\t\t\t\t<span  >\n\t\t\t\t\t\t\tBiof\u00edsico\t\t\t\t\t\t<\/span>\n\t\t\t\t\t<\/h3>\n\t\t\t\t\n\t\t\t\t\n\t\t\t<\/div>\n\t\t\t\n\t\t<\/div>\n\t\t\t\t<\/div>\n\t\t\t\t<\/div>\n\t\t\t\t<div class=\"elementor-element elementor-element-6b9dd63 elementor-widget elementor-widget-image\" data-id=\"6b9dd63\" data-element_type=\"widget\" data-widget_type=\"image.default\">\n\t\t\t\t<div class=\"elementor-widget-container\">\n\t\t\t\t\t\t\t\t\t\t\t\t\t<img loading=\"lazy\" decoding=\"async\" width=\"1030\" height=\"727\" src=\"https:\/\/naranjal.gob.ec\/site\/wp-content\/uploads\/2023\/06\/ProCompBiof.jpg\" class=\"attachment-large size-large wp-image-26255\" alt=\"\" \/>\t\t\t\t\t\t\t\t\t\t\t\t\t<\/div>\n\t\t\t\t<\/div>\n\t\t\t\t<div class=\"elementor-element elementor-element-45b3b4f elementor-widget elementor-widget-icon-box\" data-id=\"45b3b4f\" data-element_type=\"widget\" data-widget_type=\"icon-box.default\">\n\t\t\t\t<div class=\"elementor-widget-container\">\n\t\t\t\t\t<div class=\"elementor-icon-box-wrapper\">\n\n\t\t\t\n\t\t\t\t\t\t<div class=\"elementor-icon-box-content\">\n\n\t\t\t\t\t\t\t\t\t<h3 class=\"elementor-icon-box-title\">\n\t\t\t\t\t\t<span  >\n\t\t\t\t\t\t\tEcon\u00f3mico Productivo\t\t\t\t\t\t<\/span>\n\t\t\t\t\t<\/h3>\n\t\t\t\t\n\t\t\t\t\n\t\t\t<\/div>\n\t\t\t\n\t\t<\/div>\n\t\t\t\t<\/div>\n\t\t\t\t<\/div>\n\t\t\t\t<div class=\"elementor-element elementor-element-061e409 elementor-widget elementor-widget-image\" data-id=\"061e409\" data-element_type=\"widget\" data-widget_type=\"image.default\">\n\t\t\t\t<div class=\"elementor-widget-container\">\n\t\t\t\t\t\t\t\t\t\t\t\t\t<img loading=\"lazy\" decoding=\"async\" width=\"1030\" height=\"717\" src=\"https:\/\/naranjal.gob.ec\/site\/wp-content\/uploads\/2023\/06\/ProCompEcoProd.jpg\" class=\"attachment-large size-large wp-image-26256\" alt=\"\" \/>\t\t\t\t\t\t\t\t\t\t\t\t\t<\/div>\n\t\t\t\t<\/div>\n\t\t\t\t<div class=\"elementor-element elementor-element-2409505 elementor-widget elementor-widget-icon-box\" data-id=\"2409505\" data-element_type=\"widget\" data-widget_type=\"icon-box.default\">\n\t\t\t\t<div class=\"elementor-widget-container\">\n\t\t\t\t\t<div class=\"elementor-icon-box-wrapper\">\n\n\t\t\t\n\t\t\t\t\t\t<div class=\"elementor-icon-box-content\">\n\n\t\t\t\t\t\t\t\t\t<h3 class=\"elementor-icon-box-title\">\n\t\t\t\t\t\t<span  >\n\t\t\t\t\t\t\tSocio Cultural\t\t\t\t\t\t<\/span>\n\t\t\t\t\t<\/h3>\n\t\t\t\t\n\t\t\t\t\n\t\t\t<\/div>\n\t\t\t\n\t\t<\/div>\n\t\t\t\t<\/div>\n\t\t\t\t<\/div>\n\t\t\t\t<div class=\"elementor-element elementor-element-e68229a elementor-widget elementor-widget-image\" data-id=\"e68229a\" data-element_type=\"widget\" data-widget_type=\"image.default\">\n\t\t\t\t<div class=\"elementor-widget-container\">\n\t\t\t\t\t\t\t\t\t\t\t\t\t<img loading=\"lazy\" decoding=\"async\" width=\"1030\" height=\"713\" src=\"https:\/\/naranjal.gob.ec\/site\/wp-content\/uploads\/2023\/06\/ProCompSocCul.jpg\" class=\"attachment-large size-large wp-image-26257\" alt=\"\" \/>\t\t\t\t\t\t\t\t\t\t\t\t\t<\/div>\n\t\t\t\t<\/div>\n\t\t\t\t\t<\/div>\n\t\t<\/div>\n\t\t\t\t\t<\/div>\n\t\t<\/section>\n\t\t\t\t<\/div>\n\t\t","protected":false},"excerpt":{"rendered":"<p>Informaci\u00f3nTerritorial Convenio de cooperaci\u00f3n interinstitucional entre la Universidad del Azuay y el Gobierno Aut\u00f3nomo Descentralizado Municipal del cant\u00f3n Naranjal para la actualizaci\u00f3n del Plan de Desarrollo y Ordenamiento Territorial &#8211; PDOT y elaboraci\u00f3n del Plan de Uso y Gesti\u00f3n del Suelo &#8211; PUGS. \u201cNaranjal para el 2035 es un Polo de Desarrollo Econ\u00f3mico Productivo, que [&hellip;]<\/p>\n","protected":false},"author":1,"featured_media":0,"parent":0,"menu_order":0,"comment_status":"closed","ping_status":"closed","template":"","meta":{"_eb_attr":"","_uag_custom_page_level_css":"","_joinchat":[],"footnotes":""},"class_list":["post-25340","page","type-page","status-publish","hentry"],"uagb_featured_image_src":{"full":false,"thumbnail":false,"medium":false,"medium_large":false,"large":false,"1536x1536":false,"2048x2048":false,"htmega_size_585x295":false,"htmega_size_1170x536":false,"htmega_size_396x360":false,"widget":false,"square":false,"featured":false,"featured_large":false,"extra_large":false,"portfolio":false,"portfolio_small":false,"gallery":false,"magazine":false,"masonry":false,"entry_with_sidebar":false,"entry_without_sidebar":false},"uagb_author_info":{"display_name":"naranjal","author_link":"https:\/\/naranjal.gob.ec\/site\/author\/naranjal\/"},"uagb_comment_info":0,"uagb_excerpt":"Informaci\u00f3nTerritorial Convenio de cooperaci\u00f3n interinstitucional entre la Universidad del Azuay y el Gobierno Aut\u00f3nomo Descentralizado Municipal del cant\u00f3n Naranjal para la actualizaci\u00f3n del Plan de Desarrollo y Ordenamiento Territorial &#8211; PDOT y elaboraci\u00f3n del Plan de Uso y Gesti\u00f3n del Suelo &#8211; PUGS. \u201cNaranjal para el 2035 es un Polo de Desarrollo Econ\u00f3mico Productivo, que&hellip;","_links":{"self":[{"href":"https:\/\/naranjal.gob.ec\/site\/wp-json\/wp\/v2\/pages\/25340","targetHints":{"allow":["GET"]}}],"collection":[{"href":"https:\/\/naranjal.gob.ec\/site\/wp-json\/wp\/v2\/pages"}],"about":[{"href":"https:\/\/naranjal.gob.ec\/site\/wp-json\/wp\/v2\/types\/page"}],"author":[{"embeddable":true,"href":"https:\/\/naranjal.gob.ec\/site\/wp-json\/wp\/v2\/users\/1"}],"replies":[{"embeddable":true,"href":"https:\/\/naranjal.gob.ec\/site\/wp-json\/wp\/v2\/comments?post=25340"}],"version-history":[{"count":24,"href":"https:\/\/naranjal.gob.ec\/site\/wp-json\/wp\/v2\/pages\/25340\/revisions"}],"predecessor-version":[{"id":28987,"href":"https:\/\/naranjal.gob.ec\/site\/wp-json\/wp\/v2\/pages\/25340\/revisions\/28987"}],"wp:attachment":[{"href":"https:\/\/naranjal.gob.ec\/site\/wp-json\/wp\/v2\/media?parent=25340"}],"curies":[{"name":"wp","href":"https:\/\/api.w.org\/{rel}","templated":true}]}}