{"id":25359,"date":"2023-05-30T04:22:28","date_gmt":"2023-05-30T04:22:28","guid":{"rendered":"https:\/\/naranjal.gob.ec\/site\/?page_id=25359"},"modified":"2023-07-09T03:08:40","modified_gmt":"2023-07-09T03:08:40","slug":"rendicion-de-cuentas-2019","status":"publish","type":"page","link":"https:\/\/naranjal.gob.ec\/site\/rendicion-de-cuentas-2019\/","title":{"rendered":"Rendici\u00f3n de cuentas 2019"},"content":{"rendered":"\t\t<div data-elementor-type=\"wp-page\" data-elementor-id=\"25359\" class=\"elementor elementor-25359\">\n\t\t\t\t\t\t<section class=\"elementor-section elementor-top-section elementor-element elementor-element-6f895fd elementor-section-boxed elementor-section-height-default elementor-section-height-default\" data-id=\"6f895fd\" data-element_type=\"section\" data-settings=\"{&quot;background_background&quot;:&quot;classic&quot;}\">\n\t\t\t\t\t\t\t<div class=\"elementor-background-overlay\"><\/div>\n\t\t\t\t\t\t\t<div class=\"elementor-container elementor-column-gap-no\">\n\t\t\t\t\t<div class=\"elementor-column elementor-col-100 elementor-top-column elementor-element elementor-element-2d9d82b\" data-id=\"2d9d82b\" data-element_type=\"column\">\n\t\t\t<div class=\"elementor-widget-wrap elementor-element-populated\">\n\t\t\t\t\t\t<div class=\"elementor-element elementor-element-9018fda elementor-widget elementor-widget-heading\" data-id=\"9018fda\" data-element_type=\"widget\" data-widget_type=\"heading.default\">\n\t\t\t\t<div class=\"elementor-widget-container\">\n\t\t\t<h1 class=\"elementor-heading-title elementor-size-default\">RENDICI\u00d3N DE CUENTAS 2019<\/h1>\t\t<\/div>\n\t\t\t\t<\/div>\n\t\t\t\t\t<\/div>\n\t\t<\/div>\n\t\t\t\t\t<\/div>\n\t\t<\/section>\n\t\t\t\t<section class=\"elementor-section elementor-top-section elementor-element elementor-element-0b9eb43 elementor-section-boxed elementor-section-height-default elementor-section-height-default\" data-id=\"0b9eb43\" data-element_type=\"section\">\n\t\t\t\t\t\t<div class=\"elementor-container elementor-column-gap-default\">\n\t\t\t\t\t<div class=\"elementor-column elementor-col-100 elementor-top-column elementor-element elementor-element-438eae1\" data-id=\"438eae1\" data-element_type=\"column\">\n\t\t\t<div class=\"elementor-widget-wrap elementor-element-populated\">\n\t\t\t\t\t\t<div class=\"elementor-element elementor-element-11aee85 elementor-widget elementor-widget-image\" data-id=\"11aee85\" data-element_type=\"widget\" data-widget_type=\"image.default\">\n\t\t\t\t<div class=\"elementor-widget-container\">\n\t\t\t\t\t\t\t\t\t\t\t\t\t<img fetchpriority=\"high\" decoding=\"async\" width=\"1024\" height=\"1024\" src=\"https:\/\/naranjal.gob.ec\/site\/wp-content\/uploads\/2023\/07\/BANNER-1024x1024.jpg\" class=\"attachment-large size-large wp-image-26819\" alt=\"\" srcset=\"https:\/\/naranjal.gob.ec\/site\/wp-content\/uploads\/2023\/07\/BANNER-1024x1024.jpg 1024w, https:\/\/naranjal.gob.ec\/site\/wp-content\/uploads\/2023\/07\/BANNER-300x300.jpg 300w, https:\/\/naranjal.gob.ec\/site\/wp-content\/uploads\/2023\/07\/BANNER-150x150.jpg 150w, https:\/\/naranjal.gob.ec\/site\/wp-content\/uploads\/2023\/07\/BANNER-768x768.jpg 768w, https:\/\/naranjal.gob.ec\/site\/wp-content\/uploads\/2023\/07\/BANNER-600x600.jpg 600w, https:\/\/naranjal.gob.ec\/site\/wp-content\/uploads\/2023\/07\/BANNER-100x100.jpg 100w, https:\/\/naranjal.gob.ec\/site\/wp-content\/uploads\/2023\/07\/BANNER.jpg 1280w\" sizes=\"(max-width: 1024px) 100vw, 1024px\" \/>\t\t\t\t\t\t\t\t\t\t\t\t\t<\/div>\n\t\t\t\t<\/div>\n\t\t\t\t\t<\/div>\n\t\t<\/div>\n\t\t\t\t\t<\/div>\n\t\t<\/section>\n\t\t\t\t<section class=\"elementor-section elementor-top-section elementor-element elementor-element-e0368a1 elementor-section-boxed elementor-section-height-default elementor-section-height-default\" data-id=\"e0368a1\" data-element_type=\"section\">\n\t\t\t\t\t\t<div class=\"elementor-container elementor-column-gap-default\">\n\t\t\t\t\t<div class=\"elementor-column elementor-col-50 elementor-top-column elementor-element elementor-element-703e4b0\" data-id=\"703e4b0\" data-element_type=\"column\">\n\t\t\t<div class=\"elementor-widget-wrap elementor-element-populated\">\n\t\t\t\t\t\t<div class=\"elementor-element elementor-element-e20bb46 elementor-widget elementor-widget-video\" data-id=\"e20bb46\" data-element_type=\"widget\" data-settings=\"{&quot;video_type&quot;:&quot;hosted&quot;,&quot;controls&quot;:&quot;yes&quot;}\" data-widget_type=\"video.default\">\n\t\t\t\t<div class=\"elementor-widget-container\">\n\t\t\t\t\t<div class=\"e-hosted-video elementor-wrapper elementor-open-inline\">\n\t\t\t\t\t<video class=\"elementor-video\" src=\"http:\/\/naranjal.gob.ec\/rendicion_de_cuentas\/video\/RENDICION.mp4\" controls=\"\" preload=\"metadata\" controlsList=\"nodownload\"><\/video>\n\t\t\t\t<\/div>\n\t\t\t\t<\/div>\n\t\t\t\t<\/div>\n\t\t\t\t\t<\/div>\n\t\t<\/div>\n\t\t\t\t<div class=\"elementor-column elementor-col-50 elementor-top-column elementor-element elementor-element-6a6bbaa\" data-id=\"6a6bbaa\" data-element_type=\"column\">\n\t\t\t<div class=\"elementor-widget-wrap elementor-element-populated\">\n\t\t\t\t\t\t<div class=\"elementor-element elementor-element-8b968b7 elementor-widget elementor-widget-text-editor\" data-id=\"8b968b7\" data-element_type=\"widget\" data-widget_type=\"text-editor.default\">\n\t\t\t\t<div class=\"elementor-widget-container\">\n\t\t\t\t\t\t\t<h3>\u00a0<\/h3><h3>&#8220;La rendici\u00f3n de cuentas es un proceso de di\u00e1logo e intermediaci\u00f3n entre autoridades y ciudadania para informar y poner en su consideraci\u00f3n las acciones, proyectos y resultados de la gesti\u00f3n p\u00fablica.&#8221;<\/h3>\t\t\t\t\t\t<\/div>\n\t\t\t\t<\/div>\n\t\t\t\t\t<\/div>\n\t\t<\/div>\n\t\t\t\t\t<\/div>\n\t\t<\/section>\n\t\t\t\t<section class=\"elementor-section elementor-top-section elementor-element elementor-element-cb0b668 elementor-section-boxed elementor-section-height-default elementor-section-height-default\" data-id=\"cb0b668\" data-element_type=\"section\" data-settings=\"{&quot;background_background&quot;:&quot;slideshow&quot;,&quot;background_slideshow_gallery&quot;:[],&quot;background_slideshow_loop&quot;:&quot;yes&quot;,&quot;background_slideshow_slide_duration&quot;:5000,&quot;background_slideshow_slide_transition&quot;:&quot;fade&quot;,&quot;background_slideshow_transition_duration&quot;:500}\">\n\t\t\t\t\t\t<div class=\"elementor-container elementor-column-gap-default\">\n\t\t\t\t\t<div class=\"elementor-column elementor-col-100 elementor-top-column elementor-element elementor-element-c10f04f\" data-id=\"c10f04f\" data-element_type=\"column\">\n\t\t\t<div class=\"elementor-widget-wrap elementor-element-populated\">\n\t\t\t\t\t\t<div class=\"elementor-element elementor-element-b0669bb elementor-widget__width-initial elementor-widget elementor-widget-text-editor\" data-id=\"b0669bb\" data-element_type=\"widget\" data-widget_type=\"text-editor.default\">\n\t\t\t\t<div class=\"elementor-widget-container\">\n\t\t\t\t\t\t\t<h5>\n<ul>\n<li>Cumpliendo con lo que dispone la ley Org\u00e1nica de Participaci\u00f3n Ciudadana y Control Social, y la Resoluci\u00f3n No. CPCCS-PLE-SG-042-2020-251, de fecha 15 de julio de 2020, el GAD Municipal del Cant\u00f3n Naranjal y al Administraci\u00f3n del Ab. Luigi Rivera Gutierrez debe cumplir con el proceso de Rendici\u00f3n de Cuentas del a\u00f1o fiscal 2019; para lo cual solicita a usted se sirva formular las preguntas que considere pertinentes realizar al Se\u00f1or Alcalde, relacionadas con la Gesti\u00f3n Administrativa Municipal del<span style=\"font-weight: normal;\"> <\/span>a\u00f1o 2019.<\/li>\n<\/ul>\n<\/h5>\t\t\t\t\t\t<\/div>\n\t\t\t\t<\/div>\n\t\t\t\t\t<\/div>\n\t\t<\/div>\n\t\t\t\t\t<\/div>\n\t\t<\/section>\n\t\t\t\t<\/div>\n\t\t","protected":false},"excerpt":{"rendered":"<p>RENDICI\u00d3N DE CUENTAS 2019 http:\/\/naranjal.gob.ec\/rendicion_de_cuentas\/video\/RENDICION.mp4 \u00a0 &#8220;La rendici\u00f3n de cuentas es un proceso de di\u00e1logo e intermediaci\u00f3n entre autoridades y ciudadania para informar y poner en su consideraci\u00f3n las acciones, proyectos y resultados de la gesti\u00f3n p\u00fablica.&#8221; Cumpliendo con lo que dispone la ley Org\u00e1nica de Participaci\u00f3n Ciudadana y Control Social, y la Resoluci\u00f3n No. [&hellip;]<\/p>\n","protected":false},"author":1,"featured_media":0,"parent":0,"menu_order":0,"comment_status":"closed","ping_status":"closed","template":"","meta":{"_eb_attr":"","_uag_custom_page_level_css":"","_joinchat":[],"footnotes":""},"class_list":["post-25359","page","type-page","status-publish","hentry"],"uagb_featured_image_src":{"full":false,"thumbnail":false,"medium":false,"medium_large":false,"large":false,"1536x1536":false,"2048x2048":false,"htmega_size_585x295":false,"htmega_size_1170x536":false,"htmega_size_396x360":false,"widget":false,"square":false,"featured":false,"featured_large":false,"extra_large":false,"portfolio":false,"portfolio_small":false,"gallery":false,"magazine":false,"masonry":false,"entry_with_sidebar":false,"entry_without_sidebar":false},"uagb_author_info":{"display_name":"naranjal","author_link":"https:\/\/naranjal.gob.ec\/site\/author\/naranjal\/"},"uagb_comment_info":0,"uagb_excerpt":"RENDICI\u00d3N DE CUENTAS 2019 http:\/\/naranjal.gob.ec\/rendicion_de_cuentas\/video\/RENDICION.mp4 \u00a0 &#8220;La rendici\u00f3n de cuentas es un proceso de di\u00e1logo e intermediaci\u00f3n entre autoridades y ciudadania para informar y poner en su consideraci\u00f3n las acciones, proyectos y resultados de la gesti\u00f3n p\u00fablica.&#8221; Cumpliendo con lo que dispone la ley Org\u00e1nica de Participaci\u00f3n Ciudadana y Control Social, y la Resoluci\u00f3n No.&hellip;","_links":{"self":[{"href":"https:\/\/naranjal.gob.ec\/site\/wp-json\/wp\/v2\/pages\/25359","targetHints":{"allow":["GET"]}}],"collection":[{"href":"https:\/\/naranjal.gob.ec\/site\/wp-json\/wp\/v2\/pages"}],"about":[{"href":"https:\/\/naranjal.gob.ec\/site\/wp-json\/wp\/v2\/types\/page"}],"author":[{"embeddable":true,"href":"https:\/\/naranjal.gob.ec\/site\/wp-json\/wp\/v2\/users\/1"}],"replies":[{"embeddable":true,"href":"https:\/\/naranjal.gob.ec\/site\/wp-json\/wp\/v2\/comments?post=25359"}],"version-history":[{"count":40,"href":"https:\/\/naranjal.gob.ec\/site\/wp-json\/wp\/v2\/pages\/25359\/revisions"}],"predecessor-version":[{"id":26837,"href":"https:\/\/naranjal.gob.ec\/site\/wp-json\/wp\/v2\/pages\/25359\/revisions\/26837"}],"wp:attachment":[{"href":"https:\/\/naranjal.gob.ec\/site\/wp-json\/wp\/v2\/media?parent=25359"}],"curies":[{"name":"wp","href":"https:\/\/api.w.org\/{rel}","templated":true}]}}