{"id":25360,"date":"2023-05-30T04:22:28","date_gmt":"2023-05-30T04:22:28","guid":{"rendered":"https:\/\/naranjal.gob.ec\/site\/?page_id=25360"},"modified":"2023-07-09T03:31:52","modified_gmt":"2023-07-09T03:31:52","slug":"rendicion-de-cuentas-2020","status":"publish","type":"page","link":"https:\/\/naranjal.gob.ec\/site\/rendicion-de-cuentas-2020\/","title":{"rendered":"Rendici\u00f3n de cuentas 2020"},"content":{"rendered":"\t\t<div data-elementor-type=\"wp-page\" data-elementor-id=\"25360\" class=\"elementor elementor-25360\">\n\t\t\t\t\t\t<section class=\"elementor-section elementor-top-section elementor-element elementor-element-ba8b300 elementor-section-boxed elementor-section-height-default elementor-section-height-default\" data-id=\"ba8b300\" data-element_type=\"section\" data-settings=\"{&quot;background_background&quot;:&quot;classic&quot;}\">\n\t\t\t\t\t\t<div class=\"elementor-container elementor-column-gap-default\">\n\t\t\t\t\t<div class=\"elementor-column elementor-col-100 elementor-top-column elementor-element elementor-element-f062b51\" data-id=\"f062b51\" data-element_type=\"column\">\n\t\t\t<div class=\"elementor-widget-wrap elementor-element-populated\">\n\t\t\t\t\t\t<div class=\"elementor-element elementor-element-f2bd3ec elementor-widget elementor-widget-heading\" data-id=\"f2bd3ec\" data-element_type=\"widget\" data-widget_type=\"heading.default\">\n\t\t\t\t<div class=\"elementor-widget-container\">\n\t\t\t<h2 class=\"elementor-heading-title elementor-size-default\">RENDICI\u00d3N DE CUENTAS<br>2020<\/h2>\t\t<\/div>\n\t\t\t\t<\/div>\n\t\t\t\t\t<\/div>\n\t\t<\/div>\n\t\t\t\t\t<\/div>\n\t\t<\/section>\n\t\t\t\t<section class=\"elementor-section elementor-top-section elementor-element elementor-element-d96f465 elementor-section-height-min-height elementor-section-boxed elementor-section-height-default elementor-section-items-middle\" data-id=\"d96f465\" data-element_type=\"section\">\n\t\t\t\t\t\t<div class=\"elementor-container elementor-column-gap-default\">\n\t\t\t\t\t<div class=\"elementor-column elementor-col-100 elementor-top-column elementor-element elementor-element-389038a\" data-id=\"389038a\" data-element_type=\"column\">\n\t\t\t<div class=\"elementor-widget-wrap elementor-element-populated\">\n\t\t\t\t\t\t<div class=\"elementor-element elementor-element-e681199 elementor-widget elementor-widget-text-editor\" data-id=\"e681199\" data-element_type=\"widget\" data-widget_type=\"text-editor.default\">\n\t\t\t\t<div class=\"elementor-widget-container\">\n\t\t\t\t\t\t\t<h4>&#8220;La rendici\u00f3n de cuentas es un proceso de di\u00e1logo e intermediaci\u00f3n entre autoridades y ciudadania para informar y poner en su consideraci\u00f3n las acciones, proyectos y resultados de la gesti\u00f3n p\u00fablica.&#8221;<\/h4>\t\t\t\t\t\t<\/div>\n\t\t\t\t<\/div>\n\t\t\t\t\t<\/div>\n\t\t<\/div>\n\t\t\t\t\t<\/div>\n\t\t<\/section>\n\t\t\t\t<section class=\"elementor-section elementor-top-section elementor-element elementor-element-73cad99 elementor-section-height-min-height elementor-section-boxed elementor-section-height-default elementor-section-items-middle\" data-id=\"73cad99\" data-element_type=\"section\">\n\t\t\t\t\t\t<div class=\"elementor-container elementor-column-gap-default\">\n\t\t\t\t\t<div class=\"elementor-column elementor-col-100 elementor-top-column elementor-element elementor-element-6b480ff\" data-id=\"6b480ff\" data-element_type=\"column\">\n\t\t\t<div class=\"elementor-widget-wrap elementor-element-populated\">\n\t\t\t\t\t\t<div class=\"elementor-element elementor-element-7b56578 elementor-widget elementor-widget-html\" data-id=\"7b56578\" data-element_type=\"widget\" data-widget_type=\"html.default\">\n\t\t\t\t<div class=\"elementor-widget-container\">\n\t\t\t<div class=\"container\">\n  <iframe class=\"responsive-iframe\" src=\"https:\/\/drive.google.com\/file\/d\/1WjcjBAOs95e1URrKxTYA9QR-h1RfPH5X\/preview\" width=\"560\" height=\"314\" ><\/iframe>\n<\/div>\t\t<\/div>\n\t\t\t\t<\/div>\n\t\t\t\t\t<\/div>\n\t\t<\/div>\n\t\t\t\t\t<\/div>\n\t\t<\/section>\n\t\t\t\t<section class=\"elementor-section elementor-top-section elementor-element elementor-element-86aed3e elementor-section-height-min-height elementor-section-boxed elementor-section-height-default elementor-section-items-middle\" data-id=\"86aed3e\" data-element_type=\"section\">\n\t\t\t\t\t\t<div class=\"elementor-container elementor-column-gap-default\">\n\t\t\t\t\t<div class=\"elementor-column elementor-col-100 elementor-top-column elementor-element elementor-element-72200b4\" data-id=\"72200b4\" data-element_type=\"column\">\n\t\t\t<div class=\"elementor-widget-wrap elementor-element-populated\">\n\t\t\t\t\t\t<div class=\"elementor-element elementor-element-1420b84 elementor-widget elementor-widget-text-editor\" data-id=\"1420b84\" data-element_type=\"widget\" data-widget_type=\"text-editor.default\">\n\t\t\t\t<div class=\"elementor-widget-container\">\n\t\t\t\t\t\t\t<h6>Cumpliendo con lo que dispone la ley Org\u00e1nica de Participaci\u00f3n Ciudadana y Control Social, y la Resoluci\u00f3n No. CPCCS-PLE-SG-042-2020-251, de fecha 15 de julio de 2020, el GAD Municipal del Cant\u00f3n Naranjal y la Administraci\u00f3n del Ab. Luigi Rivera Gutierrez debe cumplir con el proceso de Rendici\u00f3n de Cuentas del a\u00f1o fiscal 2020; para lo cual solicita a usted se sirva formular las preguntas que considere pertinentes realizar al Se\u00f1or Alcalde, relacionadas con la Gesti\u00f3n Administrativa Municipal del a\u00f1o 2020<\/h6>\t\t\t\t\t\t<\/div>\n\t\t\t\t<\/div>\n\t\t\t\t\t<\/div>\n\t\t<\/div>\n\t\t\t\t\t<\/div>\n\t\t<\/section>\n\t\t\t\t<\/div>\n\t\t","protected":false},"excerpt":{"rendered":"<p>RENDICI\u00d3N DE CUENTAS2020 &#8220;La rendici\u00f3n de cuentas es un proceso de di\u00e1logo e intermediaci\u00f3n entre autoridades y ciudadania para informar y poner en su consideraci\u00f3n las acciones, proyectos y resultados de la gesti\u00f3n p\u00fablica.&#8221; Cumpliendo con lo que dispone la ley Org\u00e1nica de Participaci\u00f3n Ciudadana y Control Social, y la Resoluci\u00f3n No. CPCCS-PLE-SG-042-2020-251, de fecha [&hellip;]<\/p>\n","protected":false},"author":1,"featured_media":0,"parent":0,"menu_order":0,"comment_status":"closed","ping_status":"closed","template":"","meta":{"_eb_attr":"","_uag_custom_page_level_css":"","_joinchat":[],"footnotes":""},"class_list":["post-25360","page","type-page","status-publish","hentry"],"uagb_featured_image_src":{"full":false,"thumbnail":false,"medium":false,"medium_large":false,"large":false,"1536x1536":false,"2048x2048":false,"htmega_size_585x295":false,"htmega_size_1170x536":false,"htmega_size_396x360":false,"widget":false,"square":false,"featured":false,"featured_large":false,"extra_large":false,"portfolio":false,"portfolio_small":false,"gallery":false,"magazine":false,"masonry":false,"entry_with_sidebar":false,"entry_without_sidebar":false},"uagb_author_info":{"display_name":"naranjal","author_link":"https:\/\/naranjal.gob.ec\/site\/author\/naranjal\/"},"uagb_comment_info":0,"uagb_excerpt":"RENDICI\u00d3N DE CUENTAS2020 &#8220;La rendici\u00f3n de cuentas es un proceso de di\u00e1logo e intermediaci\u00f3n entre autoridades y ciudadania para informar y poner en su consideraci\u00f3n las acciones, proyectos y resultados de la gesti\u00f3n p\u00fablica.&#8221; Cumpliendo con lo que dispone la ley Org\u00e1nica de Participaci\u00f3n Ciudadana y Control Social, y la Resoluci\u00f3n No. CPCCS-PLE-SG-042-2020-251, de fecha&hellip;","_links":{"self":[{"href":"https:\/\/naranjal.gob.ec\/site\/wp-json\/wp\/v2\/pages\/25360","targetHints":{"allow":["GET"]}}],"collection":[{"href":"https:\/\/naranjal.gob.ec\/site\/wp-json\/wp\/v2\/pages"}],"about":[{"href":"https:\/\/naranjal.gob.ec\/site\/wp-json\/wp\/v2\/types\/page"}],"author":[{"embeddable":true,"href":"https:\/\/naranjal.gob.ec\/site\/wp-json\/wp\/v2\/users\/1"}],"replies":[{"embeddable":true,"href":"https:\/\/naranjal.gob.ec\/site\/wp-json\/wp\/v2\/comments?post=25360"}],"version-history":[{"count":10,"href":"https:\/\/naranjal.gob.ec\/site\/wp-json\/wp\/v2\/pages\/25360\/revisions"}],"predecessor-version":[{"id":26846,"href":"https:\/\/naranjal.gob.ec\/site\/wp-json\/wp\/v2\/pages\/25360\/revisions\/26846"}],"wp:attachment":[{"href":"https:\/\/naranjal.gob.ec\/site\/wp-json\/wp\/v2\/media?parent=25360"}],"curies":[{"name":"wp","href":"https:\/\/api.w.org\/{rel}","templated":true}]}}