{"id":25363,"date":"2023-05-30T04:22:28","date_gmt":"2023-05-30T04:22:28","guid":{"rendered":"https:\/\/naranjal.gob.ec\/site\/?page_id=25363"},"modified":"2023-07-09T04:21:39","modified_gmt":"2023-07-09T04:21:39","slug":"rendicion-de-cuentas-2022","status":"publish","type":"page","link":"https:\/\/naranjal.gob.ec\/site\/rendicion-de-cuentas-2022\/","title":{"rendered":"Rendici\u00f3n de cuentas 2022"},"content":{"rendered":"\t\t<div data-elementor-type=\"wp-page\" data-elementor-id=\"25363\" class=\"elementor elementor-25363\">\n\t\t\t\t\t\t<section class=\"elementor-section elementor-top-section elementor-element elementor-element-2cad570 elementor-section-height-min-height elementor-section-boxed elementor-section-height-default elementor-section-items-middle\" data-id=\"2cad570\" data-element_type=\"section\" data-settings=\"{&quot;background_background&quot;:&quot;classic&quot;}\">\n\t\t\t\t\t\t<div class=\"elementor-container elementor-column-gap-default\">\n\t\t\t\t\t<div class=\"elementor-column elementor-col-100 elementor-top-column elementor-element elementor-element-0fe217c\" data-id=\"0fe217c\" data-element_type=\"column\">\n\t\t\t<div class=\"elementor-widget-wrap elementor-element-populated\">\n\t\t\t\t\t\t<div class=\"elementor-element elementor-element-4befc41 elementor-widget elementor-widget-heading\" data-id=\"4befc41\" data-element_type=\"widget\" data-widget_type=\"heading.default\">\n\t\t\t\t<div class=\"elementor-widget-container\">\n\t\t\t<h2 class=\"elementor-heading-title elementor-size-default\">RENDICI\u00d3N DE CUENTAS 2022<\/h2>\t\t<\/div>\n\t\t\t\t<\/div>\n\t\t\t\t\t<\/div>\n\t\t<\/div>\n\t\t\t\t\t<\/div>\n\t\t<\/section>\n\t\t\t\t<section class=\"elementor-section elementor-top-section elementor-element elementor-element-32bf406 elementor-section-boxed elementor-section-height-default elementor-section-height-default\" data-id=\"32bf406\" data-element_type=\"section\">\n\t\t\t\t\t\t<div class=\"elementor-container elementor-column-gap-default\">\n\t\t\t\t\t<div class=\"elementor-column elementor-col-100 elementor-top-column elementor-element elementor-element-0ba552e\" data-id=\"0ba552e\" data-element_type=\"column\">\n\t\t\t<div class=\"elementor-widget-wrap elementor-element-populated\">\n\t\t\t\t\t\t<div class=\"elementor-element elementor-element-b1475dc elementor-widget elementor-widget-image\" data-id=\"b1475dc\" data-element_type=\"widget\" data-widget_type=\"image.default\">\n\t\t\t\t<div class=\"elementor-widget-container\">\n\t\t\t\t\t\t\t\t\t\t\t\t\t<img fetchpriority=\"high\" decoding=\"async\" width=\"768\" height=\"768\" src=\"https:\/\/naranjal.gob.ec\/site\/wp-content\/uploads\/2023\/07\/Fase2-768x768.jpg\" class=\"attachment-medium_large size-medium_large wp-image-26856\" alt=\"\" srcset=\"https:\/\/naranjal.gob.ec\/site\/wp-content\/uploads\/2023\/07\/Fase2-768x768.jpg 768w, https:\/\/naranjal.gob.ec\/site\/wp-content\/uploads\/2023\/07\/Fase2-300x300.jpg 300w, https:\/\/naranjal.gob.ec\/site\/wp-content\/uploads\/2023\/07\/Fase2-1024x1024.jpg 1024w, https:\/\/naranjal.gob.ec\/site\/wp-content\/uploads\/2023\/07\/Fase2-150x150.jpg 150w, https:\/\/naranjal.gob.ec\/site\/wp-content\/uploads\/2023\/07\/Fase2-1536x1536.jpg 1536w, https:\/\/naranjal.gob.ec\/site\/wp-content\/uploads\/2023\/07\/Fase2-600x600.jpg 600w, https:\/\/naranjal.gob.ec\/site\/wp-content\/uploads\/2023\/07\/Fase2-100x100.jpg 100w, https:\/\/naranjal.gob.ec\/site\/wp-content\/uploads\/2023\/07\/Fase2.jpg 2048w\" sizes=\"(max-width: 768px) 100vw, 768px\" \/>\t\t\t\t\t\t\t\t\t\t\t\t\t<\/div>\n\t\t\t\t<\/div>\n\t\t\t\t\t<\/div>\n\t\t<\/div>\n\t\t\t\t\t<\/div>\n\t\t<\/section>\n\t\t\t\t<section class=\"elementor-section elementor-top-section elementor-element elementor-element-042840b elementor-section-boxed elementor-section-height-default elementor-section-height-default\" data-id=\"042840b\" data-element_type=\"section\">\n\t\t\t\t\t\t<div class=\"elementor-container elementor-column-gap-default\">\n\t\t\t\t\t<div class=\"elementor-column elementor-col-100 elementor-top-column elementor-element elementor-element-073e496\" data-id=\"073e496\" data-element_type=\"column\">\n\t\t\t<div class=\"elementor-widget-wrap elementor-element-populated\">\n\t\t\t\t\t\t<div class=\"elementor-element elementor-element-57fabc9 elementor-widget elementor-widget-video\" data-id=\"57fabc9\" data-element_type=\"widget\" data-settings=\"{&quot;video_type&quot;:&quot;hosted&quot;,&quot;controls&quot;:&quot;yes&quot;}\" data-widget_type=\"video.default\">\n\t\t\t\t<div class=\"elementor-widget-container\">\n\t\t\t\t\t<div class=\"e-hosted-video elementor-wrapper elementor-open-inline\">\n\t\t\t\t\t<video class=\"elementor-video\" src=\"https:\/\/naranjal.gob.ec\/site\/wp-content\/uploads\/2023\/07\/rendicion20final202022.mp4\" controls=\"\" preload=\"metadata\" controlsList=\"nodownload\"><\/video>\n\t\t\t\t<\/div>\n\t\t\t\t<\/div>\n\t\t\t\t<\/div>\n\t\t\t\t\t<\/div>\n\t\t<\/div>\n\t\t\t\t\t<\/div>\n\t\t<\/section>\n\t\t\t\t<section class=\"elementor-section elementor-top-section elementor-element elementor-element-84d9dc2 elementor-section-boxed elementor-section-height-default elementor-section-height-default\" data-id=\"84d9dc2\" data-element_type=\"section\">\n\t\t\t\t\t\t<div class=\"elementor-container elementor-column-gap-default\">\n\t\t\t\t\t<div class=\"elementor-column elementor-col-100 elementor-top-column elementor-element elementor-element-920d3e8\" data-id=\"920d3e8\" data-element_type=\"column\">\n\t\t\t<div class=\"elementor-widget-wrap elementor-element-populated\">\n\t\t\t\t\t\t<div class=\"elementor-element elementor-element-58c853b elementor-widget elementor-widget-text-editor\" data-id=\"58c853b\" data-element_type=\"widget\" data-widget_type=\"text-editor.default\">\n\t\t\t\t<div class=\"elementor-widget-container\">\n\t\t\t\t\t\t\t<h6>Cumpliendo con lo que dispone la ley Org\u00e1nica de Participaci\u00f3n Ciudadana y Control Social, y la Resoluci\u00f3n No. CPCCS-PLE-SG-069-2021-476, de fecha 10 de marzo de 2022, el GAD Municipal del Cant\u00f3n Naranjal y la Administraci\u00f3n del Ab. Luigi Rivera Gutierrez debe cumplir con el proceso de Rendici\u00f3n de Cuentas del a\u00f1o fiscal 2022; para lo cual solicita a usted se sirva formular las preguntas que considere pertinentes realizar al Se\u00f1or Alcalde, relacionadas con la Gesti\u00f3n Administrativa Municipal del a\u00f1o 2022<\/h6>\t\t\t\t\t\t<\/div>\n\t\t\t\t<\/div>\n\t\t\t\t\t<\/div>\n\t\t<\/div>\n\t\t\t\t\t<\/div>\n\t\t<\/section>\n\t\t\t\t<\/div>\n\t\t","protected":false},"excerpt":{"rendered":"<p>RENDICI\u00d3N DE CUENTAS 2022 https:\/\/naranjal.gob.ec\/site\/wp-content\/uploads\/2023\/07\/rendicion20final202022.mp4 Cumpliendo con lo que dispone la ley Org\u00e1nica de Participaci\u00f3n Ciudadana y Control Social, y la Resoluci\u00f3n No. CPCCS-PLE-SG-069-2021-476, de fecha 10 de marzo de 2022, el GAD Municipal del Cant\u00f3n Naranjal y la Administraci\u00f3n del Ab. Luigi Rivera Gutierrez debe cumplir con el proceso de Rendici\u00f3n de Cuentas del [&hellip;]<\/p>\n","protected":false},"author":1,"featured_media":0,"parent":0,"menu_order":0,"comment_status":"closed","ping_status":"closed","template":"","meta":{"_eb_attr":"","_uag_custom_page_level_css":"","_joinchat":[],"footnotes":""},"class_list":["post-25363","page","type-page","status-publish","hentry"],"uagb_featured_image_src":{"full":false,"thumbnail":false,"medium":false,"medium_large":false,"large":false,"1536x1536":false,"2048x2048":false,"htmega_size_585x295":false,"htmega_size_1170x536":false,"htmega_size_396x360":false,"widget":false,"square":false,"featured":false,"featured_large":false,"extra_large":false,"portfolio":false,"portfolio_small":false,"gallery":false,"magazine":false,"masonry":false,"entry_with_sidebar":false,"entry_without_sidebar":false},"uagb_author_info":{"display_name":"naranjal","author_link":"https:\/\/naranjal.gob.ec\/site\/author\/naranjal\/"},"uagb_comment_info":0,"uagb_excerpt":"RENDICI\u00d3N DE CUENTAS 2022 https:\/\/naranjal.gob.ec\/site\/wp-content\/uploads\/2023\/07\/rendicion20final202022.mp4 Cumpliendo con lo que dispone la ley Org\u00e1nica de Participaci\u00f3n Ciudadana y Control Social, y la Resoluci\u00f3n No. CPCCS-PLE-SG-069-2021-476, de fecha 10 de marzo de 2022, el GAD Municipal del Cant\u00f3n Naranjal y la Administraci\u00f3n del Ab. Luigi Rivera Gutierrez debe cumplir con el proceso de Rendici\u00f3n de Cuentas del&hellip;","_links":{"self":[{"href":"https:\/\/naranjal.gob.ec\/site\/wp-json\/wp\/v2\/pages\/25363","targetHints":{"allow":["GET"]}}],"collection":[{"href":"https:\/\/naranjal.gob.ec\/site\/wp-json\/wp\/v2\/pages"}],"about":[{"href":"https:\/\/naranjal.gob.ec\/site\/wp-json\/wp\/v2\/types\/page"}],"author":[{"embeddable":true,"href":"https:\/\/naranjal.gob.ec\/site\/wp-json\/wp\/v2\/users\/1"}],"replies":[{"embeddable":true,"href":"https:\/\/naranjal.gob.ec\/site\/wp-json\/wp\/v2\/comments?post=25363"}],"version-history":[{"count":7,"href":"https:\/\/naranjal.gob.ec\/site\/wp-json\/wp\/v2\/pages\/25363\/revisions"}],"predecessor-version":[{"id":26875,"href":"https:\/\/naranjal.gob.ec\/site\/wp-json\/wp\/v2\/pages\/25363\/revisions\/26875"}],"wp:attachment":[{"href":"https:\/\/naranjal.gob.ec\/site\/wp-json\/wp\/v2\/media?parent=25363"}],"curies":[{"name":"wp","href":"https:\/\/api.w.org\/{rel}","templated":true}]}}