{"id":29067,"date":"2024-04-25T13:41:07","date_gmt":"2024-04-25T18:41:07","guid":{"rendered":"https:\/\/naranjal.gob.ec\/site\/?page_id=29067"},"modified":"2024-12-10T10:37:55","modified_gmt":"2024-12-10T15:37:55","slug":"estudioambiental","status":"publish","type":"page","link":"https:\/\/naranjal.gob.ec\/site\/estudioambiental\/","title":{"rendered":"Estudio de Impacto Ambiental"},"content":{"rendered":"\t\t<div data-elementor-type=\"wp-page\" data-elementor-id=\"29067\" class=\"elementor elementor-29067\">\n\t\t\t\t\t\t<section class=\"elementor-section elementor-top-section elementor-element elementor-element-cd9bcf7 elementor-section-full_width elementor-section-stretched elementor-section-height-default elementor-section-height-default\" data-id=\"cd9bcf7\" data-element_type=\"section\" data-settings=\"{&quot;background_background&quot;:&quot;classic&quot;,&quot;stretch_section&quot;:&quot;section-stretched&quot;}\">\n\t\t\t\t\t\t\t<div class=\"elementor-background-overlay\"><\/div>\n\t\t\t\t\t\t\t<div class=\"elementor-container elementor-column-gap-no\">\n\t\t\t\t\t<div class=\"elementor-column elementor-col-100 elementor-top-column elementor-element elementor-element-e2cdca9\" data-id=\"e2cdca9\" data-element_type=\"column\">\n\t\t\t<div class=\"elementor-widget-wrap elementor-element-populated\">\n\t\t\t\t\t\t<div class=\"elementor-element elementor-element-2726361 elementor-widget__width-initial elementor-widget elementor-widget-heading\" data-id=\"2726361\" data-element_type=\"widget\" data-widget_type=\"heading.default\">\n\t\t\t\t<div class=\"elementor-widget-container\">\n\t\t\t<h1 class=\"elementor-heading-title elementor-size-default\">Estudio de Impacto Ambiental<\/h1>\t\t<\/div>\n\t\t\t\t<\/div>\n\t\t\t\t\t<\/div>\n\t\t<\/div>\n\t\t\t\t\t<\/div>\n\t\t<\/section>\n\t\t\t\t<section class=\"elementor-section elementor-top-section elementor-element elementor-element-09d29bf elementor-section-boxed elementor-section-height-default elementor-section-height-default\" data-id=\"09d29bf\" data-element_type=\"section\">\n\t\t\t\t\t\t<div class=\"elementor-container elementor-column-gap-default\">\n\t\t\t\t\t<div class=\"elementor-column elementor-col-100 elementor-top-column elementor-element elementor-element-96f3d11\" data-id=\"96f3d11\" data-element_type=\"column\">\n\t\t\t<div class=\"elementor-widget-wrap elementor-element-populated\">\n\t\t\t\t\t\t<div class=\"elementor-element elementor-element-7adf636 elementor-widget elementor-widget-shortcode\" data-id=\"7adf636\" data-element_type=\"widget\" data-widget_type=\"shortcode.default\">\n\t\t\t\t<div class=\"elementor-widget-container\">\n\t\t\t\t\t<div class=\"elementor-shortcode\"><button id=\"listenButton1\" class=\"responsivevoice-button\" type=\"button\" value=\"Play\" title=\"ResponsiveVoice Tap to Start\/Stop Speech\"><span>&#128266; Escuchar la entrada<\/span><\/button>\n        <script>\n            listenButton1.onclick = function(){\n                if(responsiveVoice.isPlaying()){\n                    responsiveVoice.cancel();\n                }else{\n                    responsiveVoice.speak(\"Estudio de Impacto Ambiental CONSTRUCCION, OPERACI\u00d3N, MANTENIMIENTO, CIERRE Y ABANDONO, CAMAL MUNICIPAL \u00a0Descargar OPERACI\u00d3N, MANTENIMIENTO, CIERRE Y ABANDONO PARA LA EXPLOTACION DE MATERIALES DE CONSTRUCCI\u00d3N (\u00c1RIDOS Y P\u00c9TREOS) DE LA CONCESI\u00d3N MINERA ANGABAR C\u00d3DIGO 091154-2015-113 \u00a0Descargar\", \"Spanish Latin American Male\");\n                }\n            };\n        <\/script>\n    <\/div>\n\t\t\t\t<\/div>\n\t\t\t\t<\/div>\n\t\t\t\t\t<\/div>\n\t\t<\/div>\n\t\t\t\t\t<\/div>\n\t\t<\/section>\n\t\t\t\t<section class=\"elementor-section elementor-top-section elementor-element elementor-element-4461064 elementor-section-boxed elementor-section-height-default elementor-section-height-default\" data-id=\"4461064\" data-element_type=\"section\">\n\t\t\t\t\t\t<div class=\"elementor-container elementor-column-gap-default\">\n\t\t\t\t\t<div class=\"elementor-column elementor-col-100 elementor-top-column elementor-element elementor-element-b8975a5\" data-id=\"b8975a5\" data-element_type=\"column\">\n\t\t\t<div class=\"elementor-widget-wrap elementor-element-populated\">\n\t\t\t\t\t\t<div class=\"elementor-element elementor-element-291a27a elementor-widget elementor-widget-accordion\" data-id=\"291a27a\" data-element_type=\"widget\" data-widget_type=\"accordion.default\">\n\t\t\t\t<div class=\"elementor-widget-container\">\n\t\t\t\t\t<div class=\"elementor-accordion\">\n\t\t\t\t\t\t\t<div class=\"elementor-accordion-item\">\n\t\t\t\t\t<div id=\"elementor-tab-title-4301\" class=\"elementor-tab-title\" data-tab=\"1\" role=\"button\" aria-controls=\"elementor-tab-content-4301\" aria-expanded=\"false\">\n\t\t\t\t\t\t\t\t\t\t\t\t\t<span class=\"elementor-accordion-icon elementor-accordion-icon-left\" aria-hidden=\"true\">\n\t\t\t\t\t\t\t\t\t\t\t\t\t\t\t<span class=\"elementor-accordion-icon-closed\"><i class=\"fas fa-plus\"><\/i><\/span>\n\t\t\t\t\t\t\t\t<span class=\"elementor-accordion-icon-opened\"><i class=\"fas fa-minus\"><\/i><\/span>\n\t\t\t\t\t\t\t\t\t\t\t\t\t\t<\/span>\n\t\t\t\t\t\t\t\t\t\t\t\t<a class=\"elementor-accordion-title\" tabindex=\"0\">CONSTRUCCION, OPERACI\u00d3N, MANTENIMIENTO, CIERRE Y ABANDONO, CAMAL MUNICIPAL<\/a>\n\t\t\t\t\t<\/div>\n\t\t\t\t\t<div id=\"elementor-tab-content-4301\" class=\"elementor-tab-content elementor-clearfix\" data-tab=\"1\" role=\"region\" aria-labelledby=\"elementor-tab-title-4301\"><h5>\u00a0<\/h5><section class=\"section-xs section-cta bg-light text-center text-md-left\"><div class=\"container\"><div class=\"row row-30 justify-content-between align-items-center\"><div class=\"col-12 col-md-8\"><ul><li><h5><a href=\"https:\/\/naranjal.gob.ec\/site\/Transparencia\/Ambiente\/EIA%20CAMAL%20MUNICIPAL.pdf\" target=\"_blank\" rel=\"noopener\">Descargar<\/a><\/h5><\/li><\/ul><\/div><\/div><\/div><\/section><\/div>\n\t\t\t\t<\/div>\n\t\t\t\t\t\t\t<div class=\"elementor-accordion-item\">\n\t\t\t\t\t<div id=\"elementor-tab-title-4302\" class=\"elementor-tab-title\" data-tab=\"2\" role=\"button\" aria-controls=\"elementor-tab-content-4302\" aria-expanded=\"false\">\n\t\t\t\t\t\t\t\t\t\t\t\t\t<span class=\"elementor-accordion-icon elementor-accordion-icon-left\" aria-hidden=\"true\">\n\t\t\t\t\t\t\t\t\t\t\t\t\t\t\t<span class=\"elementor-accordion-icon-closed\"><i class=\"fas fa-plus\"><\/i><\/span>\n\t\t\t\t\t\t\t\t<span class=\"elementor-accordion-icon-opened\"><i class=\"fas fa-minus\"><\/i><\/span>\n\t\t\t\t\t\t\t\t\t\t\t\t\t\t<\/span>\n\t\t\t\t\t\t\t\t\t\t\t\t<a class=\"elementor-accordion-title\" tabindex=\"0\">OPERACI\u00d3N, MANTENIMIENTO, CIERRE Y ABANDONO PARA LA EXPLOTACION DE MATERIALES DE CONSTRUCCI\u00d3N (\u00c1RIDOS Y P\u00c9TREOS) DE LA CONCESI\u00d3N MINERA ANGABAR C\u00d3DIGO 091154-2015-113<\/a>\n\t\t\t\t\t<\/div>\n\t\t\t\t\t<div id=\"elementor-tab-content-4302\" class=\"elementor-tab-content elementor-clearfix\" data-tab=\"2\" role=\"region\" aria-labelledby=\"elementor-tab-title-4302\"><h5>\u00a0<\/h5><section class=\"section-xs section-cta bg-light text-center text-md-left\"><div class=\"container\"><div class=\"row row-30 justify-content-between align-items-center\"><div class=\"col-12 col-md-8\"><ul><li><h5><a href=\"https:\/\/naranjal.gob.ec\/site\/Transparencia\/Ambiente\/EIA%20ANGABAR-signed%20(1).pdf\" target=\"_blank\" rel=\"noopener\">Descargar<\/a><\/h5><\/li><\/ul><\/div><\/div><\/div><\/section><\/div>\n\t\t\t\t<\/div>\n\t\t\t\t\t\t\t\t<\/div>\n\t\t\t\t<\/div>\n\t\t\t\t<\/div>\n\t\t\t\t\t<\/div>\n\t\t<\/div>\n\t\t\t\t\t<\/div>\n\t\t<\/section>\n\t\t\t\t<\/div>\n\t\t","protected":false},"excerpt":{"rendered":"<p>Estudio de Impacto Ambiental CONSTRUCCION, OPERACI\u00d3N, MANTENIMIENTO, CIERRE Y ABANDONO, CAMAL MUNICIPAL \u00a0 Descargar OPERACI\u00d3N, MANTENIMIENTO, CIERRE Y ABANDONO PARA LA EXPLOTACION DE MATERIALES DE CONSTRUCCI\u00d3N (\u00c1RIDOS Y P\u00c9TREOS) DE LA CONCESI\u00d3N MINERA ANGABAR C\u00d3DIGO 091154-2015-113 \u00a0 Descargar<\/p>\n","protected":false},"author":1,"featured_media":0,"parent":0,"menu_order":0,"comment_status":"closed","ping_status":"closed","template":"","meta":{"_eb_attr":"","_uag_custom_page_level_css":"","_joinchat":[],"footnotes":""},"class_list":["post-29067","page","type-page","status-publish","hentry"],"uagb_featured_image_src":{"full":false,"thumbnail":false,"medium":false,"medium_large":false,"large":false,"1536x1536":false,"2048x2048":false,"htmega_size_585x295":false,"htmega_size_1170x536":false,"htmega_size_396x360":false,"widget":false,"square":false,"featured":false,"featured_large":false,"extra_large":false,"portfolio":false,"portfolio_small":false,"gallery":false,"magazine":false,"masonry":false,"entry_with_sidebar":false,"entry_without_sidebar":false},"uagb_author_info":{"display_name":"naranjal","author_link":"https:\/\/naranjal.gob.ec\/site\/author\/naranjal\/"},"uagb_comment_info":0,"uagb_excerpt":"Estudio de Impacto Ambiental CONSTRUCCION, OPERACI\u00d3N, MANTENIMIENTO, CIERRE Y ABANDONO, CAMAL MUNICIPAL \u00a0 Descargar OPERACI\u00d3N, MANTENIMIENTO, CIERRE Y ABANDONO PARA LA EXPLOTACION DE MATERIALES DE CONSTRUCCI\u00d3N (\u00c1RIDOS Y P\u00c9TREOS) DE LA CONCESI\u00d3N MINERA ANGABAR C\u00d3DIGO 091154-2015-113 \u00a0 Descargar","_links":{"self":[{"href":"https:\/\/naranjal.gob.ec\/site\/wp-json\/wp\/v2\/pages\/29067","targetHints":{"allow":["GET"]}}],"collection":[{"href":"https:\/\/naranjal.gob.ec\/site\/wp-json\/wp\/v2\/pages"}],"about":[{"href":"https:\/\/naranjal.gob.ec\/site\/wp-json\/wp\/v2\/types\/page"}],"author":[{"embeddable":true,"href":"https:\/\/naranjal.gob.ec\/site\/wp-json\/wp\/v2\/users\/1"}],"replies":[{"embeddable":true,"href":"https:\/\/naranjal.gob.ec\/site\/wp-json\/wp\/v2\/comments?post=29067"}],"version-history":[{"count":7,"href":"https:\/\/naranjal.gob.ec\/site\/wp-json\/wp\/v2\/pages\/29067\/revisions"}],"predecessor-version":[{"id":29233,"href":"https:\/\/naranjal.gob.ec\/site\/wp-json\/wp\/v2\/pages\/29067\/revisions\/29233"}],"wp:attachment":[{"href":"https:\/\/naranjal.gob.ec\/site\/wp-json\/wp\/v2\/media?parent=29067"}],"curies":[{"name":"wp","href":"https:\/\/api.w.org\/{rel}","templated":true}]}}