{"id":29135,"date":"2024-08-14T16:20:25","date_gmt":"2024-08-14T21:20:25","guid":{"rendered":"https:\/\/naranjal.gob.ec\/site\/?page_id=29135"},"modified":"2026-01-15T20:06:18","modified_gmt":"2026-01-16T01:06:18","slug":"resolucionesgenerales","status":"publish","type":"page","link":"https:\/\/naranjal.gob.ec\/site\/resolucionesgenerales\/","title":{"rendered":"Resoluciones Generales"},"content":{"rendered":"\t\t<div data-elementor-type=\"wp-page\" data-elementor-id=\"29135\" class=\"elementor elementor-29135\">\n\t\t\t\t\t\t<section class=\"elementor-section elementor-top-section elementor-element elementor-element-cd9bcf7 elementor-section-full_width elementor-section-stretched elementor-section-height-default elementor-section-height-default\" data-id=\"cd9bcf7\" data-element_type=\"section\" data-settings=\"{&quot;background_background&quot;:&quot;classic&quot;,&quot;stretch_section&quot;:&quot;section-stretched&quot;}\">\n\t\t\t\t\t\t\t<div class=\"elementor-background-overlay\"><\/div>\n\t\t\t\t\t\t\t<div class=\"elementor-container elementor-column-gap-no\">\n\t\t\t\t\t<div class=\"elementor-column elementor-col-100 elementor-top-column elementor-element elementor-element-e2cdca9\" data-id=\"e2cdca9\" data-element_type=\"column\">\n\t\t\t<div class=\"elementor-widget-wrap elementor-element-populated\">\n\t\t\t\t\t\t<div class=\"elementor-element elementor-element-2726361 elementor-widget elementor-widget-heading\" data-id=\"2726361\" data-element_type=\"widget\" data-widget_type=\"heading.default\">\n\t\t\t\t<div class=\"elementor-widget-container\">\n\t\t\t<h1 class=\"elementor-heading-title elementor-size-default\">Resoluciones<\/h1>\t\t<\/div>\n\t\t\t\t<\/div>\n\t\t\t\t\t<\/div>\n\t\t<\/div>\n\t\t\t\t\t<\/div>\n\t\t<\/section>\n\t\t\t\t<section class=\"elementor-section elementor-top-section elementor-element elementor-element-09d29bf elementor-section-boxed elementor-section-height-default elementor-section-height-default\" data-id=\"09d29bf\" data-element_type=\"section\">\n\t\t\t\t\t\t<div class=\"elementor-container elementor-column-gap-default\">\n\t\t\t\t\t<div class=\"elementor-column elementor-col-100 elementor-top-column elementor-element elementor-element-96f3d11\" data-id=\"96f3d11\" data-element_type=\"column\">\n\t\t\t<div class=\"elementor-widget-wrap elementor-element-populated\">\n\t\t\t\t\t\t<div class=\"elementor-element elementor-element-7adf636 elementor-widget elementor-widget-shortcode\" data-id=\"7adf636\" data-element_type=\"widget\" data-widget_type=\"shortcode.default\">\n\t\t\t\t<div class=\"elementor-widget-container\">\n\t\t\t\t\t<div class=\"elementor-shortcode\"><button id=\"listenButton1\" class=\"responsivevoice-button\" type=\"button\" value=\"Play\" title=\"ResponsiveVoice Tap to Start\/Stop Speech\"><span>&#128266; Escuchar la entrada<\/span><\/button>\n        <script>\n            listenButton1.onclick = function(){\n                if(responsiveVoice.isPlaying()){\n                    responsiveVoice.cancel();\n                }else{\n                    responsiveVoice.speak(\"Resoluciones RESOLUCI\u00d3N GADMCN-PAC-008-2026-LECR 008 RESOLUCI\u00d3N PAC 2026 ADJUDICATARIO FALLIDO RESOLUCI\u00d3N GADMCN-ADJ. FALLIDO-163-2024-JCRG (PROCESO Nro. SIE-GADMCNJ-2024-004) RESOLUCI\u00d3N ADMINISTRATIVA GADMCN-DELEGACI\u00d3N-022-2024-JCRG RESOLUCI\u00d3N ADMINISTRATIVA GADMCN-DELEGACI\u00d3N-022-2024-JCRG RESOLUCI\u00d3N ADMINISTRATIVA DE TERMINACION UNILATERAL GADMCN-140-2025-JCRG RESOLUCI\u00d3N ADMINISTRATIVA DE TERMINACION UNILATERAL GADMCN-140-2025-JCRG Delegacion 17072025.pdf \u00a0Delegacion 17072025.pdf RESOLUCI\u00d3N ADMINISTRATIVA No. ALC-170-A-2025-JCRC RESOLUCI\u00d3N ADMINISTRATIVA No. ALC-170-A-2025-JCRC RESOLUCI\u00d3N DE APROBACI\u00d3N Y PUBLICACI\u00d3N DEL PAC 2026\", \"Spanish Latin American Male\");\n                }\n            };\n        <\/script>\n    <\/div>\n\t\t\t\t<\/div>\n\t\t\t\t<\/div>\n\t\t\t\t\t<\/div>\n\t\t<\/div>\n\t\t\t\t\t<\/div>\n\t\t<\/section>\n\t\t\t\t<section class=\"elementor-section elementor-top-section elementor-element elementor-element-4461064 elementor-section-boxed elementor-section-height-default elementor-section-height-default\" data-id=\"4461064\" data-element_type=\"section\">\n\t\t\t\t\t\t<div class=\"elementor-container elementor-column-gap-default\">\n\t\t\t\t\t<div class=\"elementor-column elementor-col-100 elementor-top-column elementor-element elementor-element-b8975a5\" data-id=\"b8975a5\" data-element_type=\"column\">\n\t\t\t<div class=\"elementor-widget-wrap elementor-element-populated\">\n\t\t\t\t\t\t<div class=\"elementor-element elementor-element-291a27a elementor-widget elementor-widget-accordion\" data-id=\"291a27a\" data-element_type=\"widget\" data-widget_type=\"accordion.default\">\n\t\t\t\t<div class=\"elementor-widget-container\">\n\t\t\t\t\t<div class=\"elementor-accordion\">\n\t\t\t\t\t\t\t<div class=\"elementor-accordion-item\">\n\t\t\t\t\t<div id=\"elementor-tab-title-4301\" class=\"elementor-tab-title\" data-tab=\"1\" role=\"button\" aria-controls=\"elementor-tab-content-4301\" aria-expanded=\"false\">\n\t\t\t\t\t\t\t\t\t\t\t\t\t<span class=\"elementor-accordion-icon elementor-accordion-icon-left\" aria-hidden=\"true\">\n\t\t\t\t\t\t\t\t\t\t\t\t\t\t\t<span class=\"elementor-accordion-icon-closed\"><i class=\"fas fa-plus\"><\/i><\/span>\n\t\t\t\t\t\t\t\t<span class=\"elementor-accordion-icon-opened\"><i class=\"fas fa-minus\"><\/i><\/span>\n\t\t\t\t\t\t\t\t\t\t\t\t\t\t<\/span>\n\t\t\t\t\t\t\t\t\t\t\t\t<a class=\"elementor-accordion-title\" tabindex=\"0\">RESOLUCI\u00d3N GADMCN-PAC-008-2026-LECR<\/a>\n\t\t\t\t\t<\/div>\n\t\t\t\t\t<div id=\"elementor-tab-content-4301\" class=\"elementor-tab-content elementor-clearfix\" data-tab=\"1\" role=\"region\" aria-labelledby=\"elementor-tab-title-4301\"><section class=\"section-xs section-cta bg-light text-center text-md-left\">\n<div class=\"container\">\n<div class=\"row row-30 justify-content-between align-items-center\">\n<div class=\"col-12 col-md-8\">\n<ul>\n \t<li>\n<h5><a href=\"https:\/\/naranjal.gob.ec\/site\/wp-content\/uploads\/2026\/Resoluciones\/pac_sin_esigef%206.xls\" target=\"_blank\" rel=\"noopener\">008 RESOLUCI\u00d3N PAC 2026<\/a><\/h5>\n<\/li>\n<\/ul>\n<\/div>\n<\/div>\n<\/div>\n<\/section><\/div>\n\t\t\t\t<\/div>\n\t\t\t\t\t\t\t<div class=\"elementor-accordion-item\">\n\t\t\t\t\t<div id=\"elementor-tab-title-4302\" class=\"elementor-tab-title\" data-tab=\"2\" role=\"button\" aria-controls=\"elementor-tab-content-4302\" aria-expanded=\"false\">\n\t\t\t\t\t\t\t\t\t\t\t\t\t<span class=\"elementor-accordion-icon elementor-accordion-icon-left\" aria-hidden=\"true\">\n\t\t\t\t\t\t\t\t\t\t\t\t\t\t\t<span class=\"elementor-accordion-icon-closed\"><i class=\"fas fa-plus\"><\/i><\/span>\n\t\t\t\t\t\t\t\t<span class=\"elementor-accordion-icon-opened\"><i class=\"fas fa-minus\"><\/i><\/span>\n\t\t\t\t\t\t\t\t\t\t\t\t\t\t<\/span>\n\t\t\t\t\t\t\t\t\t\t\t\t<a class=\"elementor-accordion-title\" tabindex=\"0\">ADJUDICATARIO FALLIDO<\/a>\n\t\t\t\t\t<\/div>\n\t\t\t\t\t<div id=\"elementor-tab-content-4302\" class=\"elementor-tab-content elementor-clearfix\" data-tab=\"2\" role=\"region\" aria-labelledby=\"elementor-tab-title-4302\"><section class=\"section-xs section-cta bg-light text-center text-md-left\"><div class=\"container\"><div class=\"row row-30 justify-content-between align-items-center\"><div class=\"col-12 col-md-8\"><ul><li><h5><a href=\"https:\/\/naranjal.gob.ec\/site\/wp-content\/uploads\/2024\/Resoluciones\/RESOLUCI%C3%93N%20163%20ADJUDICATARIO%20FALLIDO-signed.pdf\" target=\"_blank\" rel=\"noopener\"><span class=\"fontstyle0\">RESOLUCI\u00d3N GADMCN-ADJ. FALLIDO-163-2024-JCRG (PROCESO Nro. SIE-GADMCNJ-2024-004)<\/span><\/a><\/h5><\/li><\/ul><\/div><\/div><\/div><\/section><\/div>\n\t\t\t\t<\/div>\n\t\t\t\t\t\t\t<div class=\"elementor-accordion-item\">\n\t\t\t\t\t<div id=\"elementor-tab-title-4303\" class=\"elementor-tab-title\" data-tab=\"3\" role=\"button\" aria-controls=\"elementor-tab-content-4303\" aria-expanded=\"false\">\n\t\t\t\t\t\t\t\t\t\t\t\t\t<span class=\"elementor-accordion-icon elementor-accordion-icon-left\" aria-hidden=\"true\">\n\t\t\t\t\t\t\t\t\t\t\t\t\t\t\t<span class=\"elementor-accordion-icon-closed\"><i class=\"fas fa-plus\"><\/i><\/span>\n\t\t\t\t\t\t\t\t<span class=\"elementor-accordion-icon-opened\"><i class=\"fas fa-minus\"><\/i><\/span>\n\t\t\t\t\t\t\t\t\t\t\t\t\t\t<\/span>\n\t\t\t\t\t\t\t\t\t\t\t\t<a class=\"elementor-accordion-title\" tabindex=\"0\">RESOLUCI\u00d3N ADMINISTRATIVA GADMCN-DELEGACI\u00d3N-022-2024-JCRG<\/a>\n\t\t\t\t\t<\/div>\n\t\t\t\t\t<div id=\"elementor-tab-content-4303\" class=\"elementor-tab-content elementor-clearfix\" data-tab=\"3\" role=\"region\" aria-labelledby=\"elementor-tab-title-4303\"><section class=\"section-xs section-cta bg-light text-center text-md-left\"><div class=\"container\"><div class=\"row row-30 justify-content-between align-items-center\"><div class=\"col-12 col-md-8\"><ul><li><h5><a href=\"https:\/\/naranjal.gob.ec\/site\/wp-content\/uploads\/2024\/Resoluciones\/022%20RESOLUCI%C3%93N%20ADMINISTRATIVA%20publicar%20compras%20publicas-signed-signed.pdf\" target=\"_blank\" rel=\"noopener\">RESOLUCI\u00d3N ADMINISTRATIVA GADMCN-DELEGACI\u00d3N-022-2024-JCRG<\/a><\/h5><\/li><\/ul><\/div><\/div><\/div><\/section><\/div>\n\t\t\t\t<\/div>\n\t\t\t\t\t\t\t<div class=\"elementor-accordion-item\">\n\t\t\t\t\t<div id=\"elementor-tab-title-4304\" class=\"elementor-tab-title\" data-tab=\"4\" role=\"button\" aria-controls=\"elementor-tab-content-4304\" aria-expanded=\"false\">\n\t\t\t\t\t\t\t\t\t\t\t\t\t<span class=\"elementor-accordion-icon elementor-accordion-icon-left\" aria-hidden=\"true\">\n\t\t\t\t\t\t\t\t\t\t\t\t\t\t\t<span class=\"elementor-accordion-icon-closed\"><i class=\"fas fa-plus\"><\/i><\/span>\n\t\t\t\t\t\t\t\t<span class=\"elementor-accordion-icon-opened\"><i class=\"fas fa-minus\"><\/i><\/span>\n\t\t\t\t\t\t\t\t\t\t\t\t\t\t<\/span>\n\t\t\t\t\t\t\t\t\t\t\t\t<a class=\"elementor-accordion-title\" tabindex=\"0\">RESOLUCI\u00d3N ADMINISTRATIVA DE TERMINACION UNILATERAL GADMCN-140-2025-JCRG<\/a>\n\t\t\t\t\t<\/div>\n\t\t\t\t\t<div id=\"elementor-tab-content-4304\" class=\"elementor-tab-content elementor-clearfix\" data-tab=\"4\" role=\"region\" aria-labelledby=\"elementor-tab-title-4304\"><ul><li style=\"list-style-type: none;\"><ul><li><h5><strong><a href=\"https:\/\/naranjal.gob.ec\/site\/wp-content\/uploads\/2025\/Resoluciones\/RESOLUCI%C3%93N%20140%20TERMINACION%20UNILATERAL%20CHACAYACU%20%281%29-signed-1.pdf\" target=\"_blank\" rel=\"noopener\">RESOLUCI\u00d3N ADMINISTRATIVA DE TERMINACION UNILATERAL GADMCN-140-2025-JCRG<\/a><\/strong><\/h5><\/li><\/ul><\/li><\/ul><\/div>\n\t\t\t\t<\/div>\n\t\t\t\t\t\t\t<div class=\"elementor-accordion-item\">\n\t\t\t\t\t<div id=\"elementor-tab-title-4305\" class=\"elementor-tab-title\" data-tab=\"5\" role=\"button\" aria-controls=\"elementor-tab-content-4305\" aria-expanded=\"false\">\n\t\t\t\t\t\t\t\t\t\t\t\t\t<span class=\"elementor-accordion-icon elementor-accordion-icon-left\" aria-hidden=\"true\">\n\t\t\t\t\t\t\t\t\t\t\t\t\t\t\t<span class=\"elementor-accordion-icon-closed\"><i class=\"fas fa-plus\"><\/i><\/span>\n\t\t\t\t\t\t\t\t<span class=\"elementor-accordion-icon-opened\"><i class=\"fas fa-minus\"><\/i><\/span>\n\t\t\t\t\t\t\t\t\t\t\t\t\t\t<\/span>\n\t\t\t\t\t\t\t\t\t\t\t\t<a class=\"elementor-accordion-title\" tabindex=\"0\">Delegacion 17072025.pdf<\/a>\n\t\t\t\t\t<\/div>\n\t\t\t\t\t<div id=\"elementor-tab-content-4305\" class=\"elementor-tab-content elementor-clearfix\" data-tab=\"5\" role=\"region\" aria-labelledby=\"elementor-tab-title-4305\"><h5>\u00a0<\/h5><ul><li style=\"list-style-type: none;\"><ul><li><span style=\"text-decoration: underline;\"><strong><a href=\"https:\/\/naranjal.gob.ec\/site\/wp-content\/uploads\/2025\/Resoluciones\/Delegacion%2017072025.pdf\" target=\"_blank\" rel=\"noopener\">Delegacion 17072025.pdf<\/a><\/strong><\/span><\/li><\/ul><\/li><\/ul><\/div>\n\t\t\t\t<\/div>\n\t\t\t\t\t\t\t<div class=\"elementor-accordion-item\">\n\t\t\t\t\t<div id=\"elementor-tab-title-4306\" class=\"elementor-tab-title\" data-tab=\"6\" role=\"button\" aria-controls=\"elementor-tab-content-4306\" aria-expanded=\"false\">\n\t\t\t\t\t\t\t\t\t\t\t\t\t<span class=\"elementor-accordion-icon elementor-accordion-icon-left\" aria-hidden=\"true\">\n\t\t\t\t\t\t\t\t\t\t\t\t\t\t\t<span class=\"elementor-accordion-icon-closed\"><i class=\"fas fa-plus\"><\/i><\/span>\n\t\t\t\t\t\t\t\t<span class=\"elementor-accordion-icon-opened\"><i class=\"fas fa-minus\"><\/i><\/span>\n\t\t\t\t\t\t\t\t\t\t\t\t\t\t<\/span>\n\t\t\t\t\t\t\t\t\t\t\t\t<a class=\"elementor-accordion-title\" tabindex=\"0\">RESOLUCI\u00d3N ADMINISTRATIVA No. ALC-170-A-2025-JCRC<\/a>\n\t\t\t\t\t<\/div>\n\t\t\t\t\t<div id=\"elementor-tab-content-4306\" class=\"elementor-tab-content elementor-clearfix\" data-tab=\"6\" role=\"region\" aria-labelledby=\"elementor-tab-title-4306\"><ul><li><strong><a href=\"https:\/\/naranjal.gob.ec\/site\/wp-content\/uploads\/2025\/Resoluciones\/RES.%20ADM.%20ALC-170-A-JCRG.pdf\" target=\"_blank\" rel=\"noopener\"><span style=\"text-decoration: underline;\">RESOLUCI\u00d3N ADMINISTRATIVA No. ALC-170-A-2025-JCRC<\/span><\/a><\/strong><\/li><\/ul><\/div>\n\t\t\t\t<\/div>\n\t\t\t\t\t\t\t<div class=\"elementor-accordion-item\">\n\t\t\t\t\t<div id=\"elementor-tab-title-4307\" class=\"elementor-tab-title\" data-tab=\"7\" role=\"button\" aria-controls=\"elementor-tab-content-4307\" aria-expanded=\"false\">\n\t\t\t\t\t\t\t\t\t\t\t\t\t<span class=\"elementor-accordion-icon elementor-accordion-icon-left\" aria-hidden=\"true\">\n\t\t\t\t\t\t\t\t\t\t\t\t\t\t\t<span class=\"elementor-accordion-icon-closed\"><i class=\"fas fa-plus\"><\/i><\/span>\n\t\t\t\t\t\t\t\t<span class=\"elementor-accordion-icon-opened\"><i class=\"fas fa-minus\"><\/i><\/span>\n\t\t\t\t\t\t\t\t\t\t\t\t\t\t<\/span>\n\t\t\t\t\t\t\t\t\t\t\t\t<a class=\"elementor-accordion-title\" tabindex=\"0\">RESOLUCI\u00d3N DE APROBACI\u00d3N Y PUBLICACI\u00d3N DEL PAC 2026<\/a>\n\t\t\t\t\t<\/div>\n\t\t\t\t\t<div id=\"elementor-tab-content-4307\" class=\"elementor-tab-content elementor-clearfix\" data-tab=\"7\" role=\"region\" aria-labelledby=\"elementor-tab-title-4307\"><\/div>\n\t\t\t\t<\/div>\n\t\t\t\t\t\t\t\t<\/div>\n\t\t\t\t<\/div>\n\t\t\t\t<\/div>\n\t\t\t\t\t<\/div>\n\t\t<\/div>\n\t\t\t\t\t<\/div>\n\t\t<\/section>\n\t\t\t\t<\/div>\n\t\t","protected":false},"excerpt":{"rendered":"<p>Resoluciones RESOLUCI\u00d3N GADMCN-PAC-008-2026-LECR 008 RESOLUCI\u00d3N PAC 2026 ADJUDICATARIO FALLIDO RESOLUCI\u00d3N GADMCN-ADJ. FALLIDO-163-2024-JCRG (PROCESO Nro. SIE-GADMCNJ-2024-004) RESOLUCI\u00d3N ADMINISTRATIVA GADMCN-DELEGACI\u00d3N-022-2024-JCRG RESOLUCI\u00d3N ADMINISTRATIVA GADMCN-DELEGACI\u00d3N-022-2024-JCRG RESOLUCI\u00d3N ADMINISTRATIVA DE TERMINACION UNILATERAL GADMCN-140-2025-JCRG RESOLUCI\u00d3N ADMINISTRATIVA DE TERMINACION UNILATERAL GADMCN-140-2025-JCRG Delegacion 17072025.pdf \u00a0 Delegacion 17072025.pdf RESOLUCI\u00d3N ADMINISTRATIVA No. ALC-170-A-2025-JCRC RESOLUCI\u00d3N ADMINISTRATIVA No. ALC-170-A-2025-JCRC RESOLUCI\u00d3N DE APROBACI\u00d3N Y PUBLICACI\u00d3N DEL PAC 2026<\/p>\n","protected":false},"author":1,"featured_media":0,"parent":0,"menu_order":0,"comment_status":"closed","ping_status":"closed","template":"","meta":{"_eb_attr":"","_uag_custom_page_level_css":"","_joinchat":[],"footnotes":""},"class_list":["post-29135","page","type-page","status-publish","hentry"],"uagb_featured_image_src":{"full":false,"thumbnail":false,"medium":false,"medium_large":false,"large":false,"1536x1536":false,"2048x2048":false,"htmega_size_585x295":false,"htmega_size_1170x536":false,"htmega_size_396x360":false,"widget":false,"square":false,"featured":false,"featured_large":false,"extra_large":false,"portfolio":false,"portfolio_small":false,"gallery":false,"magazine":false,"masonry":false,"entry_with_sidebar":false,"entry_without_sidebar":false},"uagb_author_info":{"display_name":"naranjal","author_link":"https:\/\/naranjal.gob.ec\/site\/author\/naranjal\/"},"uagb_comment_info":0,"uagb_excerpt":"Resoluciones RESOLUCI\u00d3N GADMCN-PAC-008-2026-LECR 008 RESOLUCI\u00d3N PAC 2026 ADJUDICATARIO FALLIDO RESOLUCI\u00d3N GADMCN-ADJ. FALLIDO-163-2024-JCRG (PROCESO Nro. SIE-GADMCNJ-2024-004) RESOLUCI\u00d3N ADMINISTRATIVA GADMCN-DELEGACI\u00d3N-022-2024-JCRG RESOLUCI\u00d3N ADMINISTRATIVA GADMCN-DELEGACI\u00d3N-022-2024-JCRG RESOLUCI\u00d3N ADMINISTRATIVA DE TERMINACION UNILATERAL GADMCN-140-2025-JCRG RESOLUCI\u00d3N ADMINISTRATIVA DE TERMINACION UNILATERAL GADMCN-140-2025-JCRG Delegacion 17072025.pdf \u00a0 Delegacion 17072025.pdf RESOLUCI\u00d3N ADMINISTRATIVA No. ALC-170-A-2025-JCRC RESOLUCI\u00d3N ADMINISTRATIVA No. ALC-170-A-2025-JCRC RESOLUCI\u00d3N DE APROBACI\u00d3N Y PUBLICACI\u00d3N DEL PAC 2026","_links":{"self":[{"href":"https:\/\/naranjal.gob.ec\/site\/wp-json\/wp\/v2\/pages\/29135","targetHints":{"allow":["GET"]}}],"collection":[{"href":"https:\/\/naranjal.gob.ec\/site\/wp-json\/wp\/v2\/pages"}],"about":[{"href":"https:\/\/naranjal.gob.ec\/site\/wp-json\/wp\/v2\/types\/page"}],"author":[{"embeddable":true,"href":"https:\/\/naranjal.gob.ec\/site\/wp-json\/wp\/v2\/users\/1"}],"replies":[{"embeddable":true,"href":"https:\/\/naranjal.gob.ec\/site\/wp-json\/wp\/v2\/comments?post=29135"}],"version-history":[{"count":34,"href":"https:\/\/naranjal.gob.ec\/site\/wp-json\/wp\/v2\/pages\/29135\/revisions"}],"predecessor-version":[{"id":29534,"href":"https:\/\/naranjal.gob.ec\/site\/wp-json\/wp\/v2\/pages\/29135\/revisions\/29534"}],"wp:attachment":[{"href":"https:\/\/naranjal.gob.ec\/site\/wp-json\/wp\/v2\/media?parent=29135"}],"curies":[{"name":"wp","href":"https:\/\/api.w.org\/{rel}","templated":true}]}}