{"id":29369,"date":"2025-05-05T15:45:01","date_gmt":"2025-05-05T20:45:01","guid":{"rendered":"https:\/\/naranjal.gob.ec\/site\/?page_id=29369"},"modified":"2026-03-06T12:41:43","modified_gmt":"2026-03-06T17:41:43","slug":"rendicion-de-cuentas-2024","status":"publish","type":"page","link":"https:\/\/naranjal.gob.ec\/site\/rendicion-de-cuentas-2024\/","title":{"rendered":"Rendici\u00f3n de cuentas 2024"},"content":{"rendered":"\t\t<div data-elementor-type=\"wp-page\" data-elementor-id=\"29369\" class=\"elementor elementor-29369\">\n\t\t\t\t\t\t<section class=\"elementor-section elementor-top-section elementor-element elementor-element-6f895fd elementor-section-boxed elementor-section-height-default elementor-section-height-default\" data-id=\"6f895fd\" data-element_type=\"section\" data-settings=\"{&quot;background_background&quot;:&quot;classic&quot;}\">\n\t\t\t\t\t\t\t<div class=\"elementor-background-overlay\"><\/div>\n\t\t\t\t\t\t\t<div class=\"elementor-container elementor-column-gap-no\">\n\t\t\t\t\t<div class=\"elementor-column elementor-col-100 elementor-top-column elementor-element elementor-element-2d9d82b\" data-id=\"2d9d82b\" data-element_type=\"column\">\n\t\t\t<div class=\"elementor-widget-wrap elementor-element-populated\">\n\t\t\t\t\t\t<div class=\"elementor-element elementor-element-9018fda elementor-widget elementor-widget-heading\" data-id=\"9018fda\" data-element_type=\"widget\" data-widget_type=\"heading.default\">\n\t\t\t\t<div class=\"elementor-widget-container\">\n\t\t\t<h1 class=\"elementor-heading-title elementor-size-default\">RENDICI\u00d3N DE CUENTAS 2024<\/h1>\t\t<\/div>\n\t\t\t\t<\/div>\n\t\t\t\t\t<\/div>\n\t\t<\/div>\n\t\t\t\t\t<\/div>\n\t\t<\/section>\n\t\t\t\t<section class=\"elementor-section elementor-top-section elementor-element elementor-element-0b9eb43 elementor-section-boxed elementor-section-height-default elementor-section-height-default\" data-id=\"0b9eb43\" data-element_type=\"section\">\n\t\t\t\t\t\t<div class=\"elementor-container elementor-column-gap-default\">\n\t\t\t\t\t<div class=\"elementor-column elementor-col-100 elementor-top-column elementor-element elementor-element-438eae1\" data-id=\"438eae1\" data-element_type=\"column\">\n\t\t\t<div class=\"elementor-widget-wrap elementor-element-populated\">\n\t\t\t\t\t\t<div class=\"elementor-element elementor-element-b79afae elementor-widget elementor-widget-heading\" data-id=\"b79afae\" data-element_type=\"widget\" data-widget_type=\"heading.default\">\n\t\t\t\t<div class=\"elementor-widget-container\">\n\t\t\t<h3 class=\"elementor-heading-title elementor-size-default\">\u201cLa rendici\u00f3n de cuentas es un proceso de di\u00e1logo e intermediaci\u00f3n entre autoridades y ciudadania para informar y poner en su consideraci\u00f3n las acciones, proyectos y resultados de la gesti\u00f3n p\u00fablica.\u201d<\/h3>\t\t<\/div>\n\t\t\t\t<\/div>\n\t\t\t\t\t<\/div>\n\t\t<\/div>\n\t\t\t\t\t<\/div>\n\t\t<\/section>\n\t\t\t\t<section class=\"elementor-section elementor-top-section elementor-element elementor-element-8b76f6d elementor-section-boxed elementor-section-height-default elementor-section-height-default\" data-id=\"8b76f6d\" data-element_type=\"section\">\n\t\t\t\t\t\t<div class=\"elementor-container elementor-column-gap-default\">\n\t\t\t\t\t<div class=\"elementor-column elementor-col-100 elementor-top-column elementor-element elementor-element-11a4a40\" data-id=\"11a4a40\" data-element_type=\"column\">\n\t\t\t<div class=\"elementor-widget-wrap elementor-element-populated\">\n\t\t\t\t\t\t<div class=\"elementor-element elementor-element-cdbe233 elementor-widget elementor-widget-shortcode\" data-id=\"cdbe233\" data-element_type=\"widget\" data-widget_type=\"shortcode.default\">\n\t\t\t\t<div class=\"elementor-widget-container\">\n\t\t\t\t\t<div class=\"elementor-shortcode\"><button id=\"listenButton1\" class=\"responsivevoice-button\" type=\"button\" value=\"Play\" title=\"ResponsiveVoice Tap to Start\/Stop Speech\"><span>&#128266; Escuchar la entrada<\/span><\/button>\n        <script>\n            listenButton1.onclick = function(){\n                if(responsiveVoice.isPlaying()){\n                    responsiveVoice.cancel();\n                }else{\n                    responsiveVoice.speak(\"RENDICI\u00d3N DE CUENTAS 2024 \u201cLa rendici\u00f3n de cuentas es un proceso de di\u00e1logo e intermediaci\u00f3n entre autoridades y ciudadania para informar y poner en su consideraci\u00f3n las acciones, proyectos y resultados de la gesti\u00f3n p\u00fablica.\u201d 1. Plan de Desarrollo y Ordenamiento Territorial (PDOT) actualizado. 2. Plan de Gobierno del se\u00f1or Alcalde. 3. Plan Operativo Anual (POA) 2024. 4. Presupuesto Institucional 2024.\", \"Spanish Latin American Male\");\n                }\n            };\n        <\/script>\n    <\/div>\n\t\t\t\t<\/div>\n\t\t\t\t<\/div>\n\t\t\t\t\t<\/div>\n\t\t<\/div>\n\t\t\t\t\t<\/div>\n\t\t<\/section>\n\t\t\t\t<section class=\"elementor-section elementor-top-section elementor-element elementor-element-de665d0 elementor-section-boxed elementor-section-height-default elementor-section-height-default\" data-id=\"de665d0\" data-element_type=\"section\">\n\t\t\t\t\t\t<div class=\"elementor-container elementor-column-gap-default\">\n\t\t\t\t\t<div class=\"elementor-column elementor-col-100 elementor-top-column elementor-element elementor-element-c2be3ce\" data-id=\"c2be3ce\" data-element_type=\"column\">\n\t\t\t<div class=\"elementor-widget-wrap elementor-element-populated\">\n\t\t\t\t\t\t<div class=\"elementor-element elementor-element-fd5d4c1 elementor-icon-list--layout-traditional elementor-list-item-link-full_width elementor-widget elementor-widget-icon-list\" data-id=\"fd5d4c1\" data-element_type=\"widget\" data-widget_type=\"icon-list.default\">\n\t\t\t\t<div class=\"elementor-widget-container\">\n\t\t\t\t\t<ul class=\"elementor-icon-list-items\">\n\t\t\t\t\t\t\t<li class=\"elementor-icon-list-item\">\n\t\t\t\t\t\t\t\t\t\t\t<a href=\"https:\/\/naranjal.gob.ec\/site\/wp-content\/uploads\/2024\/Rendicion%20de%20cuenta%202024\/PLAN%20DE%20DESARROLLO%20Y%20ORDENAMIENTO%20TERRITORIAL_NARANJAL.pdf\" target=\"_blank\">\n\n\t\t\t\t\t\t\t\t\t\t\t\t<span class=\"elementor-icon-list-icon\">\n\t\t\t\t\t\t\t<i aria-hidden=\"true\" class=\"fas fa-check\"><\/i>\t\t\t\t\t\t<\/span>\n\t\t\t\t\t\t\t\t\t\t<span class=\"elementor-icon-list-text\">1. Plan de Desarrollo y Ordenamiento Territorial (PDOT) actualizado.<\/span>\n\t\t\t\t\t\t\t\t\t\t\t<\/a>\n\t\t\t\t\t\t\t\t\t<\/li>\n\t\t\t\t\t\t\t\t<li class=\"elementor-icon-list-item\">\n\t\t\t\t\t\t\t\t\t\t\t<a href=\"https:\/\/naranjal.gob.ec\/site\/wp-content\/uploads\/2024\/Rendicion%20de%20cuenta%202024\/3.%20PLAN%20DE%20TRABAJO%20JUAN%20CARLOS%20RIVERA%20-%20ALCALDE.pdf\" target=\"_blank\">\n\n\t\t\t\t\t\t\t\t\t\t\t\t<span class=\"elementor-icon-list-icon\">\n\t\t\t\t\t\t\t<i aria-hidden=\"true\" class=\"fas fa-check\"><\/i>\t\t\t\t\t\t<\/span>\n\t\t\t\t\t\t\t\t\t\t<span class=\"elementor-icon-list-text\">2. Plan de Gobierno del se\u00f1or Alcalde.<\/span>\n\t\t\t\t\t\t\t\t\t\t\t<\/a>\n\t\t\t\t\t\t\t\t\t<\/li>\n\t\t\t\t\t\t\t\t<li class=\"elementor-icon-list-item\">\n\t\t\t\t\t\t\t\t\t\t\t<a href=\"https:\/\/naranjal.gob.ec\/site\/wp-content\/uploads\/2024\/Rendicion%20de%20cuenta%202024\/POA_2024.pdf\" target=\"_blank\">\n\n\t\t\t\t\t\t\t\t\t\t\t\t<span class=\"elementor-icon-list-icon\">\n\t\t\t\t\t\t\t<i aria-hidden=\"true\" class=\"fas fa-check\"><\/i>\t\t\t\t\t\t<\/span>\n\t\t\t\t\t\t\t\t\t\t<span class=\"elementor-icon-list-text\">3. Plan Operativo Anual (POA) 2024.<\/span>\n\t\t\t\t\t\t\t\t\t\t\t<\/a>\n\t\t\t\t\t\t\t\t\t<\/li>\n\t\t\t\t\t\t\t\t<li class=\"elementor-icon-list-item\">\n\t\t\t\t\t\t\t\t\t\t\t<a href=\"https:\/\/naranjal.gob.ec\/site\/wp-content\/uploads\/2024\/Rendicion%20de%20cuenta%202024\/Presupuesto2024.pdf\" target=\"_blank\">\n\n\t\t\t\t\t\t\t\t\t\t\t\t<span class=\"elementor-icon-list-icon\">\n\t\t\t\t\t\t\t<i aria-hidden=\"true\" class=\"fas fa-check\"><\/i>\t\t\t\t\t\t<\/span>\n\t\t\t\t\t\t\t\t\t\t<span class=\"elementor-icon-list-text\">4. Presupuesto Institucional 2024.<\/span>\n\t\t\t\t\t\t\t\t\t\t\t<\/a>\n\t\t\t\t\t\t\t\t\t<\/li>\n\t\t\t\t\t\t<\/ul>\n\t\t\t\t<\/div>\n\t\t\t\t<\/div>\n\t\t\t\t\t<\/div>\n\t\t<\/div>\n\t\t\t\t\t<\/div>\n\t\t<\/section>\n\t\t\t\t<\/div>\n\t\t","protected":false},"excerpt":{"rendered":"<p>RENDICI\u00d3N DE CUENTAS 2024 \u201cLa rendici\u00f3n de cuentas es un proceso de di\u00e1logo e intermediaci\u00f3n entre autoridades y ciudadania para informar y poner en su consideraci\u00f3n las acciones, proyectos y resultados de la gesti\u00f3n p\u00fablica.\u201d 1. Plan de Desarrollo y Ordenamiento Territorial (PDOT) actualizado. 2. Plan de Gobierno del se\u00f1or Alcalde. 3. Plan Operativo Anual [&hellip;]<\/p>\n","protected":false},"author":1,"featured_media":0,"parent":0,"menu_order":0,"comment_status":"closed","ping_status":"closed","template":"","meta":{"_eb_attr":"","_uag_custom_page_level_css":"","_joinchat":[],"footnotes":""},"class_list":["post-29369","page","type-page","status-publish","hentry"],"uagb_featured_image_src":{"full":false,"thumbnail":false,"medium":false,"medium_large":false,"large":false,"1536x1536":false,"2048x2048":false,"htmega_size_585x295":false,"htmega_size_1170x536":false,"htmega_size_396x360":false,"widget":false,"square":false,"featured":false,"featured_large":false,"extra_large":false,"portfolio":false,"portfolio_small":false,"gallery":false,"magazine":false,"masonry":false,"entry_with_sidebar":false,"entry_without_sidebar":false},"uagb_author_info":{"display_name":"naranjal","author_link":"https:\/\/naranjal.gob.ec\/site\/author\/naranjal\/"},"uagb_comment_info":0,"uagb_excerpt":"RENDICI\u00d3N DE CUENTAS 2024 \u201cLa rendici\u00f3n de cuentas es un proceso de di\u00e1logo e intermediaci\u00f3n entre autoridades y ciudadania para informar y poner en su consideraci\u00f3n las acciones, proyectos y resultados de la gesti\u00f3n p\u00fablica.\u201d 1. Plan de Desarrollo y Ordenamiento Territorial (PDOT) actualizado. 2. Plan de Gobierno del se\u00f1or Alcalde. 3. Plan Operativo Anual&hellip;","_links":{"self":[{"href":"https:\/\/naranjal.gob.ec\/site\/wp-json\/wp\/v2\/pages\/29369","targetHints":{"allow":["GET"]}}],"collection":[{"href":"https:\/\/naranjal.gob.ec\/site\/wp-json\/wp\/v2\/pages"}],"about":[{"href":"https:\/\/naranjal.gob.ec\/site\/wp-json\/wp\/v2\/types\/page"}],"author":[{"embeddable":true,"href":"https:\/\/naranjal.gob.ec\/site\/wp-json\/wp\/v2\/users\/1"}],"replies":[{"embeddable":true,"href":"https:\/\/naranjal.gob.ec\/site\/wp-json\/wp\/v2\/comments?post=29369"}],"version-history":[{"count":14,"href":"https:\/\/naranjal.gob.ec\/site\/wp-json\/wp\/v2\/pages\/29369\/revisions"}],"predecessor-version":[{"id":29571,"href":"https:\/\/naranjal.gob.ec\/site\/wp-json\/wp\/v2\/pages\/29369\/revisions\/29571"}],"wp:attachment":[{"href":"https:\/\/naranjal.gob.ec\/site\/wp-json\/wp\/v2\/media?parent=29369"}],"curies":[{"name":"wp","href":"https:\/\/api.w.org\/{rel}","templated":true}]}}