{"id":29434,"date":"2025-09-03T16:49:24","date_gmt":"2025-09-03T21:49:24","guid":{"rendered":"https:\/\/naranjal.gob.ec\/site\/?page_id=29434"},"modified":"2025-09-04T10:37:58","modified_gmt":"2025-09-04T15:37:58","slug":"horarios-de-recoleccion-de-basura","status":"publish","type":"page","link":"https:\/\/naranjal.gob.ec\/site\/horarios-de-recoleccion-de-basura\/","title":{"rendered":"horarios de recoleccion de basura"},"content":{"rendered":"\t\t<div data-elementor-type=\"wp-page\" data-elementor-id=\"29434\" class=\"elementor elementor-29434\">\n\t\t\t\t\t\t<section class=\"elementor-section elementor-top-section elementor-element elementor-element-38ee0f9 elementor-section-boxed elementor-section-height-default elementor-section-height-default\" data-id=\"38ee0f9\" data-element_type=\"section\">\n\t\t\t\t\t\t<div class=\"elementor-container elementor-column-gap-default\">\n\t\t\t\t\t<div class=\"elementor-column elementor-col-100 elementor-top-column elementor-element elementor-element-5444466\" data-id=\"5444466\" data-element_type=\"column\">\n\t\t\t<div class=\"elementor-widget-wrap elementor-element-populated\">\n\t\t\t\t\t\t<div class=\"elementor-element elementor-element-b2a7870 elementor-widget elementor-widget-heading\" data-id=\"b2a7870\" data-element_type=\"widget\" data-widget_type=\"heading.default\">\n\t\t\t\t<div class=\"elementor-widget-container\">\n\t\t\t<h2 class=\"elementor-heading-title elementor-size-default\">horarios de recolecci\u00f3n de basura<\/h2>\t\t<\/div>\n\t\t\t\t<\/div>\n\t\t\t\t\t<\/div>\n\t\t<\/div>\n\t\t\t\t\t<\/div>\n\t\t<\/section>\n\t\t\t\t<section class=\"elementor-section elementor-top-section elementor-element elementor-element-b1bb4ba elementor-section-boxed elementor-section-height-default elementor-section-height-default\" data-id=\"b1bb4ba\" data-element_type=\"section\">\n\t\t\t\t\t\t<div class=\"elementor-container elementor-column-gap-default\">\n\t\t\t\t\t<div class=\"elementor-column elementor-col-100 elementor-top-column elementor-element elementor-element-7777e4b\" data-id=\"7777e4b\" data-element_type=\"column\">\n\t\t\t<div class=\"elementor-widget-wrap elementor-element-populated\">\n\t\t\t\t\t\t<div class=\"elementor-element elementor-element-2ca288b elementor-widget elementor-widget-text-editor\" data-id=\"2ca288b\" data-element_type=\"widget\" data-widget_type=\"text-editor.default\">\n\t\t\t\t<div class=\"elementor-widget-container\">\n\t\t\t\t\t\t\t<h2 style=\"text-align: center;\">PLANIFICACI\u00d3N SEMANAL &#8211; ZONA URBANA<\/h2><h2 style=\"text-align: center;\">JORNADA DIURNA<\/h2>\t\t\t\t\t\t<\/div>\n\t\t\t\t<\/div>\n\t\t\t\t\t<\/div>\n\t\t<\/div>\n\t\t\t\t\t<\/div>\n\t\t<\/section>\n\t\t\t\t<section class=\"elementor-section elementor-top-section elementor-element elementor-element-69d3b29 elementor-section-boxed elementor-section-height-default elementor-section-height-default\" data-id=\"69d3b29\" data-element_type=\"section\">\n\t\t\t\t\t\t<div class=\"elementor-container elementor-column-gap-default\">\n\t\t\t\t\t<div class=\"elementor-column elementor-col-100 elementor-top-column elementor-element elementor-element-e280761\" data-id=\"e280761\" data-element_type=\"column\">\n\t\t\t<div class=\"elementor-widget-wrap elementor-element-populated\">\n\t\t\t\t\t\t<div class=\"elementor-element elementor-element-a86e867 elementor-widget elementor-widget-text-editor\" data-id=\"a86e867\" data-element_type=\"widget\" data-widget_type=\"text-editor.default\">\n\t\t\t\t<div class=\"elementor-widget-container\">\n\t\t\t\t\t\t\t&nbsp;\n<div style=\"width: 100%; overflow-x: auto; -webkit-overflow-scrolling: touch; border: 1px solid #ccc;\">\n<table style=\"border-collapse: collapse; min-width: 800px;\">\n<thead>\n<tr>\n<th style=\"background-color: lile; color: black;\">INSUMOS<\/th>\n<th style=\"background-color: purple; color: white;\">Lunes<\/th>\n<th style=\"background-color: purple; color: white;\">MARTES<\/th>\n<th style=\"background-color: purple; color: white;\">MI\u00c9RCOLES<\/th>\n<th style=\"background-color: purple; color: white;\">JUEVES<\/th>\n<th style=\"background-color: purple; color: white;\">VIERNES<\/th>\n<th style=\"background-color: purple; color: white;\">S\u00c1BADO<\/th>\n<th style=\"background-color: purple; color: white;\">DOMINGO<\/th>\n<\/tr>\n<\/thead>\n<tbody>\n<tr>\n<td style=\"background-color: #4b0082; color: white; vertical-align: middle; text-align: center;\">RECOLECTOR<\/td>\n<td>\n<ul>\n \t<li>CENTRO<\/li>\n \t<li>ZONA VERDE<\/li>\n<\/ul>\n<\/td>\n<td>\n<ul>\n \t<li>CENTRO<\/li>\n \t<li>CEMENTERIO<\/li>\n \t<li>PECHICHAL<\/li>\n<\/ul>\n<\/td>\n<td>\n<ul>\n \t<li>CENTRO<\/li>\n \t<li>SAN MARINO<\/li>\n<\/ul>\n<\/td>\n<td>\n<ul>\n \t<li>CENTRO<\/li>\n \t<li>\u00c1VILA DE BARBA<\/li>\n<\/ul>\n<\/td>\n<td>\n<ul>\n \t<li>CENTRO<\/li>\n \t<li>ZONA VERDE<\/li>\n \t<li>PECHICHAL<\/li>\n<\/ul>\n<\/td>\n<td>\n<ul>\n \t<li>CENTRO<\/li>\n \t<li>CEMENTERIO<\/li>\n<\/ul>\n<\/td>\n<td>\n<ul>\n \t<li>CENTRO<\/li>\n \t<li>SAN MARINO<\/li>\n<\/ul>\n<\/td>\n<\/tr>\n<tr>\n<td style=\"background-color: #4b0082; color: white; vertical-align: middle; text-align: center;\">RECOLECTOR<\/td>\n<td>\n<ul>\n \t<li>\u00c1VILA DE BARBA<\/li>\n \t<li>NUEVA CORONA<\/li>\n<\/ul>\n<\/td>\n<td>\n<ul>\n \t<li>PANASUR<\/li>\n \t<li>CARTONERA<\/li>\n<\/ul>\n<\/td>\n<td>\n<ul>\n \t<li>ZONA VERDE<\/li>\n \t<li>SAN JORGE<\/li>\n<\/ul>\n<\/td>\n<td>\n<ul>\n \t<li>CEMENTERIO<\/li>\n \t<li>NUEVA CORONA<\/li>\n<\/ul>\n<\/td>\n<td>\n<ul>\n \t<li>TAMARIZ<\/li>\n \t<li>NUEVA NARANJAL<\/li>\n<\/ul>\n<\/td>\n<td>\n<ul>\n \t<li>CARTONERA<\/li>\n \t<li>7 CASCADAS<\/li>\n \t<li>10 DE ENERO<\/li>\n<\/ul>\n<\/td>\n<td>\n<ul>\n \t<li>TORRES GERMELAS<\/li>\n \t<li>SAN JORGE<\/li>\n<\/ul>\n<\/td>\n<\/tr>\n<tr>\n<td style=\"background-color: #4b0082; color: white; vertical-align: middle; text-align: center;\">RECOLECTOR<\/td>\n<td>\n<ul>\n \t<li>TAMARIZ<\/li>\n \t<li>N &#8211; NARANJAL<\/li>\n<\/ul>\n<\/td>\n<td>\n<ul>\n \t<li>SANTA ROSA<\/li>\n \t<li>EL SALVADOR<\/li>\n \t<li>11 DE AGOSTO<\/li>\n<\/ul>\n<\/td>\n<td>\n<ul>\n \t<li>TORRES GEMELAS<\/li>\n \t<li>7 CASCADAS<\/li>\n \t<li>10 DE ENERO<\/li>\n \t<li>COM. SAN MIGUEL<\/li>\n<\/ul>\n<\/td>\n<td>\n<ul>\n \t<li>DELICIA (COMPLETA)<\/li>\n \t<li>PAUJ\u00cd<\/li>\n<\/ul>\n<\/td>\n<td>\n<ul>\n \t<li>PANASUR<\/li>\n \t<li>SANTA ROSA<\/li>\n \t<li>LA RUBIRA<\/li>\n<\/ul>\n<\/td>\n<td style=\"text-align: center; vertical-align: middle;\">X<\/td>\n<td style=\"text-align: center; vertical-align: middle;\">X<\/td>\n<\/tr>\n<tr>\n<td style=\"background-color: #4b0082; color: white; vertical-align: middle; text-align: center;\">RECOLECTOR<\/td>\n<td style=\"text-align: center; vertical-align: middle;\">X<\/td>\n<td style=\"text-align: center; vertical-align: middle;\">X<\/td>\n<td>\n<ul>\n \t<li>PUEBLOS DE SAN CARLOS<\/li>\n \t<li>TRAPICHE<\/li>\n \t<li>BUENOS AIRES<\/li>\n \t<li>SAN AGUST\u00cdN<\/li>\n<\/ul>\n<\/td>\n<td style=\"text-align: center; vertical-align: middle;\">X<\/td>\n<td style=\"text-align: center; vertical-align: middle;\">X<\/td>\n<td style=\"text-align: center; vertical-align: middle;\">X<\/td>\n<td style=\"text-align: center; vertical-align: middle;\">X<\/td>\n<\/tr>\n<\/tbody>\n<\/table>\n<\/div>\t\t\t\t\t\t<\/div>\n\t\t\t\t<\/div>\n\t\t\t\t\t<\/div>\n\t\t<\/div>\n\t\t\t\t\t<\/div>\n\t\t<\/section>\n\t\t\t\t<section class=\"elementor-section elementor-top-section elementor-element elementor-element-14b48a4 elementor-section-boxed elementor-section-height-default elementor-section-height-default\" data-id=\"14b48a4\" data-element_type=\"section\">\n\t\t\t\t\t\t<div class=\"elementor-container elementor-column-gap-default\">\n\t\t\t\t\t<div class=\"elementor-column elementor-col-100 elementor-top-column elementor-element elementor-element-426362c\" data-id=\"426362c\" data-element_type=\"column\">\n\t\t\t<div class=\"elementor-widget-wrap elementor-element-populated\">\n\t\t\t\t\t\t<div class=\"elementor-element elementor-element-ec6535a elementor-widget-divider--view-line elementor-widget elementor-widget-divider\" data-id=\"ec6535a\" data-element_type=\"widget\" data-widget_type=\"divider.default\">\n\t\t\t\t<div class=\"elementor-widget-container\">\n\t\t\t\t\t<div class=\"elementor-divider\">\n\t\t\t<span class=\"elementor-divider-separator\">\n\t\t\t\t\t\t<\/span>\n\t\t<\/div>\n\t\t\t\t<\/div>\n\t\t\t\t<\/div>\n\t\t\t\t\t<\/div>\n\t\t<\/div>\n\t\t\t\t\t<\/div>\n\t\t<\/section>\n\t\t\t\t<section class=\"elementor-section elementor-top-section elementor-element elementor-element-fb425a5 elementor-section-boxed elementor-section-height-default elementor-section-height-default\" data-id=\"fb425a5\" data-element_type=\"section\">\n\t\t\t\t\t\t<div class=\"elementor-container elementor-column-gap-default\">\n\t\t\t\t\t<div class=\"elementor-column elementor-col-100 elementor-top-column elementor-element elementor-element-3fcfcfe\" data-id=\"3fcfcfe\" data-element_type=\"column\">\n\t\t\t<div class=\"elementor-widget-wrap elementor-element-populated\">\n\t\t\t\t\t\t<div class=\"elementor-element elementor-element-517406b elementor-widget elementor-widget-heading\" data-id=\"517406b\" data-element_type=\"widget\" data-widget_type=\"heading.default\">\n\t\t\t\t<div class=\"elementor-widget-container\">\n\t\t\t<h2 class=\"elementor-heading-title elementor-size-default\">PLANIFICACI\u00d3N SEMANAL - ZONA URBANA<br>JORNADA NOCTURNA<\/h2>\t\t<\/div>\n\t\t\t\t<\/div>\n\t\t\t\t\t<\/div>\n\t\t<\/div>\n\t\t\t\t\t<\/div>\n\t\t<\/section>\n\t\t\t\t<section class=\"elementor-section elementor-top-section elementor-element elementor-element-5782b10 elementor-section-boxed elementor-section-height-default elementor-section-height-default\" data-id=\"5782b10\" data-element_type=\"section\">\n\t\t\t\t\t\t<div class=\"elementor-container elementor-column-gap-default\">\n\t\t\t\t\t<div class=\"elementor-column elementor-col-100 elementor-top-column elementor-element elementor-element-6c2d1e6\" data-id=\"6c2d1e6\" data-element_type=\"column\">\n\t\t\t<div class=\"elementor-widget-wrap elementor-element-populated\">\n\t\t\t\t\t\t<div class=\"elementor-element elementor-element-e4a035c elementor-widget elementor-widget-text-editor\" data-id=\"e4a035c\" data-element_type=\"widget\" data-widget_type=\"text-editor.default\">\n\t\t\t\t<div class=\"elementor-widget-container\">\n\t\t\t\t\t\t\t&nbsp;\n<div style=\"width: 100%; overflow-x: auto; -webkit-overflow-scrolling: touch; border: 1px solid #ccc;\">\n<table style=\"border-collapse: collapse; min-width: 800px;\">\n<thead>\n<tr>\n<th style=\"background-color: lile; color: black;\">INSUMOS<\/th>\n<th style=\"background-color: purple; color: white;\">Lunes<\/th>\n<th style=\"background-color: purple; color: white;\">MARTES<\/th>\n<th style=\"background-color: purple; color: white;\">MI\u00c9RCOLES<\/th>\n<th style=\"background-color: purple; color: white;\">JUEVES<\/th>\n<th style=\"background-color: purple; color: white;\">VIERNES<\/th>\n<th style=\"background-color: purple; color: white;\">S\u00c1BADO<\/th>\n<th style=\"background-color: purple; color: white;\">DOMINGO<\/th>\n<\/tr>\n<\/thead>\n<tbody>\n<tr>\n<td style=\"background-color: #4B0082; color: white; vertical-align: middle; text-align: center;\">RECOLECTOR<\/td>\n<td>\n<ul>\n \t<li>CENTRO<\/li>\n \t<li>CASA PARA TODOS<\/li>\n<\/ul>\n<\/td>\n<td>\n<ul>\n \t<li>CENTRO<\/li>\n \t<li>CASA PARA TODOS<\/li>\n<\/ul>\n<\/td>\n<td>\n<ul>\n \t<li>CENTRO<\/li>\n \t<li>CASA PARA TODOS<\/li>\n<\/ul>\n<\/td>\n<td>\n<ul>\n \t<li>CENTRO<\/li>\n \t<li>CASA PARA TODOS<\/li>\n<\/ul>\n<\/td>\n<td>\n<ul>\n \t<li>CENTRO<\/li>\n \t<li>CASA PARA TODOS<\/li>\n<\/ul>\n<\/td>\n<td>\n<ul>\n \t<li>CENTRO<\/li>\n \t<li>CASA PARA TODOS<\/li>\n<\/ul>\n<\/td>\n<td>\n<ul>\n \t<li>CENTRO<\/li>\n \t<li>CASA PARA TODOS<\/li>\n<\/ul>\n<\/td>\n<\/tr>\n<tr>\n<td style=\"background-color: #4B0082; color: white; vertical-align: middle; text-align: center;\">RECOLECTOR<\/td>\n<td>\n<ul>\n \t<li>BAT\u00c1N<\/li>\n<\/ul>\n<\/td>\n<td>\n<ul>\n \t<li>BAT\u00c1N<\/li>\n<\/ul>\n<\/td>\n<td>\n<ul>\n \t<li>BAT\u00c1N<\/li>\n<\/ul>\n<\/td>\n<td>\n<ul>\n \t<li>BAT\u00c1N<\/li>\n<\/ul>\n<\/td>\n<td>\n<ul>\n \t<li>BAT\u00c1N<\/li>\n<\/ul>\n<\/td>\n<td>\n<ul>\n \t<li>BAT\u00c1N<\/li>\n<\/ul>\n<\/td>\n<td>\n<ul>\n \t<li>BAT\u00c1N<\/li>\n<\/ul>\n<\/td>\n<\/tr>\n<\/tbody>\n<\/table>\n<\/div>\t\t\t\t\t\t<\/div>\n\t\t\t\t<\/div>\n\t\t\t\t\t<\/div>\n\t\t<\/div>\n\t\t\t\t\t<\/div>\n\t\t<\/section>\n\t\t\t\t<section class=\"elementor-section elementor-top-section elementor-element elementor-element-ee12145 elementor-section-boxed elementor-section-height-default elementor-section-height-default\" data-id=\"ee12145\" data-element_type=\"section\">\n\t\t\t\t\t\t<div class=\"elementor-container elementor-column-gap-default\">\n\t\t\t\t\t<div class=\"elementor-column elementor-col-100 elementor-top-column elementor-element elementor-element-8bba3b7\" data-id=\"8bba3b7\" data-element_type=\"column\">\n\t\t\t<div class=\"elementor-widget-wrap elementor-element-populated\">\n\t\t\t\t\t\t<div class=\"elementor-element elementor-element-81b342f elementor-widget-divider--view-line elementor-widget elementor-widget-divider\" data-id=\"81b342f\" data-element_type=\"widget\" data-widget_type=\"divider.default\">\n\t\t\t\t<div class=\"elementor-widget-container\">\n\t\t\t\t\t<div class=\"elementor-divider\">\n\t\t\t<span class=\"elementor-divider-separator\">\n\t\t\t\t\t\t<\/span>\n\t\t<\/div>\n\t\t\t\t<\/div>\n\t\t\t\t<\/div>\n\t\t\t\t\t<\/div>\n\t\t<\/div>\n\t\t\t\t\t<\/div>\n\t\t<\/section>\n\t\t\t\t<section class=\"elementor-section elementor-top-section elementor-element elementor-element-1610369 elementor-section-boxed elementor-section-height-default elementor-section-height-default\" data-id=\"1610369\" data-element_type=\"section\">\n\t\t\t\t\t\t<div class=\"elementor-container elementor-column-gap-default\">\n\t\t\t\t\t<div class=\"elementor-column elementor-col-100 elementor-top-column elementor-element elementor-element-2bb99a6\" data-id=\"2bb99a6\" data-element_type=\"column\">\n\t\t\t<div class=\"elementor-widget-wrap elementor-element-populated\">\n\t\t\t\t\t\t<div class=\"elementor-element elementor-element-0a636d0 elementor-widget elementor-widget-heading\" data-id=\"0a636d0\" data-element_type=\"widget\" data-widget_type=\"heading.default\">\n\t\t\t\t<div class=\"elementor-widget-container\">\n\t\t\t<h2 class=\"elementor-heading-title elementor-size-default\">PLANIFICACI\u00d3N SEMANAL - ZONA RURAL<br>JORNADA DIURNA<\/h2>\t\t<\/div>\n\t\t\t\t<\/div>\n\t\t\t\t\t<\/div>\n\t\t<\/div>\n\t\t\t\t\t<\/div>\n\t\t<\/section>\n\t\t\t\t<section class=\"elementor-section elementor-top-section elementor-element elementor-element-1a9bc7e elementor-section-boxed elementor-section-height-default elementor-section-height-default\" data-id=\"1a9bc7e\" data-element_type=\"section\">\n\t\t\t\t\t\t<div class=\"elementor-container elementor-column-gap-default\">\n\t\t\t\t\t<div class=\"elementor-column elementor-col-100 elementor-top-column elementor-element elementor-element-8df2027\" data-id=\"8df2027\" data-element_type=\"column\">\n\t\t\t<div class=\"elementor-widget-wrap elementor-element-populated\">\n\t\t\t\t\t\t<div class=\"elementor-element elementor-element-8ebb52e elementor-widget elementor-widget-text-editor\" data-id=\"8ebb52e\" data-element_type=\"widget\" data-widget_type=\"text-editor.default\">\n\t\t\t\t<div class=\"elementor-widget-container\">\n\t\t\t\t\t\t\t&nbsp;\n<div style=\"width: 100%; overflow-x: auto; -webkit-overflow-scrolling: touch; border: 1px solid #ccc;\">\n<table style=\"border-collapse: collapse; min-width: 800px;\">\n<thead>\n<tr>\n<th style=\"background-color: lile; color: black;\">INSUMOS<\/th>\n<th style=\"background-color: purple; color: white;\">Lunes<\/th>\n<th style=\"background-color: purple; color: white;\">MARTES<\/th>\n<th style=\"background-color: purple; color: white;\">MI\u00c9RCOLES<\/th>\n<th style=\"background-color: purple; color: white;\">JUEVES<\/th>\n<th style=\"background-color: purple; color: white;\">VIERNES<\/th>\n<th style=\"background-color: purple; color: white;\">S\u00c1BADO<\/th>\n<th style=\"background-color: purple; color: white;\">DOMINGO<\/th>\n<\/tr>\n<\/thead>\n<tbody>\n<tr>\n<td style=\"background-color: #4B0082; color: white; vertical-align: middle; text-align: center;\">RECOLECTOR<\/td>\n<td>\n<ul>\n \t<li>ROLDOS<\/li>\n \t<li>6 DE JULIO<\/li>\n \t<li>MERCEDES<\/li>\n \t<li>NUEVA UNI\u00d3N<\/li>\n<\/ul>\n<\/td>\n<td>\n<ul>\n \t<li>JES\u00daS MAR\u00cdA<\/li>\n<\/ul>\n<\/td>\n<td>\n<ul>\n \t<li>PUERTO INCA<\/li>\n<\/ul>\n<\/td>\n<td>\n<ul>\n \t<li>ROLDOS<\/li>\n \t<li>6 DE JULIO<\/li>\n \t<li>MERCEDES<\/li>\n \t<li>NUEVA UNI\u00d3N<\/li>\n<\/ul>\n<\/td>\n<td>\n<ul>\n \t<li>JES\u00daS MAR\u00cdA<\/li>\n<\/ul>\n<\/td>\n<td>\n<ul>\n \t<li>PUERTO INCA<\/li>\n<\/ul>\n<\/td>\n<td>\n<p style=\"text-align: center;\"><span style=\"text-decoration: underline;\"><span style=\"color: #ff0000; text-decoration: underline;\">MANTENIMIENTO VEH\u00cdCULOS<\/span><\/span><\/p>\n<\/td>\n<\/tr>\n<tr>\n<td style=\"background-color: #4B0082; color: white; vertical-align: middle; text-align: center;\">RECOLECTOR<\/td>\n<td>\n<ul>\n \t<li>TAURA KM 15<\/li>\n<\/ul>\n<\/td>\n<td>\n<ul>\n \t<li>VILLA NUEVA<\/li>\n \t<li>SAN JOS\u00c9<\/li>\n \t<li>CALI CANDO<\/li>\n \t<li>EL RECREO<\/li>\n<\/ul>\n<\/td>\n<td>\n<ul>\n \t<li>SAN CARLOS<\/li>\n<\/ul>\n<\/td>\n<td>\n<ul>\n \t<li>TAURA KM 15<\/li>\n<\/ul>\n<\/td>\n<td>\n<ul>\n \t<li>VILLA NUEVA<\/li>\n \t<li>SAN JOS\u00c9<\/li>\n \t<li>CALI CANDO<\/li>\n \t<li>EL RECREO<\/li>\n<\/ul>\n<\/td>\n<td>\n<ul>\n \t<li>SAN CARLOS<\/li>\n<\/ul>\n<\/td>\n<td>\n<p style=\"text-align: center;\"><span style=\"text-decoration: underline;\"><span style=\"color: #ff0000; text-decoration: underline;\">MANTENIMIENTO VEH\u00cdCULOS<\/span><\/span><\/p>\n<\/td>\n<\/tr>\n<\/tbody>\n<\/table>\n<\/div>\t\t\t\t\t\t<\/div>\n\t\t\t\t<\/div>\n\t\t\t\t\t<\/div>\n\t\t<\/div>\n\t\t\t\t\t<\/div>\n\t\t<\/section>\n\t\t\t\t<\/div>\n\t\t","protected":false},"excerpt":{"rendered":"<p>horarios de recolecci\u00f3n de basura PLANIFICACI\u00d3N SEMANAL &#8211; ZONA URBANA JORNADA DIURNA &nbsp; INSUMOS Lunes MARTES MI\u00c9RCOLES JUEVES VIERNES S\u00c1BADO DOMINGO RECOLECTOR CENTRO ZONA VERDE CENTRO CEMENTERIO PECHICHAL CENTRO SAN MARINO CENTRO \u00c1VILA DE BARBA CENTRO ZONA VERDE PECHICHAL CENTRO CEMENTERIO CENTRO SAN MARINO RECOLECTOR \u00c1VILA DE BARBA NUEVA CORONA PANASUR CARTONERA ZONA VERDE SAN [&hellip;]<\/p>\n","protected":false},"author":1,"featured_media":0,"parent":0,"menu_order":0,"comment_status":"closed","ping_status":"closed","template":"","meta":{"_eb_attr":"","_uag_custom_page_level_css":"","_joinchat":[],"footnotes":""},"class_list":["post-29434","page","type-page","status-publish","hentry"],"uagb_featured_image_src":{"full":false,"thumbnail":false,"medium":false,"medium_large":false,"large":false,"1536x1536":false,"2048x2048":false,"htmega_size_585x295":false,"htmega_size_1170x536":false,"htmega_size_396x360":false,"widget":false,"square":false,"featured":false,"featured_large":false,"extra_large":false,"portfolio":false,"portfolio_small":false,"gallery":false,"magazine":false,"masonry":false,"entry_with_sidebar":false,"entry_without_sidebar":false},"uagb_author_info":{"display_name":"naranjal","author_link":"https:\/\/naranjal.gob.ec\/site\/author\/naranjal\/"},"uagb_comment_info":0,"uagb_excerpt":"horarios de recolecci\u00f3n de basura PLANIFICACI\u00d3N SEMANAL &#8211; ZONA URBANA JORNADA DIURNA &nbsp; INSUMOS Lunes MARTES MI\u00c9RCOLES JUEVES VIERNES S\u00c1BADO DOMINGO RECOLECTOR CENTRO ZONA VERDE CENTRO CEMENTERIO PECHICHAL CENTRO SAN MARINO CENTRO \u00c1VILA DE BARBA CENTRO ZONA VERDE PECHICHAL CENTRO CEMENTERIO CENTRO SAN MARINO RECOLECTOR \u00c1VILA DE BARBA NUEVA CORONA PANASUR CARTONERA ZONA VERDE SAN&hellip;","_links":{"self":[{"href":"https:\/\/naranjal.gob.ec\/site\/wp-json\/wp\/v2\/pages\/29434","targetHints":{"allow":["GET"]}}],"collection":[{"href":"https:\/\/naranjal.gob.ec\/site\/wp-json\/wp\/v2\/pages"}],"about":[{"href":"https:\/\/naranjal.gob.ec\/site\/wp-json\/wp\/v2\/types\/page"}],"author":[{"embeddable":true,"href":"https:\/\/naranjal.gob.ec\/site\/wp-json\/wp\/v2\/users\/1"}],"replies":[{"embeddable":true,"href":"https:\/\/naranjal.gob.ec\/site\/wp-json\/wp\/v2\/comments?post=29434"}],"version-history":[{"count":19,"href":"https:\/\/naranjal.gob.ec\/site\/wp-json\/wp\/v2\/pages\/29434\/revisions"}],"predecessor-version":[{"id":29463,"href":"https:\/\/naranjal.gob.ec\/site\/wp-json\/wp\/v2\/pages\/29434\/revisions\/29463"}],"wp:attachment":[{"href":"https:\/\/naranjal.gob.ec\/site\/wp-json\/wp\/v2\/media?parent=29434"}],"curies":[{"name":"wp","href":"https:\/\/api.w.org\/{rel}","templated":true}]}}