{"id":29572,"date":"2026-03-06T12:44:48","date_gmt":"2026-03-06T17:44:48","guid":{"rendered":"https:\/\/naranjal.gob.ec\/site\/?page_id=29572"},"modified":"2026-03-06T12:58:15","modified_gmt":"2026-03-06T17:58:15","slug":"rendicion-de-cuentas-2025","status":"publish","type":"page","link":"https:\/\/naranjal.gob.ec\/site\/rendicion-de-cuentas-2025\/","title":{"rendered":"Rendici\u00f3n de cuentas 2025"},"content":{"rendered":"\t\t<div data-elementor-type=\"wp-page\" data-elementor-id=\"29572\" class=\"elementor elementor-29572\">\n\t\t\t\t\t\t<section class=\"elementor-section elementor-top-section elementor-element elementor-element-6f895fd elementor-section-boxed elementor-section-height-default elementor-section-height-default\" data-id=\"6f895fd\" data-element_type=\"section\" data-settings=\"{&quot;background_background&quot;:&quot;classic&quot;}\">\n\t\t\t\t\t\t\t<div class=\"elementor-background-overlay\"><\/div>\n\t\t\t\t\t\t\t<div class=\"elementor-container elementor-column-gap-no\">\n\t\t\t\t\t<div class=\"elementor-column elementor-col-100 elementor-top-column elementor-element elementor-element-2d9d82b\" data-id=\"2d9d82b\" data-element_type=\"column\">\n\t\t\t<div class=\"elementor-widget-wrap elementor-element-populated\">\n\t\t\t\t\t\t<div class=\"elementor-element elementor-element-9018fda elementor-widget elementor-widget-heading\" data-id=\"9018fda\" data-element_type=\"widget\" data-widget_type=\"heading.default\">\n\t\t\t\t<div class=\"elementor-widget-container\">\n\t\t\t<h1 class=\"elementor-heading-title elementor-size-default\">RENDICI\u00d3N DE CUENTAS 2025<\/h1>\t\t<\/div>\n\t\t\t\t<\/div>\n\t\t\t\t\t<\/div>\n\t\t<\/div>\n\t\t\t\t\t<\/div>\n\t\t<\/section>\n\t\t\t\t<section class=\"elementor-section elementor-top-section elementor-element elementor-element-0b9eb43 elementor-section-boxed elementor-section-height-default elementor-section-height-default\" data-id=\"0b9eb43\" data-element_type=\"section\">\n\t\t\t\t\t\t<div class=\"elementor-container elementor-column-gap-default\">\n\t\t\t\t\t<div class=\"elementor-column elementor-col-100 elementor-top-column elementor-element elementor-element-438eae1\" data-id=\"438eae1\" data-element_type=\"column\">\n\t\t\t<div class=\"elementor-widget-wrap elementor-element-populated\">\n\t\t\t\t\t\t<div class=\"elementor-element elementor-element-b79afae elementor-widget elementor-widget-heading\" data-id=\"b79afae\" data-element_type=\"widget\" data-widget_type=\"heading.default\">\n\t\t\t\t<div class=\"elementor-widget-container\">\n\t\t\t<h3 class=\"elementor-heading-title elementor-size-default\">\u201cLa rendici\u00f3n de cuentas es un proceso de di\u00e1logo e intermediaci\u00f3n entre autoridades y ciudadania para informar y poner en su consideraci\u00f3n las acciones, proyectos y resultados de la gesti\u00f3n p\u00fablica.\u201d<\/h3>\t\t<\/div>\n\t\t\t\t<\/div>\n\t\t\t\t\t<\/div>\n\t\t<\/div>\n\t\t\t\t\t<\/div>\n\t\t<\/section>\n\t\t\t\t<section class=\"elementor-section elementor-top-section elementor-element elementor-element-8b76f6d elementor-section-boxed elementor-section-height-default elementor-section-height-default\" data-id=\"8b76f6d\" data-element_type=\"section\">\n\t\t\t\t\t\t<div class=\"elementor-container elementor-column-gap-default\">\n\t\t\t\t\t<div class=\"elementor-column elementor-col-100 elementor-top-column elementor-element elementor-element-11a4a40\" data-id=\"11a4a40\" data-element_type=\"column\">\n\t\t\t<div class=\"elementor-widget-wrap elementor-element-populated\">\n\t\t\t\t\t\t<div class=\"elementor-element elementor-element-cdbe233 elementor-widget elementor-widget-shortcode\" data-id=\"cdbe233\" data-element_type=\"widget\" data-widget_type=\"shortcode.default\">\n\t\t\t\t<div class=\"elementor-widget-container\">\n\t\t\t\t\t<div class=\"elementor-shortcode\"><button id=\"listenButton1\" class=\"responsivevoice-button\" type=\"button\" value=\"Play\" title=\"ResponsiveVoice Tap to Start\/Stop Speech\"><span>&#128266; Escuchar la entrada<\/span><\/button>\n        <script>\n            listenButton1.onclick = function(){\n                if(responsiveVoice.isPlaying()){\n                    responsiveVoice.cancel();\n                }else{\n                    responsiveVoice.speak(\"RENDICI\u00d3N DE CUENTAS 2025 \u201cLa rendici\u00f3n de cuentas es un proceso de di\u00e1logo e intermediaci\u00f3n entre autoridades y ciudadania para informar y poner en su consideraci\u00f3n las acciones, proyectos y resultados de la gesti\u00f3n p\u00fablica.\u201d \ud83d\udcc4 1. PDOT (PLAN DE DESARROLLO Y ORDENAMIENTO TERRITORIAL) NARANJAL \ud83d\udcc4 2. PLAN DE TRABAJO JUAN CARLOS RIVERA - ALCALDE \ud83d\udcc4 3. PLAN OPERATIVO ANUAL (POA) 2025 \ud83d\udcc4 4. PRESUPUESTO INSTITUCIONAL 2025\", \"Spanish Latin American Male\");\n                }\n            };\n        <\/script>\n    <\/div>\n\t\t\t\t<\/div>\n\t\t\t\t<\/div>\n\t\t\t\t\t<\/div>\n\t\t<\/div>\n\t\t\t\t\t<\/div>\n\t\t<\/section>\n\t\t\t\t<section class=\"elementor-section elementor-top-section elementor-element elementor-element-b32c079 elementor-section-boxed elementor-section-height-default elementor-section-height-default\" data-id=\"b32c079\" data-element_type=\"section\">\n\t\t\t\t\t\t<div class=\"elementor-container elementor-column-gap-default\">\n\t\t\t\t\t<div class=\"elementor-column elementor-col-100 elementor-top-column elementor-element elementor-element-238d148\" data-id=\"238d148\" data-element_type=\"column\">\n\t\t\t<div class=\"elementor-widget-wrap elementor-element-populated\">\n\t\t\t\t\t\t<div class=\"elementor-element elementor-element-71391f1 elementor-widget elementor-widget-text-editor\" data-id=\"71391f1\" data-element_type=\"widget\" data-widget_type=\"text-editor.default\">\n\t\t\t\t<div class=\"elementor-widget-container\">\n\t\t\t\t\t\t\t<style>\n    \/* Contenedor principal alineado a la izquierda *\/\n    .lista-descargas-directa {\n        font-family: inherit;\n        width: 100%;\n        max-width: 800px;\n        display: flex;\n        flex-direction: column;\n        gap: 12px; \/* Espacio entre cada caja negra *\/\n        margin: 0; \n    }\n\n    \/* Dise\u00f1o de cada enlace (Caja Negra) *\/\n    .lista-descargas-directa .enlace-documento {\n        display: flex;\n        align-items: center;\n        padding: 15px 20px;\n        background-color: #B761CE; \/* Fondo negro *\/\n        color: #ffffff; \/* Texto blanco *\/\n        text-decoration: none;\n        font-size: 16px;\n        font-weight: bold;\n        border-radius: 4px;\n        transition: background-color 0.3s;\n    }\n\n    \/* Efecto al pasar el mouse por encima *\/\n    .lista-descargas-directa .enlace-documento:hover {\n        background-color: #222222; \/* Gris oscuro para notar la interacci\u00f3n *\/\n    }\n\n    \/* \u00cdcono del archivo *\/\n    .lista-descargas-directa .icono-archivo {\n        font-size: 22px;\n        margin-right: 15px;\n    }\n<\/style>\n\n<div class=\"lista-descargas-directa\">\n\n    <a href=\"https:\/\/naranjal.gob.ec\/site\/wp-content\/uploads\/2025\/Rendici%C3%B3n%20%20de%20cuentas%202025\/1.%20PDOT%20%28PLAN%20DE%20DESARROLLO%20Y%20ORDENAMIENTO%20TERRITORIAL%29%20NARANJAL.pdf\" target=_blank class=\"enlace-documento\">\n        <span class=\"icono-archivo\">\ud83d\udcc4<\/span> 1. PDOT (PLAN DE DESARROLLO Y ORDENAMIENTO TERRITORIAL) NARANJAL\n    <\/a>\n\n    <a href=\"https:\/\/naranjal.gob.ec\/site\/wp-content\/uploads\/2025\/Rendici%C3%B3n%20%20de%20cuentas%202025\/2.%20PLAN%20DE%20TRABAJO%20JUAN%20CARLOS%20RIVERA%20-%20ALCALDE.pdf\" target=_blank class=\"enlace-documento\">\n        <span class=\"icono-archivo\">\ud83d\udcc4<\/span> 2. PLAN DE TRABAJO JUAN CARLOS RIVERA &#8211; ALCALDE\n    <\/a>\n\n    <a href=\"https:\/\/naranjal.gob.ec\/site\/wp-content\/uploads\/2025\/Rendici%C3%B3n%20%20de%20cuentas%202025\/3.%20PLAN%20OPERATIVO%20ANUAL%20%28POA%29%202025.pdf\" target=_blank class=\"enlace-documento\">\n        <span class=\"icono-archivo\">\ud83d\udcc4<\/span> 3. PLAN OPERATIVO ANUAL (POA) 2025\n    <\/a>\n\n    <a href=\"https:\/\/naranjal.gob.ec\/site\/wp-content\/uploads\/2025\/Rendici%C3%B3n%20%20de%20cuentas%202025\/4.%20PRESUPUESTO%20INSTITUCIONAL%202025.pdf\" target=_blank class=\"enlace-documento\">\n        <span class=\"icono-archivo\">\ud83d\udcc4<\/span> 4. PRESUPUESTO INSTITUCIONAL 2025\n    <\/a>\n\n<\/div>\t\t\t\t\t\t<\/div>\n\t\t\t\t<\/div>\n\t\t\t\t\t<\/div>\n\t\t<\/div>\n\t\t\t\t\t<\/div>\n\t\t<\/section>\n\t\t\t\t<\/div>\n\t\t","protected":false},"excerpt":{"rendered":"<p>RENDICI\u00d3N DE CUENTAS 2025 \u201cLa rendici\u00f3n de cuentas es un proceso de di\u00e1logo e intermediaci\u00f3n entre autoridades y ciudadania para informar y poner en su consideraci\u00f3n las acciones, proyectos y resultados de la gesti\u00f3n p\u00fablica.\u201d \ud83d\udcc4 1. PDOT (PLAN DE DESARROLLO Y ORDENAMIENTO TERRITORIAL) NARANJAL \ud83d\udcc4 2. PLAN DE TRABAJO JUAN CARLOS RIVERA &#8211; ALCALDE [&hellip;]<\/p>\n","protected":false},"author":1,"featured_media":0,"parent":0,"menu_order":0,"comment_status":"closed","ping_status":"closed","template":"","meta":{"_eb_attr":"","_uag_custom_page_level_css":"","_joinchat":[],"footnotes":""},"class_list":["post-29572","page","type-page","status-publish","hentry"],"uagb_featured_image_src":{"full":false,"thumbnail":false,"medium":false,"medium_large":false,"large":false,"1536x1536":false,"2048x2048":false,"htmega_size_585x295":false,"htmega_size_1170x536":false,"htmega_size_396x360":false,"widget":false,"square":false,"featured":false,"featured_large":false,"extra_large":false,"portfolio":false,"portfolio_small":false,"gallery":false,"magazine":false,"masonry":false,"entry_with_sidebar":false,"entry_without_sidebar":false},"uagb_author_info":{"display_name":"naranjal","author_link":"https:\/\/naranjal.gob.ec\/site\/author\/naranjal\/"},"uagb_comment_info":0,"uagb_excerpt":"RENDICI\u00d3N DE CUENTAS 2025 \u201cLa rendici\u00f3n de cuentas es un proceso de di\u00e1logo e intermediaci\u00f3n entre autoridades y ciudadania para informar y poner en su consideraci\u00f3n las acciones, proyectos y resultados de la gesti\u00f3n p\u00fablica.\u201d \ud83d\udcc4 1. PDOT (PLAN DE DESARROLLO Y ORDENAMIENTO TERRITORIAL) NARANJAL \ud83d\udcc4 2. PLAN DE TRABAJO JUAN CARLOS RIVERA &#8211; ALCALDE&hellip;","_links":{"self":[{"href":"https:\/\/naranjal.gob.ec\/site\/wp-json\/wp\/v2\/pages\/29572","targetHints":{"allow":["GET"]}}],"collection":[{"href":"https:\/\/naranjal.gob.ec\/site\/wp-json\/wp\/v2\/pages"}],"about":[{"href":"https:\/\/naranjal.gob.ec\/site\/wp-json\/wp\/v2\/types\/page"}],"author":[{"embeddable":true,"href":"https:\/\/naranjal.gob.ec\/site\/wp-json\/wp\/v2\/users\/1"}],"replies":[{"embeddable":true,"href":"https:\/\/naranjal.gob.ec\/site\/wp-json\/wp\/v2\/comments?post=29572"}],"version-history":[{"count":13,"href":"https:\/\/naranjal.gob.ec\/site\/wp-json\/wp\/v2\/pages\/29572\/revisions"}],"predecessor-version":[{"id":29587,"href":"https:\/\/naranjal.gob.ec\/site\/wp-json\/wp\/v2\/pages\/29572\/revisions\/29587"}],"wp:attachment":[{"href":"https:\/\/naranjal.gob.ec\/site\/wp-json\/wp\/v2\/media?parent=29572"}],"curies":[{"name":"wp","href":"https:\/\/api.w.org\/{rel}","templated":true}]}}